{"id":3044,"date":"2024-11-14T17:51:32","date_gmt":"2024-11-14T22:51:32","guid":{"rendered":"https:\/\/experienciaslatam.com\/?post_type=product&#038;p=3044"},"modified":"2024-11-23T08:08:15","modified_gmt":"2024-11-23T13:08:15","slug":"vip-futebol-monumental-argentina","status":"publish","type":"product","link":"https:\/\/smartlinks-web-pdn-priceless-latam.azurewebsites.net\/pt-br\/experienciasx\/vip-futebol-monumental-argentina\/","title":{"rendered":"Assista ao aquecimento ao lado de uma lenda antes da final da CONMEBOL Libertadores 2024"},"content":{"rendered":"<p><span data-contrast=\"auto\">D\u00ea a si mesmo a chance de viver uma experi\u00eancia \u00fanica assistindo aos jogadores se aquecerem ao lado de uma lenda da Libertadores na final da CONMEBOL Libertadores 2024, no dia 30 de novembro. Voc\u00ea ser\u00e1 levado ao est\u00e1dio em um carro de luxo, onde ser\u00e1 recebido por um anfitri\u00e3o dedicado que o acompanhar\u00e1 ao n\u00edvel do campo. L\u00e1, voc\u00ea poder\u00e1 assistir ao aquecimento e tirar fotos com uma lenda da Libertadores, minutos antes do in\u00edcio da partida. Em seguida, o anfitri\u00e3o o levar\u00e1 at\u00e9 seus assentos premium, onde voc\u00ea e seu acompanhante poder\u00e3o assistir ao duelo entre Atl\u00e9tico Mineiro e Botafogo pelo t\u00edtulo, com ingressos de cortesia inclu\u00eddos nesta experi\u00eancia. Al\u00e9m disso, voc\u00ea receber\u00e1 brindes exclusivos assinados pela lenda. Exclusivo para portadores de cart\u00e3o Mastercard.<\/span><span data-ccp-props=\"{&quot;134233117&quot;:false,&quot;134233118&quot;:false,&quot;335551550&quot;:6,&quot;335551620&quot;:6,&quot;335559738&quot;:240,&quot;335559739&quot;:240}\">\u00a0<\/span><\/p>\n<p><b><span data-contrast=\"auto\">O que \u00e9 priceless?<\/span><\/b><span data-ccp-props=\"{&quot;134233117&quot;:false,&quot;134233118&quot;:false,&quot;335551550&quot;:6,&quot;335551620&quot;:6,&quot;335559738&quot;:240,&quot;335559739&quot;:240}\">\u00a0<\/span><\/p>\n<p><span data-contrast=\"auto\">Estar ao lado do campo conversando sobre futebol com uma lenda da Libertadores antes da final da CONMEBOL Libertadores 2024.<\/span><span data-ccp-props=\"{&quot;134233117&quot;:false,&quot;134233118&quot;:false,&quot;335551550&quot;:6,&quot;335551620&quot;:6,&quot;335559738&quot;:240,&quot;335559739&quot;:240}\">\u00a0<\/span><\/p>\n","protected":false},"excerpt":{"rendered":"<p>D\u00ea a si mesmo a chance de viver uma experi\u00eancia \u00fanica assistindo aos jogadores se aquecerem ao lado de uma lenda da Libertadores na final da CONMEBOL Libertadores 2024, no dia 30 de novembro. Voc\u00ea ser\u00e1 levado ao est\u00e1dio em um carro de luxo, onde ser\u00e1 recebido por um anfitri\u00e3o dedicado que o acompanhar\u00e1 ao [&hellip;]<\/p>\n","protected":false},"featured_media":3047,"template":"","meta":{"_acf_changed":false,"inline_featured_image":false},"product_brand":[],"product_cat":[48,54],"product_tag":[],"class_list":{"0":"post-3044","1":"product","2":"type-product","3":"status-publish","4":"has-post-thumbnail","6":"product_cat-experienciasx","7":"product_cat-libertadoresx","9":"first","10":"outofstock","11":"sold-individually","12":"shipping-taxable","13":"purchasable","14":"product-type-variable","15":"has-default-attributes"},"acf":[],"_links":{"self":[{"href":"https:\/\/smartlinks-web-pdn-priceless-latam.azurewebsites.net\/pt-br\/wp-json\/wp\/v2\/product\/3044","targetHints":{"allow":["GET"]}}],"collection":[{"href":"https:\/\/smartlinks-web-pdn-priceless-latam.azurewebsites.net\/pt-br\/wp-json\/wp\/v2\/product"}],"about":[{"href":"https:\/\/smartlinks-web-pdn-priceless-latam.azurewebsites.net\/pt-br\/wp-json\/wp\/v2\/types\/product"}],"wp:featuredmedia":[{"embeddable":true,"href":"https:\/\/smartlinks-web-pdn-priceless-latam.azurewebsites.net\/pt-br\/wp-json\/wp\/v2\/media\/3047"}],"wp:attachment":[{"href":"https:\/\/smartlinks-web-pdn-priceless-latam.azurewebsites.net\/pt-br\/wp-json\/wp\/v2\/media?parent=3044"}],"wp:term":[{"taxonomy":"product_brand","embeddable":true,"href":"https:\/\/smartlinks-web-pdn-priceless-latam.azurewebsites.net\/pt-br\/wp-json\/wp\/v2\/product_brand?post=3044"},{"taxonomy":"product_cat","embeddable":true,"href":"https:\/\/smartlinks-web-pdn-priceless-latam.azurewebsites.net\/pt-br\/wp-json\/wp\/v2\/product_cat?post=3044"},{"taxonomy":"product_tag","embeddable":true,"href":"https:\/\/smartlinks-web-pdn-priceless-latam.azurewebsites.net\/pt-br\/wp-json\/wp\/v2\/product_tag?post=3044"}],"curies":[{"name":"wp","href":"https:\/\/api.w.org\/{rel}","templated":true}]}}