{"id":3079,"date":"2024-11-14T18:58:59","date_gmt":"2024-11-14T23:58:59","guid":{"rendered":"https:\/\/experienciaslatam.com\/?post_type=product&#038;p=3079"},"modified":"2024-11-15T19:45:30","modified_gmt":"2024-11-16T00:45:30","slug":"palermo-casa-cavia-tour-exclusivo","status":"publish","type":"product","link":"https:\/\/smartlinks-web-pdn-priceless-latam.azurewebsites.net\/pt-br\/experienciasx\/palermo-casa-cavia-tour-exclusivo\/","title":{"rendered":"Celebre a CONMEBOL Libertadores 2024 com o Tour pela Cidade Norte de Buenos Aires"},"content":{"rendered":"<p><span data-contrast=\"auto\">Aprofunde sua aprecia\u00e7\u00e3o pela cidade anfitri\u00e3 da final da CONMEBOL Libertadores 2024 com o Tour pela Cidade Norte de Buenos Aires no dia 29 de novembro de 2024. Voc\u00ea e um acompanhante come\u00e7ar\u00e3o a experi\u00eancia no Museu CONMEBOL, onde participar\u00e3o de atividades especiais antes da abertura ao p\u00fablico. Em seguida, visitar\u00e3o pontos ic\u00f4nicos como o Paseo El Rosedal, o exclusivo bairro Palermo Chico e a famosa zona das embaixadas. O tour terminar\u00e1 com um almo\u00e7o gourmet no Casa Cavia, um restaurante de luxo localizado em uma mans\u00e3o elegante. Al\u00e9m disso, voc\u00eas receber\u00e3o presentes exclusivos da CONMEBOL para levar para casa. Exclusivo para portadores de cart\u00f5es Mastercard.<\/span><span data-ccp-props=\"{&quot;134233117&quot;:false,&quot;134233118&quot;:false,&quot;335551550&quot;:6,&quot;335551620&quot;:6,&quot;335559738&quot;:240,&quot;335559739&quot;:240}\">\u00a0<\/span><\/p>\n<p><b><span data-contrast=\"auto\">O que \u00e9 priceless?<\/span><\/b><span data-ccp-props=\"{&quot;134233117&quot;:false,&quot;134233118&quot;:false,&quot;335551550&quot;:6,&quot;335551620&quot;:6,&quot;335559738&quot;:240,&quot;335559739&quot;:240}\">\u00a0<\/span><\/p>\n<p><span data-contrast=\"auto\">Aumentar seu prazer com a Libertadores em uma aventura futebol\u00edstica por Buenos Aires ao lado de outro f\u00e3.<\/span><span data-ccp-props=\"{&quot;134233117&quot;:false,&quot;134233118&quot;:false,&quot;335551550&quot;:6,&quot;335551620&quot;:6,&quot;335559738&quot;:240,&quot;335559739&quot;:240}\">\u00a0<\/span><\/p>\n","protected":false},"excerpt":{"rendered":"<p>Aprofunde sua aprecia\u00e7\u00e3o pela cidade anfitri\u00e3 da final da CONMEBOL Libertadores 2024 com o Tour pela Cidade Norte de Buenos Aires no dia 29 de novembro de 2024. Voc\u00ea e um acompanhante come\u00e7ar\u00e3o a experi\u00eancia no Museu CONMEBOL, onde participar\u00e3o de atividades especiais antes da abertura ao p\u00fablico. Em seguida, visitar\u00e3o pontos ic\u00f4nicos como o [&hellip;]<\/p>\n","protected":false},"featured_media":3082,"template":"","meta":{"_acf_changed":false,"inline_featured_image":false},"product_brand":[],"product_cat":[48,54],"product_tag":[],"class_list":{"0":"post-3079","1":"product","2":"type-product","3":"status-publish","4":"has-post-thumbnail","6":"product_cat-experienciasx","7":"product_cat-libertadoresx","9":"first","10":"instock","11":"sold-individually","12":"shipping-taxable","13":"purchasable","14":"product-type-variable"},"acf":[],"_links":{"self":[{"href":"https:\/\/smartlinks-web-pdn-priceless-latam.azurewebsites.net\/pt-br\/wp-json\/wp\/v2\/product\/3079","targetHints":{"allow":["GET"]}}],"collection":[{"href":"https:\/\/smartlinks-web-pdn-priceless-latam.azurewebsites.net\/pt-br\/wp-json\/wp\/v2\/product"}],"about":[{"href":"https:\/\/smartlinks-web-pdn-priceless-latam.azurewebsites.net\/pt-br\/wp-json\/wp\/v2\/types\/product"}],"wp:featuredmedia":[{"embeddable":true,"href":"https:\/\/smartlinks-web-pdn-priceless-latam.azurewebsites.net\/pt-br\/wp-json\/wp\/v2\/media\/3082"}],"wp:attachment":[{"href":"https:\/\/smartlinks-web-pdn-priceless-latam.azurewebsites.net\/pt-br\/wp-json\/wp\/v2\/media?parent=3079"}],"wp:term":[{"taxonomy":"product_brand","embeddable":true,"href":"https:\/\/smartlinks-web-pdn-priceless-latam.azurewebsites.net\/pt-br\/wp-json\/wp\/v2\/product_brand?post=3079"},{"taxonomy":"product_cat","embeddable":true,"href":"https:\/\/smartlinks-web-pdn-priceless-latam.azurewebsites.net\/pt-br\/wp-json\/wp\/v2\/product_cat?post=3079"},{"taxonomy":"product_tag","embeddable":true,"href":"https:\/\/smartlinks-web-pdn-priceless-latam.azurewebsites.net\/pt-br\/wp-json\/wp\/v2\/product_tag?post=3079"}],"curies":[{"name":"wp","href":"https:\/\/api.w.org\/{rel}","templated":true}]}}