{"id":3120,"date":"2024-11-14T19:34:12","date_gmt":"2024-11-15T00:34:12","guid":{"rendered":"https:\/\/experienciaslatam.com\/?post_type=product&#038;p=3120"},"modified":"2024-11-15T19:55:00","modified_gmt":"2024-11-16T00:55:00","slug":"tour-privado-de-luxo-em-buenos-aires","status":"publish","type":"product","link":"https:\/\/smartlinks-web-pdn-priceless-latam.azurewebsites.net\/pt-br\/experienciasx\/tour-privado-de-luxo-em-buenos-aires\/","title":{"rendered":"Combine a final da CONMEBOL Libertadores 2024 com um tour a p\u00e9 por Buenos Aires"},"content":{"rendered":"<p><span data-contrast=\"auto\">Durante sua visita a Buenos Aires para a final da CONMEBOL Libertadores 2024, explore a cidade a p\u00e9 em um tour privado pelos edif\u00edcios hist\u00f3ricos mais emblem\u00e1ticos no dia [data a confirmar] de novembro. Seu guia especializado compartilhar\u00e1 hist\u00f3rias fascinantes enquanto voc\u00ea conhece o Teatro Col\u00f3n, uma joia do mundo da \u00f3pera; a majestosa Casa Rosada; e o ic\u00f4nico Obelisco, que comemora a funda\u00e7\u00e3o da cidade. Voc\u00ea tamb\u00e9m receber\u00e1 um presente exclusivo da CONMEBOL para levar para casa. Exclusivo para portadores de cart\u00f5es Mastercard.<\/span><span data-ccp-props=\"{&quot;134233117&quot;:false,&quot;134233118&quot;:false,&quot;335559738&quot;:240,&quot;335559739&quot;:240}\">\u00a0<\/span><\/p>\n<p><b><span data-contrast=\"auto\">O que \u00e9 priceless?<\/span><\/b><span data-ccp-props=\"{&quot;134233117&quot;:false,&quot;134233118&quot;:false,&quot;335559738&quot;:240,&quot;335559739&quot;:240}\">\u00a0<\/span><\/p>\n<p><span data-contrast=\"auto\">Contemplar o interior ornamentado de uma das maiores casas de \u00f3pera do mundo em um tour a p\u00e9 com outro amante da hist\u00f3ria.<\/span><span data-ccp-props=\"{&quot;134233117&quot;:false,&quot;134233118&quot;:false,&quot;335559738&quot;:240,&quot;335559739&quot;:240}\">\u00a0<\/span><\/p>\n","protected":false},"excerpt":{"rendered":"<p>Durante sua visita a Buenos Aires para a final da CONMEBOL Libertadores 2024, explore a cidade a p\u00e9 em um tour privado pelos edif\u00edcios hist\u00f3ricos mais emblem\u00e1ticos no dia [data a confirmar] de novembro. Seu guia especializado compartilhar\u00e1 hist\u00f3rias fascinantes enquanto voc\u00ea conhece o Teatro Col\u00f3n, uma joia do mundo da \u00f3pera; a majestosa Casa [&hellip;]<\/p>\n","protected":false},"featured_media":3132,"template":"","meta":{"_acf_changed":false,"inline_featured_image":false},"product_brand":[],"product_cat":[48,54],"product_tag":[],"class_list":{"0":"post-3120","1":"product","2":"type-product","3":"status-publish","4":"has-post-thumbnail","6":"product_cat-experienciasx","7":"product_cat-libertadoresx","9":"first","10":"instock","11":"sold-individually","12":"shipping-taxable","13":"purchasable","14":"product-type-variable","15":"has-default-attributes"},"acf":[],"_links":{"self":[{"href":"https:\/\/smartlinks-web-pdn-priceless-latam.azurewebsites.net\/pt-br\/wp-json\/wp\/v2\/product\/3120","targetHints":{"allow":["GET"]}}],"collection":[{"href":"https:\/\/smartlinks-web-pdn-priceless-latam.azurewebsites.net\/pt-br\/wp-json\/wp\/v2\/product"}],"about":[{"href":"https:\/\/smartlinks-web-pdn-priceless-latam.azurewebsites.net\/pt-br\/wp-json\/wp\/v2\/types\/product"}],"wp:featuredmedia":[{"embeddable":true,"href":"https:\/\/smartlinks-web-pdn-priceless-latam.azurewebsites.net\/pt-br\/wp-json\/wp\/v2\/media\/3132"}],"wp:attachment":[{"href":"https:\/\/smartlinks-web-pdn-priceless-latam.azurewebsites.net\/pt-br\/wp-json\/wp\/v2\/media?parent=3120"}],"wp:term":[{"taxonomy":"product_brand","embeddable":true,"href":"https:\/\/smartlinks-web-pdn-priceless-latam.azurewebsites.net\/pt-br\/wp-json\/wp\/v2\/product_brand?post=3120"},{"taxonomy":"product_cat","embeddable":true,"href":"https:\/\/smartlinks-web-pdn-priceless-latam.azurewebsites.net\/pt-br\/wp-json\/wp\/v2\/product_cat?post=3120"},{"taxonomy":"product_tag","embeddable":true,"href":"https:\/\/smartlinks-web-pdn-priceless-latam.azurewebsites.net\/pt-br\/wp-json\/wp\/v2\/product_tag?post=3120"}],"curies":[{"name":"wp","href":"https:\/\/api.w.org\/{rel}","templated":true}]}}