{"id":3637,"date":"2024-11-22T13:32:22","date_gmt":"2024-11-22T18:32:22","guid":{"rendered":"https:\/\/experienciaslatam.com\/?post_type=product&#038;p=3637"},"modified":"2025-10-02T17:17:18","modified_gmt":"2025-10-02T22:17:18","slug":"navegue-pelo-rio-da-prata-com-vinho-e-charcutaria","status":"publish","type":"product","link":"https:\/\/smartlinks-web-pdn-priceless-latam.azurewebsites.net\/pt-br\/experienciasx\/navegue-pelo-rio-da-prata-com-vinho-e-charcutaria\/","title":{"rendered":"Navegue pelo Rio da Prata com vinho e charcutaria"},"content":{"rendered":"<p><span class=\"TextRun SCXW25588308 BCX0\" lang=\"ES-ES\" xml:lang=\"ES-ES\" data-contrast=\"auto\"><span class=\"NormalTextRun SCXW25588308 BCX0\">Suba a bordo de <\/span><span class=\"NormalTextRun SpellingErrorV2Themed SCXW25588308 BCX0\">um<\/span> <span class=\"NormalTextRun SpellingErrorV2Themed SCXW25588308 BCX0\">veleiro<\/span><span class=\"NormalTextRun SCXW25588308 BCX0\"> privado <\/span><span class=\"NormalTextRun SpellingErrorV2Themed SCXW25588308 BCX0\">na<\/span><span class=\"NormalTextRun SCXW25588308 BCX0\"> Marina de N\u00fa\u00f1ez, em Buenos Aires, para <\/span><span class=\"NormalTextRun SpellingErrorV2Themed SCXW25588308 BCX0\">um<\/span> <span class=\"NormalTextRun SpellingErrorV2Themed SCXW25588308 BCX0\">passeio<\/span><span class=\"NormalTextRun SCXW25588308 BCX0\"> tranquilo pelo Rio da <\/span><span class=\"NormalTextRun SpellingErrorV2Themed SCXW25588308 BCX0\">Prata<\/span><span class=\"NormalTextRun SCXW25588308 BCX0\">. Seu grupo <\/span><span class=\"NormalTextRun SpellingErrorV2Themed SCXW25588308 BCX0\">poder\u00e1<\/span> <span class=\"NormalTextRun SpellingErrorV2Themed SCXW25588308 BCX0\">relaxar<\/span><span class=\"NormalTextRun SCXW25588308 BCX0\"> no <\/span><span class=\"NormalTextRun SpellingErrorV2Themed SCXW25588308 BCX0\">conv\u00e9s<\/span><span class=\"NormalTextRun SCXW25588308 BCX0\">, conversar <\/span><span class=\"NormalTextRun ContextualSpellingAndGrammarErrorV2Themed SCXW25588308 BCX0\">e<\/span><span class=\"NormalTextRun SCXW25588308 BCX0\"> saborear <\/span><span class=\"NormalTextRun SpellingErrorV2Themed SCXW25588308 BCX0\">queijos<\/span><span class=\"NormalTextRun SCXW25588308 BCX0\"> e embutidos gourmet <\/span><span class=\"NormalTextRun SpellingErrorV2Themed SCXW25588308 BCX0\">enquanto<\/span><span class=\"NormalTextRun SCXW25588308 BCX0\"> aprecia <\/span><span class=\"NormalTextRun SpellingErrorV2Themed SCXW25588308 BCX0\">um<\/span><span class=\"NormalTextRun SCXW25588308 BCX0\"> excelente <\/span><span class=\"NormalTextRun SpellingErrorV2Themed SCXW25588308 BCX0\">vinho<\/span><span class=\"NormalTextRun SCXW25588308 BCX0\"> tinto <\/span><span class=\"NormalTextRun SpellingErrorV2Themed SCXW25588308 BCX0\">ou<\/span><span class=\"NormalTextRun SCXW25588308 BCX0\"> bebidas <\/span><span class=\"NormalTextRun SpellingErrorV2Themed SCXW25588308 BCX0\">n\u00e3o<\/span> <span class=\"NormalTextRun SpellingErrorV2Themed SCXW25588308 BCX0\">alco\u00f3licas<\/span><span class=\"NormalTextRun SCXW25588308 BCX0\"> refrescantes, <\/span><span class=\"NormalTextRun SpellingErrorV2Themed SCXW25588308 BCX0\">tudo<\/span> <span class=\"NormalTextRun SpellingErrorV2Themed SCXW25588308 BCX0\">isso<\/span> <span class=\"NormalTextRun SpellingErrorV2Themed SCXW25588308 BCX0\">enquanto<\/span><span class=\"NormalTextRun SCXW25588308 BCX0\"> admira as vistas <\/span><span class=\"NormalTextRun SpellingErrorV2Themed SCXW25588308 BCX0\">panor\u00e2micas<\/span><span class=\"NormalTextRun SCXW25588308 BCX0\">. <\/span><span class=\"NormalTextRun SpellingErrorV2Themed SCXW25588308 BCX0\">Voc\u00ea<\/span><span class=\"NormalTextRun SCXW25588308 BCX0\"> ser\u00e1 <\/span><span class=\"NormalTextRun SpellingErrorV2Themed SCXW25588308 BCX0\">acompanhado<\/span><span class=\"NormalTextRun SCXW25588308 BCX0\"> pelo <\/span><span class=\"NormalTextRun SpellingErrorV2Themed SCXW25588308 BCX0\">capit\u00e3o<\/span> <span class=\"NormalTextRun SpellingErrorV2Themed SCXW25588308 BCX0\">experiente<\/span><span class=\"NormalTextRun SCXW25588308 BCX0\"> e atencioso do barco, junto <\/span><span class=\"NormalTextRun SpellingErrorV2Themed SCXW25588308 BCX0\">com<\/span> <span class=\"NormalTextRun SpellingErrorV2Themed SCXW25588308 BCX0\">sua<\/span> <span class=\"NormalTextRun SpellingErrorV2Themed SCXW25588308 BCX0\">tripula\u00e7\u00e3o<\/span><span class=\"NormalTextRun SCXW25588308 BCX0\">, que <\/span><span class=\"NormalTextRun SpellingErrorV2Themed SCXW25588308 BCX0\">recomendam<\/span> <span class=\"NormalTextRun SpellingErrorV2Themed SCXW25588308 BCX0\">um<\/span> <span class=\"NormalTextRun SpellingErrorV2Themed SCXW25588308 BCX0\">passeio<\/span> <span class=\"NormalTextRun SpellingErrorV2Themed SCXW25588308 BCX0\">ao<\/span> <span class=\"NormalTextRun SpellingErrorV2Themed SCXW25588308 BCX0\">p\u00f4r<\/span><span class=\"NormalTextRun SCXW25588308 BCX0\"> do sol para apreciar as <\/span><span class=\"NormalTextRun SpellingErrorV2Themed SCXW25588308 BCX0\">incr\u00edveis<\/span><span class=\"NormalTextRun SCXW25588308 BCX0\"> vistas de Buenos Aires <\/span><span class=\"NormalTextRun SpellingErrorV2Themed SCXW25588308 BCX0\">ao<\/span> <span class=\"NormalTextRun SpellingErrorV2Themed SCXW25588308 BCX0\">entardecer<\/span><span class=\"NormalTextRun SCXW25588308 BCX0\">. <\/span><span class=\"NormalTextRun SpellingErrorV2Themed SCXW25588308 BCX0\">Al\u00e9m<\/span> <span class=\"NormalTextRun SpellingErrorV2Themed SCXW25588308 BCX0\">disso<\/span><span class=\"NormalTextRun SCXW25588308 BCX0\">, <\/span><span class=\"NormalTextRun SpellingErrorV2Themed SCXW25588308 BCX0\">voc\u00ea<\/span> <span class=\"NormalTextRun SpellingErrorV2Themed SCXW25588308 BCX0\">receber\u00e1<\/span> <span class=\"NormalTextRun SpellingErrorV2Themed SCXW25588308 BCX0\">uma<\/span><span class=\"NormalTextRun SCXW25588308 BCX0\"> garrafa de <\/span><span class=\"NormalTextRun SpellingErrorV2Themed SCXW25588308 BCX0\">malbec<\/span><span class=\"NormalTextRun SCXW25588308 BCX0\"> como presente. Exclusivo para portadores de <\/span><span class=\"NormalTextRun SpellingErrorV2Themed SCXW25588308 BCX0\">cart\u00f5es<\/span> <span class=\"NormalTextRun SpellingErrorV2Themed SCXW25588308 BCX0\">Mastercard<\/span><span class=\"NormalTextRun SCXW25588308 BCX0\">.<\/span><\/span><span class=\"EOP SCXW25588308 BCX0\" data-ccp-props=\"{&quot;134233117&quot;:false,&quot;134233118&quot;:false,&quot;335551550&quot;:6,&quot;335551620&quot;:6,&quot;335559738&quot;:240,&quot;335559739&quot;:240}\">\u00a0<\/span><\/p>\n","protected":false},"excerpt":{"rendered":"<p>Suba a bordo de um veleiro privado na Marina de N\u00fa\u00f1ez, em Buenos Aires, para um passeio tranquilo pelo Rio da Prata. Seu grupo poder\u00e1 relaxar no conv\u00e9s, conversar e saborear queijos e embutidos gourmet enquanto aprecia um excelente vinho tinto ou bebidas n\u00e3o alco\u00f3licas refrescantes, tudo isso enquanto admira as vistas panor\u00e2micas. Voc\u00ea ser\u00e1 [&hellip;]<\/p>\n","protected":false},"featured_media":3608,"template":"","meta":{"_acf_changed":false,"inline_featured_image":false},"product_brand":[],"product_cat":[48],"product_tag":[],"class_list":{"0":"post-3637","1":"product","2":"type-product","3":"status-publish","4":"has-post-thumbnail","6":"product_cat-experienciasx","8":"first","9":"instock","10":"virtual","11":"sold-individually","12":"purchasable","13":"product-type-booking"},"acf":[],"_links":{"self":[{"href":"https:\/\/smartlinks-web-pdn-priceless-latam.azurewebsites.net\/pt-br\/wp-json\/wp\/v2\/product\/3637","targetHints":{"allow":["GET"]}}],"collection":[{"href":"https:\/\/smartlinks-web-pdn-priceless-latam.azurewebsites.net\/pt-br\/wp-json\/wp\/v2\/product"}],"about":[{"href":"https:\/\/smartlinks-web-pdn-priceless-latam.azurewebsites.net\/pt-br\/wp-json\/wp\/v2\/types\/product"}],"wp:featuredmedia":[{"embeddable":true,"href":"https:\/\/smartlinks-web-pdn-priceless-latam.azurewebsites.net\/pt-br\/wp-json\/wp\/v2\/media\/3608"}],"wp:attachment":[{"href":"https:\/\/smartlinks-web-pdn-priceless-latam.azurewebsites.net\/pt-br\/wp-json\/wp\/v2\/media?parent=3637"}],"wp:term":[{"taxonomy":"product_brand","embeddable":true,"href":"https:\/\/smartlinks-web-pdn-priceless-latam.azurewebsites.net\/pt-br\/wp-json\/wp\/v2\/product_brand?post=3637"},{"taxonomy":"product_cat","embeddable":true,"href":"https:\/\/smartlinks-web-pdn-priceless-latam.azurewebsites.net\/pt-br\/wp-json\/wp\/v2\/product_cat?post=3637"},{"taxonomy":"product_tag","embeddable":true,"href":"https:\/\/smartlinks-web-pdn-priceless-latam.azurewebsites.net\/pt-br\/wp-json\/wp\/v2\/product_tag?post=3637"}],"curies":[{"name":"wp","href":"https:\/\/api.w.org\/{rel}","templated":true}]}}