{"id":3641,"date":"2024-11-22T16:53:34","date_gmt":"2024-11-22T21:53:34","guid":{"rendered":"https:\/\/experienciaslatam.com\/?post_type=product&#038;p=3641"},"modified":"2025-05-06T17:54:20","modified_gmt":"2025-05-06T22:54:20","slug":"conecte-se-com-artistas-enquanto-saboreia-vinho-e-charcutaria-em-seu-estudio-em-santiago","status":"publish","type":"product","link":"https:\/\/smartlinks-web-pdn-priceless-latam.azurewebsites.net\/pt-br\/experienciasx\/conecte-se-com-artistas-enquanto-saboreia-vinho-e-charcutaria-em-seu-estudio-em-santiago\/","title":{"rendered":"Conecte-se com artistas enquanto saboreia vinho e charcutaria em seu est\u00fadio em Santiago"},"content":{"rendered":"<p><span class=\"TextRun SCXW203286623 BCX0\" lang=\"EN-US\" xml:lang=\"EN-US\" data-contrast=\"auto\"><span class=\"NormalTextRun SCXW203286623 BCX0\">Socialize com <\/span><span class=\"NormalTextRun SpellingErrorV2Themed SCXW203286623 BCX0\">artistas<\/span><span class=\"NormalTextRun SCXW203286623 BCX0\"> e <\/span><span class=\"NormalTextRun SpellingErrorV2Themed SCXW203286623 BCX0\">encante<\/span><span class=\"NormalTextRun SCXW203286623 BCX0\">-se com <\/span><span class=\"NormalTextRun SpellingErrorV2Themed SCXW203286623 BCX0\">seu<\/span> <span class=\"NormalTextRun SpellingErrorV2Themed SCXW203286623 BCX0\">trabalho<\/span> <span class=\"NormalTextRun SpellingErrorV2Themed SCXW203286623 BCX0\">em<\/span> <span class=\"NormalTextRun SpellingErrorV2Themed SCXW203286623 BCX0\">seu<\/span> <span class=\"NormalTextRun SpellingErrorV2Themed SCXW203286623 BCX0\">est\u00fadio<\/span> <span class=\"NormalTextRun SpellingErrorV2Themed SCXW203286623 BCX0\">em<\/span><span class=\"NormalTextRun SCXW203286623 BCX0\"> Santiago. <\/span><span class=\"NormalTextRun SpellingErrorV2Themed SCXW203286623 BCX0\">Voc\u00ea<\/span> <span class=\"NormalTextRun SpellingErrorV2Themed SCXW203286623 BCX0\">come\u00e7ar\u00e1<\/span> <span class=\"NormalTextRun SpellingErrorV2Themed SCXW203286623 BCX0\">na<\/span> <span class=\"NormalTextRun SpellingErrorV2Themed SCXW203286623 BCX0\">galeria<\/span><span class=\"NormalTextRun SCXW203286623 BCX0\"> do Taller PAN, que <\/span><span class=\"NormalTextRun SpellingErrorV2Themed SCXW203286623 BCX0\">j\u00e1<\/span> <span class=\"NormalTextRun SpellingErrorV2Themed SCXW203286623 BCX0\">foi<\/span><span class=\"NormalTextRun SCXW203286623 BCX0\"> o <\/span><span class=\"NormalTextRun SpellingErrorV2Themed SCXW203286623 BCX0\">garagem<\/span><span class=\"NormalTextRun SCXW203286623 BCX0\"> de <\/span><span class=\"NormalTextRun SpellingErrorV2Themed SCXW203286623 BCX0\">uma<\/span> <span class=\"NormalTextRun SpellingErrorV2Themed SCXW203286623 BCX0\">padaria<\/span><span class=\"NormalTextRun SCXW203286623 BCX0\"> dos <\/span><span class=\"NormalTextRun SpellingErrorV2Themed SCXW203286623 BCX0\">anos<\/span><span class=\"NormalTextRun SCXW203286623 BCX0\"> 20. <\/span><span class=\"NormalTextRun SpellingErrorV2Themed SCXW203286623 BCX0\">Estudar\u00e1<\/span><span class=\"NormalTextRun SCXW203286623 BCX0\"> as <\/span><span class=\"NormalTextRun SpellingErrorV2Themed SCXW203286623 BCX0\">obras<\/span> <span class=\"NormalTextRun SpellingErrorV2Themed SCXW203286623 BCX0\">exibidas<\/span><span class=\"NormalTextRun SCXW203286623 BCX0\"> dos 13 <\/span><span class=\"NormalTextRun SpellingErrorV2Themed SCXW203286623 BCX0\">incr\u00edveis<\/span> <span class=\"NormalTextRun SpellingErrorV2Themed SCXW203286623 BCX0\">artistas<\/span> <span class=\"NormalTextRun SpellingErrorV2Themed SCXW203286623 BCX0\">residentes<\/span><span class=\"NormalTextRun SCXW203286623 BCX0\"> do <\/span><span class=\"NormalTextRun SpellingErrorV2Themed SCXW203286623 BCX0\">est\u00fadio<\/span><span class=\"NormalTextRun SCXW203286623 BCX0\"> e, <\/span><span class=\"NormalTextRun SpellingErrorV2Themed SCXW203286623 BCX0\">em<\/span> <span class=\"NormalTextRun SpellingErrorV2Themed SCXW203286623 BCX0\">seguida<\/span><span class=\"NormalTextRun SCXW203286623 BCX0\">, <\/span><span class=\"NormalTextRun SpellingErrorV2Themed SCXW203286623 BCX0\">seguir\u00e1<\/span><span class=\"NormalTextRun SCXW203286623 BCX0\"> para o <\/span><span class=\"NormalTextRun SpellingErrorV2Themed SCXW203286623 BCX0\">espa\u00e7o<\/span><span class=\"NormalTextRun SCXW203286623 BCX0\"> de workshop do <\/span><span class=\"NormalTextRun SpellingErrorV2Themed SCXW203286623 BCX0\">edif\u00edcio<\/span><span class=\"NormalTextRun SCXW203286623 BCX0\"> para <\/span><span class=\"NormalTextRun SpellingErrorV2Themed SCXW203286623 BCX0\">ter<\/span><span class=\"NormalTextRun SCXW203286623 BCX0\"> um <\/span><span class=\"NormalTextRun SpellingErrorV2Themed SCXW203286623 BCX0\">vislumbre<\/span><span class=\"NormalTextRun SCXW203286623 BCX0\"> das <\/span><span class=\"NormalTextRun SpellingErrorV2Themed SCXW203286623 BCX0\">obras<\/span> <span class=\"NormalTextRun SpellingErrorV2Themed SCXW203286623 BCX0\">em<\/span> <span class=\"NormalTextRun SpellingErrorV2Themed SCXW203286623 BCX0\">progresso<\/span><span class=\"NormalTextRun SCXW203286623 BCX0\">. No <\/span><span class=\"NormalTextRun SpellingErrorV2Themed SCXW203286623 BCX0\">est\u00fadio<\/span><span class=\"NormalTextRun SCXW203286623 BCX0\">, <\/span><span class=\"NormalTextRun SpellingErrorV2Themed SCXW203286623 BCX0\">voc\u00ea<\/span><span class=\"NormalTextRun SCXW203286623 BCX0\"> se <\/span><span class=\"NormalTextRun SpellingErrorV2Themed SCXW203286623 BCX0\">sentar\u00e1<\/span><span class=\"NormalTextRun SCXW203286623 BCX0\"> com <\/span><span class=\"NormalTextRun SpellingErrorV2Themed SCXW203286623 BCX0\">os<\/span> <span class=\"NormalTextRun SpellingErrorV2Themed SCXW203286623 BCX0\">pr\u00f3prios<\/span> <span class=\"NormalTextRun SpellingErrorV2Themed SCXW203286623 BCX0\">artistas<\/span><span class=\"NormalTextRun SCXW203286623 BCX0\"> para <\/span><span class=\"NormalTextRun SpellingErrorV2Themed SCXW203286623 BCX0\">discutir<\/span> <span class=\"NormalTextRun SpellingErrorV2Themed SCXW203286623 BCX0\">suas<\/span> <span class=\"NormalTextRun SpellingErrorV2Themed SCXW203286623 BCX0\">buscas<\/span> <span class=\"NormalTextRun SpellingErrorV2Themed SCXW203286623 BCX0\">criativas<\/span> <span class=\"NormalTextRun SpellingErrorV2Themed SCXW203286623 BCX0\">enquanto<\/span> <span class=\"NormalTextRun SpellingErrorV2Themed SCXW203286623 BCX0\">desfruta<\/span><span class=\"NormalTextRun SCXW203286623 BCX0\"> de vinho e <\/span><span class=\"NormalTextRun SpellingErrorV2Themed SCXW203286623 BCX0\">uma<\/span><span class=\"NormalTextRun SCXW203286623 BCX0\"> deliciosa <\/span><span class=\"NormalTextRun SpellingErrorV2Themed SCXW203286623 BCX0\">t\u00e1bua<\/span><span class=\"NormalTextRun SCXW203286623 BCX0\"> de <\/span><span class=\"NormalTextRun SpellingErrorV2Themed SCXW203286623 BCX0\">charcutaria<\/span><span class=\"NormalTextRun SCXW203286623 BCX0\"> que <\/span><span class=\"NormalTextRun SpellingErrorV2Themed SCXW203286623 BCX0\">inclui<\/span> <span class=\"NormalTextRun SpellingErrorV2Themed SCXW203286623 BCX0\">uma<\/span> <span class=\"NormalTextRun SpellingErrorV2Themed SCXW203286623 BCX0\">variedade<\/span><span class=\"NormalTextRun SCXW203286623 BCX0\"> de queijos, <\/span><span class=\"NormalTextRun SpellingErrorV2Themed SCXW203286623 BCX0\">azeitonas<\/span> <span class=\"NormalTextRun SpellingErrorV2Themed SCXW203286623 BCX0\">recheadas<\/span><span class=\"NormalTextRun SCXW203286623 BCX0\">, <\/span><span class=\"NormalTextRun SpellingErrorV2Themed SCXW203286623 BCX0\">salm\u00e3o<\/span> <span class=\"NormalTextRun SpellingErrorV2Themed SCXW203286623 BCX0\">defumado<\/span><span class=\"NormalTextRun SCXW203286623 BCX0\">, <\/span><span class=\"NormalTextRun SpellingErrorV2Themed SCXW203286623 BCX0\">embutidos<\/span><span class=\"NormalTextRun SCXW203286623 BCX0\">, <\/span><span class=\"NormalTextRun SpellingErrorV2Themed SCXW203286623 BCX0\">biscoitos<\/span><span class=\"NormalTextRun SCXW203286623 BCX0\"> e <\/span><span class=\"NormalTextRun SpellingErrorV2Themed SCXW203286623 BCX0\">frutas<\/span><span class=\"NormalTextRun SCXW203286623 BCX0\"> frescas e <\/span><span class=\"NormalTextRun SpellingErrorV2Themed SCXW203286623 BCX0\">secas<\/span><span class=\"NormalTextRun SCXW203286623 BCX0\">. <\/span><span class=\"NormalTextRun SpellingErrorV2Themed SCXW203286623 BCX0\">Exclusivamente<\/span><span class=\"NormalTextRun SCXW203286623 BCX0\"> para <\/span><span class=\"NormalTextRun SpellingErrorV2Themed SCXW203286623 BCX0\">portadores<\/span><span class=\"NormalTextRun SCXW203286623 BCX0\"> de Mastercard.<\/span><\/span><span class=\"EOP SCXW203286623 BCX0\" data-ccp-props=\"{&quot;134233117&quot;:false,&quot;134233118&quot;:false,&quot;335551550&quot;:6,&quot;335551620&quot;:6,&quot;335559738&quot;:240,&quot;335559739&quot;:240}\">\u00a0<\/span><\/p>\n","protected":false},"excerpt":{"rendered":"<p>Socialize com artistas e encante-se com seu trabalho em seu est\u00fadio em Santiago. Voc\u00ea come\u00e7ar\u00e1 na galeria do Taller PAN, que j\u00e1 foi o garagem de uma padaria dos anos 20. Estudar\u00e1 as obras exibidas dos 13 incr\u00edveis artistas residentes do est\u00fadio e, em seguida, seguir\u00e1 para o espa\u00e7o de workshop do edif\u00edcio para ter [&hellip;]<\/p>\n","protected":false},"featured_media":3647,"template":"","meta":{"_acf_changed":false,"inline_featured_image":false},"product_brand":[],"product_cat":[48],"product_tag":[],"class_list":{"0":"post-3641","1":"product","2":"type-product","3":"status-publish","4":"has-post-thumbnail","6":"product_cat-experienciasx","8":"first","9":"instock","10":"sold-individually","11":"shipping-taxable","12":"purchasable","13":"product-type-booking"},"acf":[],"_links":{"self":[{"href":"https:\/\/smartlinks-web-pdn-priceless-latam.azurewebsites.net\/pt-br\/wp-json\/wp\/v2\/product\/3641","targetHints":{"allow":["GET"]}}],"collection":[{"href":"https:\/\/smartlinks-web-pdn-priceless-latam.azurewebsites.net\/pt-br\/wp-json\/wp\/v2\/product"}],"about":[{"href":"https:\/\/smartlinks-web-pdn-priceless-latam.azurewebsites.net\/pt-br\/wp-json\/wp\/v2\/types\/product"}],"wp:featuredmedia":[{"embeddable":true,"href":"https:\/\/smartlinks-web-pdn-priceless-latam.azurewebsites.net\/pt-br\/wp-json\/wp\/v2\/media\/3647"}],"wp:attachment":[{"href":"https:\/\/smartlinks-web-pdn-priceless-latam.azurewebsites.net\/pt-br\/wp-json\/wp\/v2\/media?parent=3641"}],"wp:term":[{"taxonomy":"product_brand","embeddable":true,"href":"https:\/\/smartlinks-web-pdn-priceless-latam.azurewebsites.net\/pt-br\/wp-json\/wp\/v2\/product_brand?post=3641"},{"taxonomy":"product_cat","embeddable":true,"href":"https:\/\/smartlinks-web-pdn-priceless-latam.azurewebsites.net\/pt-br\/wp-json\/wp\/v2\/product_cat?post=3641"},{"taxonomy":"product_tag","embeddable":true,"href":"https:\/\/smartlinks-web-pdn-priceless-latam.azurewebsites.net\/pt-br\/wp-json\/wp\/v2\/product_tag?post=3641"}],"curies":[{"name":"wp","href":"https:\/\/api.w.org\/{rel}","templated":true}]}}