{"id":3680,"date":"2024-11-22T21:38:58","date_gmt":"2024-11-23T02:38:58","guid":{"rendered":"https:\/\/experienciaslatam.com\/?post_type=product&#038;p=3680"},"modified":"2024-11-28T09:04:18","modified_gmt":"2024-11-28T14:04:18","slug":"junte-se-a-uma-famosa-designer-de-joias-para-um-workshop-em-seu-atelie-em-bogota","status":"publish","type":"product","link":"https:\/\/smartlinks-web-pdn-priceless-latam.azurewebsites.net\/pt-br\/experienciasx\/junte-se-a-uma-famosa-designer-de-joias-para-um-workshop-em-seu-atelie-em-bogota\/","title":{"rendered":"Junte-se a uma famosa designer de joias para um workshop em seu ateli\u00ea em Bogot\u00e1."},"content":{"rendered":"<p><span class=\"TextRun SCXW76642622 BCX0\" lang=\"ES-CO\" xml:lang=\"ES-CO\" data-contrast=\"none\"><span class=\"NormalTextRun SCXW76642622 BCX0\">Explore <\/span><span class=\"NormalTextRun SpellingErrorV2Themed SCXW76642622 BCX0\">sua<\/span> <span class=\"NormalTextRun SpellingErrorV2Themed SCXW76642622 BCX0\">criatividade<\/span><span class=\"NormalTextRun SCXW76642622 BCX0\"> em <\/span><span class=\"NormalTextRun SpellingErrorV2Themed SCXW76642622 BCX0\">um<\/span><span class=\"NormalTextRun SCXW76642622 BCX0\"> workshop <\/span><span class=\"NormalTextRun SpellingErrorV2Themed SCXW76642622 BCX0\">com<\/span><span class=\"NormalTextRun SCXW76642622 BCX0\"> a aclamada <\/span><span class=\"NormalTextRun SpellingErrorV2Themed SCXW76642622 BCX0\">designer<\/span><span class=\"NormalTextRun SCXW76642622 BCX0\"> de <\/span><span class=\"NormalTextRun SpellingErrorV2Themed SCXW76642622 BCX0\">joias<\/span><span class=\"NormalTextRun SCXW76642622 BCX0\"> Paula Mendoza, <\/span><span class=\"NormalTextRun SpellingErrorV2Themed SCXW76642622 BCX0\">focad<\/span><span class=\"NormalTextRun SpellingErrorV2Themed SCXW76642622 BCX0\">a<\/span><span class=\"NormalTextRun SCXW76642622 BCX0\"> em <\/span><span class=\"NormalTextRun SpellingErrorV2Themed SCXW76642622 BCX0\">cria\u00e7\u00f5es<\/span><span class=\"NormalTextRun SCXW76642622 BCX0\"> que <\/span><span class=\"NormalTextRun SpellingErrorV2Themed SCXW76642622 BCX0\">incorporem<\/span><span class=\"NormalTextRun SCXW76642622 BCX0\"> a <\/span><span class=\"NormalTextRun SpellingErrorV2Themed SCXW76642622 BCX0\">ess\u00eancia<\/span><span class=\"NormalTextRun SCXW76642622 BCX0\"> da <\/span><span class=\"NormalTextRun SpellingErrorV2Themed SCXW76642622 BCX0\">personalidade<\/span><span class=\"NormalTextRun SCXW76642622 BCX0\">. <\/span><span class=\"NormalTextRun SpellingErrorV2Themed SCXW76642622 BCX0\">Voc\u00ea<\/span><span class=\"NormalTextRun SCXW76642622 BCX0\"> ser\u00e1 <\/span><span class=\"NormalTextRun SpellingErrorV2Themed SCXW76642622 BCX0\">recebido<\/span><span class=\"NormalTextRun SCXW76642622 BCX0\"> nos ambientes \u00edntimos do <\/span><span class=\"NormalTextRun SpellingErrorV2Themed SCXW76642622 BCX0\">ateli\u00ea<\/span><span class=\"NormalTextRun SCXW76642622 BCX0\"> de Mendoza, onde colaborar\u00e1 <\/span><span class=\"NormalTextRun SpellingErrorV2Themed SCXW76642622 BCX0\">com<\/span><span class=\"NormalTextRun SCXW76642622 BCX0\"> a artista <\/span><span class=\"NormalTextRun SpellingErrorV2Themed SCXW76642622 BCX0\">conhecida<\/span><span class=\"NormalTextRun SCXW76642622 BCX0\"> por <\/span><span class=\"NormalTextRun SpellingErrorV2Themed SCXW76642622 BCX0\">seus<\/span> <span class=\"NormalTextRun SpellingErrorV2Themed SCXW76642622 BCX0\">designs<\/span><span class=\"NormalTextRun SCXW76642622 BCX0\"> circulares que <\/span><span class=\"NormalTextRun SpellingErrorV2Themed SCXW76642622 BCX0\">representam<\/span> <span class=\"NormalTextRun SpellingErrorV2Themed SCXW76642622 BCX0\">conex\u00f5es<\/span><span class=\"NormalTextRun SCXW76642622 BCX0\">. <\/span><span class=\"NormalTextRun SpellingErrorV2Themed SCXW76642622 BCX0\">Depois<\/span><span class=\"NormalTextRun SCXW76642622 BCX0\">, <\/span><span class=\"NormalTextRun SpellingErrorV2Themed SCXW76642622 BCX0\">voc\u00ea<\/span><span class=\"NormalTextRun SCXW76642622 BCX0\"> conversar\u00e1 sobre a arte <\/span><span class=\"NormalTextRun SpellingErrorV2Themed SCXW76642622 BCX0\">com<\/span><span class=\"NormalTextRun SCXW76642622 BCX0\"> a <\/span><span class=\"NormalTextRun SpellingErrorV2Themed SCXW76642622 BCX0\">profissional<\/span> <span class=\"NormalTextRun SpellingErrorV2Themed SCXW76642622 BCX0\">enquanto<\/span><span class=\"NormalTextRun SCXW76642622 BCX0\"> desfruta de <\/span><span class=\"NormalTextRun SpellingErrorV2Themed SCXW76642622 BCX0\">uma<\/span> <span class=\"NormalTextRun SpellingErrorV2Themed SCXW76642622 BCX0\">ta\u00e7a<\/span><span class=\"NormalTextRun SCXW76642622 BCX0\"> de <\/span><span class=\"NormalTextRun SpellingErrorV2Themed SCXW76642622 BCX0\">vinho<\/span> <span class=\"NormalTextRun SpellingErrorV2Themed SCXW76642622 BCX0\">ou<\/span> <span class=\"NormalTextRun SpellingErrorV2Themed SCXW76642622 BCX0\">coquetel<\/span><span class=\"NormalTextRun SCXW76642622 BCX0\"> e <\/span><span class=\"NormalTextRun SpellingErrorV2Themed SCXW76642622 BCX0\">escolher\u00e1<\/span> <span class=\"NormalTextRun SpellingErrorV2Themed SCXW76642622 BCX0\">uma<\/span> <span class=\"NormalTextRun SpellingErrorV2Themed SCXW76642622 BCX0\">pe\u00e7a<\/span><span class=\"NormalTextRun SCXW76642622 BCX0\"> de Mendoza para <\/span><span class=\"NormalTextRun ContextualSpellingAndGrammarErrorV2Themed SCXW76642622 BCX0\">levar<\/span><span class=\"NormalTextRun SCXW76642622 BCX0\"> para casa como <\/span><span class=\"NormalTextRun SpellingErrorV2Themed SCXW76642622 BCX0\">uma<\/span> <span class=\"NormalTextRun SpellingErrorV2Themed SCXW76642622 BCX0\">lembran\u00e7a<\/span><span class=\"NormalTextRun SCXW76642622 BCX0\"> preciosa. Exclusivamente para titulares de <\/span><span class=\"NormalTextRun SpellingErrorV2Themed SCXW76642622 BCX0\">cart\u00e3o<\/span> <span class=\"NormalTextRun SpellingErrorV2Themed SCXW76642622 BCX0\">Mastercard<\/span><span class=\"NormalTextRun SCXW76642622 BCX0\">.<\/span><\/span><span class=\"EOP SCXW76642622 BCX0\" data-ccp-props=\"{&quot;335551550&quot;:6,&quot;335551620&quot;:6}\">\u00a0<\/span><\/p>\n","protected":false},"excerpt":{"rendered":"<p>Explore sua criatividade em um workshop com a aclamada designer de joias Paula Mendoza, focada em cria\u00e7\u00f5es que incorporem a ess\u00eancia da personalidade. Voc\u00ea ser\u00e1 recebido nos ambientes \u00edntimos do ateli\u00ea de Mendoza, onde colaborar\u00e1 com a artista conhecida por seus designs circulares que representam conex\u00f5es. Depois, voc\u00ea conversar\u00e1 sobre a arte com a profissional [&hellip;]<\/p>\n","protected":false},"featured_media":3682,"template":"","meta":{"_acf_changed":false,"inline_featured_image":false},"product_brand":[],"product_cat":[48],"product_tag":[],"class_list":{"0":"post-3680","1":"product","2":"type-product","3":"status-publish","4":"has-post-thumbnail","6":"product_cat-experienciasx","8":"first","9":"instock","10":"sold-individually","11":"shipping-taxable","12":"purchasable","13":"product-type-booking"},"acf":[],"_links":{"self":[{"href":"https:\/\/smartlinks-web-pdn-priceless-latam.azurewebsites.net\/pt-br\/wp-json\/wp\/v2\/product\/3680","targetHints":{"allow":["GET"]}}],"collection":[{"href":"https:\/\/smartlinks-web-pdn-priceless-latam.azurewebsites.net\/pt-br\/wp-json\/wp\/v2\/product"}],"about":[{"href":"https:\/\/smartlinks-web-pdn-priceless-latam.azurewebsites.net\/pt-br\/wp-json\/wp\/v2\/types\/product"}],"wp:featuredmedia":[{"embeddable":true,"href":"https:\/\/smartlinks-web-pdn-priceless-latam.azurewebsites.net\/pt-br\/wp-json\/wp\/v2\/media\/3682"}],"wp:attachment":[{"href":"https:\/\/smartlinks-web-pdn-priceless-latam.azurewebsites.net\/pt-br\/wp-json\/wp\/v2\/media?parent=3680"}],"wp:term":[{"taxonomy":"product_brand","embeddable":true,"href":"https:\/\/smartlinks-web-pdn-priceless-latam.azurewebsites.net\/pt-br\/wp-json\/wp\/v2\/product_brand?post=3680"},{"taxonomy":"product_cat","embeddable":true,"href":"https:\/\/smartlinks-web-pdn-priceless-latam.azurewebsites.net\/pt-br\/wp-json\/wp\/v2\/product_cat?post=3680"},{"taxonomy":"product_tag","embeddable":true,"href":"https:\/\/smartlinks-web-pdn-priceless-latam.azurewebsites.net\/pt-br\/wp-json\/wp\/v2\/product_tag?post=3680"}],"curies":[{"name":"wp","href":"https:\/\/api.w.org\/{rel}","templated":true}]}}