{"id":3715,"date":"2024-11-22T22:40:12","date_gmt":"2024-11-23T03:40:12","guid":{"rendered":"https:\/\/experienciaslatam.com\/?post_type=product&#038;p=3715"},"modified":"2024-12-02T15:45:21","modified_gmt":"2024-12-02T20:45:21","slug":"explore-as-galerias-contemporaneas-do-distrito-artistico-de-bogota-com-um-guia","status":"publish","type":"product","link":"https:\/\/smartlinks-web-pdn-priceless-latam.azurewebsites.net\/pt-br\/experienciasx\/explore-as-galerias-contemporaneas-do-distrito-artistico-de-bogota-com-um-guia\/","title":{"rendered":"Explore as galerias contempor\u00e2neas do distrito art\u00edstico de Bogot\u00e1 com um guia"},"content":{"rendered":"<p><span class=\"TextRun SCXW178202912 BCX0\" lang=\"PT-BR\" xml:lang=\"PT-BR\" data-contrast=\"auto\"><span class=\"NormalTextRun SCXW178202912 BCX0\">Explore a cena art\u00edstica <\/span><span class=\"NormalTextRun SCXW178202912 BCX0\">contempor\u00e2nea<\/span><span class=\"NormalTextRun SCXW178202912 BCX0\"> de Bogot\u00e1 <\/span><span class=\"NormalTextRun SCXW178202912 BCX0\">enquanto<\/span> <span class=\"NormalTextRun SCXW178202912 BCX0\">atravessa<\/span><span class=\"NormalTextRun SCXW178202912 BCX0\"> o vibrante <\/span><span class=\"NormalTextRun SCXW178202912 BCX0\">bairro<\/span><span class=\"NormalTextRun SCXW178202912 BCX0\"> de San Felipe durante <\/span><span class=\"NormalTextRun SCXW178202912 BCX0\">um<\/span><span class=\"NormalTextRun SCXW178202912 BCX0\"> tour guiado por <\/span><span class=\"NormalTextRun SCXW178202912 BCX0\">galerias<\/span><span class=\"NormalTextRun SCXW178202912 BCX0\">. <\/span><span class=\"NormalTextRun SCXW178202912 BCX0\">Voc\u00ea<\/span><span class=\"NormalTextRun SCXW178202912 BCX0\"> experimentar\u00e1 <\/span><span class=\"NormalTextRun SCXW178202912 BCX0\">uma<\/span><span class=\"NormalTextRun SCXW178202912 BCX0\"> ampla <\/span><span class=\"NormalTextRun SCXW178202912 BCX0\">variedade<\/span><span class=\"NormalTextRun SCXW178202912 BCX0\"> de arte, desde as <\/span><span class=\"NormalTextRun SCXW178202912 BCX0\">mostras<\/span><span class=\"NormalTextRun SCXW178202912 BCX0\"> vanguardistas da SGR e Sketch at\u00e9 as sofisticadas ofertas da IV<\/span><span class=\"NormalTextRun SCXW178202912 BCX0\"> e<\/span> <span class=\"NormalTextRun SpellingErrorV2Themed SCXW178202912 BCX0\">Espacio<\/span><span class=\"NormalTextRun SCXW178202912 BCX0\"> KB. No <\/span><span class=\"NormalTextRun SCXW178202912 BCX0\">caminho<\/span><span class=\"NormalTextRun SCXW178202912 BCX0\">, participar\u00e1 de <\/span><span class=\"NormalTextRun SCXW178202912 BCX0\">discuss\u00f5es<\/span><span class=\"NormalTextRun SCXW178202912 BCX0\"> \u00edntimas <\/span><span class=\"NormalTextRun SCXW178202912 BCX0\">com<\/span> <span class=\"NormalTextRun SCXW178202912 BCX0\">propriet\u00e1rios<\/span><span class=\"NormalTextRun SCXW178202912 BCX0\"> de <\/span><span class=\"NormalTextRun SCXW178202912 BCX0\">galerias<\/span><span class=\"NormalTextRun SCXW178202912 BCX0\">, curadores e <\/span><span class=\"NormalTextRun SCXW178202912 BCX0\">alguns<\/span><span class=\"NormalTextRun SCXW178202912 BCX0\"> dos <\/span><span class=\"NormalTextRun SCXW178202912 BCX0\">pr\u00f3prios<\/span><span class=\"NormalTextRun SCXW178202912 BCX0\"> artistas. <\/span><span class=\"NormalTextRun SCXW178202912 BCX0\">Voc\u00ea<\/span> <span class=\"NormalTextRun SCXW178202912 BCX0\">tamb\u00e9m<\/span> <span class=\"NormalTextRun SCXW178202912 BCX0\">receber\u00e1<\/span> <span class=\"NormalTextRun SCXW178202912 BCX0\">uma<\/span> <span class=\"NormalTextRun SCXW178202912 BCX0\">impress\u00e3o<\/span><span class=\"NormalTextRun SCXW178202912 BCX0\"> de arte personalizada <\/span><span class=\"NormalTextRun SCXW178202912 BCX0\">feita<\/span><span class=\"NormalTextRun SCXW178202912 BCX0\"> pelo artista colombiano Juan Uribe. Exclusivamente para titulares de <\/span><span class=\"NormalTextRun SCXW178202912 BCX0\">cart\u00f5es<\/span> <span class=\"NormalTextRun SCXW178202912 BCX0\">Mastercard<\/span><span class=\"NormalTextRun SCXW178202912 BCX0\">.<\/span><\/span><span class=\"EOP SCXW178202912 BCX0\" data-ccp-props=\"{&quot;134233117&quot;:false,&quot;134233118&quot;:false,&quot;335551550&quot;:6,&quot;335551620&quot;:6,&quot;335559685&quot;:0,&quot;335559738&quot;:240,&quot;335559739&quot;:240}\">\u00a0<\/span><\/p>\n","protected":false},"excerpt":{"rendered":"<p>Explore a cena art\u00edstica contempor\u00e2nea de Bogot\u00e1 enquanto atravessa o vibrante bairro de San Felipe durante um tour guiado por galerias. Voc\u00ea experimentar\u00e1 uma ampla variedade de arte, desde as mostras vanguardistas da SGR e Sketch at\u00e9 as sofisticadas ofertas da IV e Espacio KB. No caminho, participar\u00e1 de discuss\u00f5es \u00edntimas com propriet\u00e1rios de galerias, [&hellip;]<\/p>\n","protected":false},"featured_media":4289,"template":"","meta":{"_acf_changed":false,"inline_featured_image":false},"product_brand":[],"product_cat":[48],"product_tag":[],"class_list":{"0":"post-3715","1":"product","2":"type-product","3":"status-publish","4":"has-post-thumbnail","6":"product_cat-experienciasx","8":"first","9":"instock","10":"sold-individually","11":"shipping-taxable","12":"purchasable","13":"product-type-booking"},"acf":[],"_links":{"self":[{"href":"https:\/\/smartlinks-web-pdn-priceless-latam.azurewebsites.net\/pt-br\/wp-json\/wp\/v2\/product\/3715","targetHints":{"allow":["GET"]}}],"collection":[{"href":"https:\/\/smartlinks-web-pdn-priceless-latam.azurewebsites.net\/pt-br\/wp-json\/wp\/v2\/product"}],"about":[{"href":"https:\/\/smartlinks-web-pdn-priceless-latam.azurewebsites.net\/pt-br\/wp-json\/wp\/v2\/types\/product"}],"wp:featuredmedia":[{"embeddable":true,"href":"https:\/\/smartlinks-web-pdn-priceless-latam.azurewebsites.net\/pt-br\/wp-json\/wp\/v2\/media\/4289"}],"wp:attachment":[{"href":"https:\/\/smartlinks-web-pdn-priceless-latam.azurewebsites.net\/pt-br\/wp-json\/wp\/v2\/media?parent=3715"}],"wp:term":[{"taxonomy":"product_brand","embeddable":true,"href":"https:\/\/smartlinks-web-pdn-priceless-latam.azurewebsites.net\/pt-br\/wp-json\/wp\/v2\/product_brand?post=3715"},{"taxonomy":"product_cat","embeddable":true,"href":"https:\/\/smartlinks-web-pdn-priceless-latam.azurewebsites.net\/pt-br\/wp-json\/wp\/v2\/product_cat?post=3715"},{"taxonomy":"product_tag","embeddable":true,"href":"https:\/\/smartlinks-web-pdn-priceless-latam.azurewebsites.net\/pt-br\/wp-json\/wp\/v2\/product_tag?post=3715"}],"curies":[{"name":"wp","href":"https:\/\/api.w.org\/{rel}","templated":true}]}}