{"id":3745,"date":"2024-11-22T23:16:15","date_gmt":"2024-11-23T04:16:15","guid":{"rendered":"https:\/\/experienciaslatam.com\/?post_type=product&#038;p=3745"},"modified":"2024-11-28T09:53:54","modified_gmt":"2024-11-28T14:53:54","slug":"revitalize-se-com-yoga-matinal-em-um-dos-espacos-mais-tranquilos-de-bogota","status":"publish","type":"product","link":"https:\/\/smartlinks-web-pdn-priceless-latam.azurewebsites.net\/pt-br\/experienciasx\/revitalize-se-com-yoga-matinal-em-um-dos-espacos-mais-tranquilos-de-bogota\/","title":{"rendered":"Revitalize-se com yoga matinal em um dos espa\u00e7os mais tranquilos de Bogot\u00e1."},"content":{"rendered":"<p><span class=\"TextRun SCXW90165510 BCX0\" lang=\"ES-CO\" xml:lang=\"ES-CO\" data-contrast=\"auto\"><span class=\"NormalTextRun SpellingErrorV2Themed SCXW90165510 BCX0\">D\u00ea<\/span><span class=\"NormalTextRun SCXW90165510 BCX0\"> as boas-<\/span><span class=\"NormalTextRun SpellingErrorV2Themed SCXW90165510 BCX0\">vindas<\/span> <span class=\"NormalTextRun SpellingErrorV2Themed SCXW90165510 BCX0\">ao<\/span> <span class=\"NormalTextRun SpellingErrorV2Themed SCXW90165510 BCX0\">dia<\/span> <span class=\"NormalTextRun SpellingErrorV2Themed SCXW90165510 BCX0\">com<\/span> <span class=\"NormalTextRun SpellingErrorV2Themed SCXW90165510 BCX0\">uma<\/span> <span class=\"NormalTextRun SpellingErrorV2Themed SCXW90165510 BCX0\">sess\u00e3o<\/span><span class=\"NormalTextRun SCXW90165510 BCX0\"> privada de yoga no Taller Vivo, <\/span><span class=\"NormalTextRun SpellingErrorV2Themed SCXW90165510 BCX0\">um<\/span><span class=\"NormalTextRun SCXW90165510 BCX0\"> enclave dentro da <\/span><span class=\"NormalTextRun SpellingErrorV2Themed SCXW90165510 BCX0\">impressionante<\/span> <span class=\"NormalTextRun SpellingErrorV2Themed SCXW90165510 BCX0\">resid\u00eancia<\/span><span class=\"NormalTextRun SCXW90165510 BCX0\"> da <\/span><span class=\"NormalTextRun SpellingErrorV2Themed SCXW90165510 BCX0\">renomada<\/span> <span class=\"NormalTextRun SpellingErrorV2Themed SCXW90165510 BCX0\">colecionadora<\/span><span class=\"NormalTextRun SCXW90165510 BCX0\"> de arte <\/span><span class=\"NormalTextRun ContextualSpellingAndGrammarErrorV2Themed SCXW90165510 BCX0\">e<\/span><span class=\"NormalTextRun SCXW90165510 BCX0\"> curadora Adriana Gallego, que <\/span><span class=\"NormalTextRun SpellingErrorV2Themed SCXW90165510 BCX0\">exibe<\/span><span class=\"NormalTextRun SCXW90165510 BCX0\"> obras \u00fanicas da <\/span><span class=\"NormalTextRun SpellingErrorV2Themed SCXW90165510 BCX0\">Col\u00f4mbia<\/span><span class=\"NormalTextRun SCXW90165510 BCX0\">. Seu <\/span><span class=\"NormalTextRun SpellingErrorV2Themed SCXW90165510 BCX0\">instrutor<\/span><span class=\"NormalTextRun SCXW90165510 BCX0\"> ir\u00e1 <\/span><span class=\"NormalTextRun SpellingErrorV2Themed SCXW90165510 BCX0\">gui\u00e1<\/span><span class=\"NormalTextRun SCXW90165510 BCX0\">-lo <\/span><span class=\"NormalTextRun SpellingErrorV2Themed SCXW90165510 BCX0\">atrav\u00e9s<\/span><span class=\"NormalTextRun SCXW90165510 BCX0\"> de <\/span><span class=\"NormalTextRun SpellingErrorV2Themed SCXW90165510 BCX0\">movimentos<\/span><span class=\"NormalTextRun SCXW90165510 BCX0\"> suaves, t\u00e9cnicas de <\/span><span class=\"NormalTextRun SpellingErrorV2Themed SCXW90165510 BCX0\">respira\u00e7\u00e3o<\/span><span class=\"NormalTextRun SCXW90165510 BCX0\"> e <\/span><span class=\"NormalTextRun SpellingErrorV2Themed SCXW90165510 BCX0\">exerc\u00edcios<\/span><span class=\"NormalTextRun SCXW90165510 BCX0\"> de <\/span><span class=\"NormalTextRun SpellingErrorV2Themed SCXW90165510 BCX0\">c\u00e2nticos<\/span><span class=\"NormalTextRun SCXW90165510 BCX0\"> contra <\/span><span class=\"NormalTextRun SpellingErrorV2Themed SCXW90165510 BCX0\">um<\/span> <span class=\"NormalTextRun SpellingErrorV2Themed SCXW90165510 BCX0\">impressionante<\/span> <span class=\"NormalTextRun SpellingErrorV2Themed SCXW90165510 BCX0\">cen\u00e1rio<\/span><span class=\"NormalTextRun SCXW90165510 BCX0\"> de <\/span><span class=\"NormalTextRun SpellingErrorV2Themed SCXW90165510 BCX0\">montanhas<\/span><span class=\"NormalTextRun SCXW90165510 BCX0\">. <\/span><span class=\"NormalTextRun SpellingErrorV2Themed SCXW90165510 BCX0\">Depois<\/span><span class=\"NormalTextRun SCXW90165510 BCX0\">, <\/span><span class=\"NormalTextRun SpellingErrorV2Themed SCXW90165510 BCX0\">voc\u00ea<\/span><span class=\"NormalTextRun SCXW90165510 BCX0\"> se conectar\u00e1 <\/span><span class=\"NormalTextRun SpellingErrorV2Themed SCXW90165510 BCX0\">com<\/span> <span class=\"NormalTextRun SpellingErrorV2Themed SCXW90165510 BCX0\">criativos<\/span><span class=\"NormalTextRun SCXW90165510 BCX0\"> durante <\/span><span class=\"NormalTextRun SpellingErrorV2Themed SCXW90165510 BCX0\">um<\/span><span class=\"NormalTextRun SCXW90165510 BCX0\"> caf\u00e9 da <\/span><span class=\"NormalTextRun SpellingErrorV2Themed SCXW90165510 BCX0\">manh\u00e3<\/span><span class=\"NormalTextRun SCXW90165510 BCX0\"> nutritivo em <\/span><span class=\"NormalTextRun SpellingErrorV2Themed SCXW90165510 BCX0\">uma<\/span><span class=\"NormalTextRun SCXW90165510 BCX0\"> mesa decorada por <\/span><span class=\"NormalTextRun ContextualSpellingAndGrammarErrorV2Themed SCXW90165510 BCX0\">Gallego<\/span><span class=\"NormalTextRun SCXW90165510 BCX0\">, seguido de <\/span><span class=\"NormalTextRun SpellingErrorV2Themed SCXW90165510 BCX0\">uma<\/span> <span class=\"NormalTextRun SpellingErrorV2Themed SCXW90165510 BCX0\">explora\u00e7\u00e3o<\/span><span class=\"NormalTextRun SCXW90165510 BCX0\"> da <\/span><span class=\"NormalTextRun SpellingErrorV2Themed SCXW90165510 BCX0\">cole\u00e7\u00e3o<\/span><span class=\"NormalTextRun SCXW90165510 BCX0\"> de arte no local, estufa e <\/span><span class=\"NormalTextRun SpellingErrorV2Themed SCXW90165510 BCX0\">ateli\u00ea<\/span><span class=\"NormalTextRun SCXW90165510 BCX0\"> de Andr\u00e9s Caro. Exclusivamente para titulares de <\/span><span class=\"NormalTextRun SpellingErrorV2Themed SCXW90165510 BCX0\">cart\u00f5es<\/span> <span class=\"NormalTextRun SpellingErrorV2Themed SCXW90165510 BCX0\">Mastercard<\/span><span class=\"NormalTextRun SCXW90165510 BCX0\">.<\/span><\/span><span class=\"EOP SCXW90165510 BCX0\" data-ccp-props=\"{&quot;134233117&quot;:true,&quot;134233118&quot;:true,&quot;201341983&quot;:0,&quot;335551550&quot;:6,&quot;335551620&quot;:6,&quot;335559740&quot;:240}\">\u00a0<\/span><\/p>\n","protected":false},"excerpt":{"rendered":"<p>D\u00ea as boas-vindas ao dia com uma sess\u00e3o privada de yoga no Taller Vivo, um enclave dentro da impressionante resid\u00eancia da renomada colecionadora de arte e curadora Adriana Gallego, que exibe obras \u00fanicas da Col\u00f4mbia. Seu instrutor ir\u00e1 gui\u00e1-lo atrav\u00e9s de movimentos suaves, t\u00e9cnicas de respira\u00e7\u00e3o e exerc\u00edcios de c\u00e2nticos contra um impressionante cen\u00e1rio de [&hellip;]<\/p>\n","protected":false},"featured_media":3749,"template":"","meta":{"_acf_changed":false,"inline_featured_image":false},"product_brand":[],"product_cat":[48],"product_tag":[],"class_list":{"0":"post-3745","1":"product","2":"type-product","3":"status-publish","4":"has-post-thumbnail","6":"product_cat-experienciasx","8":"first","9":"instock","10":"sold-individually","11":"shipping-taxable","12":"purchasable","13":"product-type-booking"},"acf":[],"_links":{"self":[{"href":"https:\/\/smartlinks-web-pdn-priceless-latam.azurewebsites.net\/pt-br\/wp-json\/wp\/v2\/product\/3745","targetHints":{"allow":["GET"]}}],"collection":[{"href":"https:\/\/smartlinks-web-pdn-priceless-latam.azurewebsites.net\/pt-br\/wp-json\/wp\/v2\/product"}],"about":[{"href":"https:\/\/smartlinks-web-pdn-priceless-latam.azurewebsites.net\/pt-br\/wp-json\/wp\/v2\/types\/product"}],"wp:featuredmedia":[{"embeddable":true,"href":"https:\/\/smartlinks-web-pdn-priceless-latam.azurewebsites.net\/pt-br\/wp-json\/wp\/v2\/media\/3749"}],"wp:attachment":[{"href":"https:\/\/smartlinks-web-pdn-priceless-latam.azurewebsites.net\/pt-br\/wp-json\/wp\/v2\/media?parent=3745"}],"wp:term":[{"taxonomy":"product_brand","embeddable":true,"href":"https:\/\/smartlinks-web-pdn-priceless-latam.azurewebsites.net\/pt-br\/wp-json\/wp\/v2\/product_brand?post=3745"},{"taxonomy":"product_cat","embeddable":true,"href":"https:\/\/smartlinks-web-pdn-priceless-latam.azurewebsites.net\/pt-br\/wp-json\/wp\/v2\/product_cat?post=3745"},{"taxonomy":"product_tag","embeddable":true,"href":"https:\/\/smartlinks-web-pdn-priceless-latam.azurewebsites.net\/pt-br\/wp-json\/wp\/v2\/product_tag?post=3745"}],"curies":[{"name":"wp","href":"https:\/\/api.w.org\/{rel}","templated":true}]}}