{"id":3841,"date":"2024-11-26T14:27:57","date_gmt":"2024-11-26T19:27:57","guid":{"rendered":"https:\/\/experienciaslatam.com\/?post_type=product&#038;p=3841"},"modified":"2026-01-07T14:40:40","modified_gmt":"2026-01-07T19:40:40","slug":"descubra-a-magia-do-viche-afro-colombiano-em-uma-degustacao-em-bogota","status":"publish","type":"product","link":"https:\/\/smartlinks-web-pdn-priceless-latam.azurewebsites.net\/pt-br\/experienciasx\/descubra-a-magia-do-viche-afro-colombiano-em-uma-degustacao-em-bogota\/","title":{"rendered":"Descubra a magia do viche afro-colombiano em uma degusta\u00e7\u00e3o em Bogot\u00e1."},"content":{"rendered":"<div class=\"elementor-element elementor-element-670c54f elementor-widget elementor-widget-theme-post-content\" data-id=\"670c54f\" data-element_type=\"widget\" data-widget_type=\"theme-post-content.default\">\n<div class=\"elementor-widget-container\">\n<div class=\"elementor-element elementor-element-670c54f elementor-widget elementor-widget-theme-post-content\" data-id=\"670c54f\" data-element_type=\"widget\" data-widget_type=\"theme-post-content.default\">\n<div class=\"elementor-widget-container\">\n<div class=\"elementor-element elementor-element-670c54f elementor-widget elementor-widget-theme-post-content\" data-id=\"670c54f\" data-element_type=\"widget\" data-widget_type=\"theme-post-content.default\">\n<div class=\"elementor-widget-container\">\n<div class=\"elementor-element elementor-element-670c54f elementor-widget elementor-widget-theme-post-content\" data-id=\"670c54f\" data-element_type=\"widget\" data-widget_type=\"theme-post-content.default\">\n<div class=\"elementor-widget-container\">\n<div class=\"elementor-element elementor-element-670c54f elementor-widget elementor-widget-theme-post-content\" data-id=\"670c54f\" data-element_type=\"widget\" data-widget_type=\"theme-post-content.default\">\n<div class=\"elementor-widget-container\">\n<p><span class=\"TextRun SCXW229048224 BCX0\" lang=\"PT-BR\" xml:lang=\"PT-BR\" data-contrast=\"auto\"><span class=\"NormalTextRun SCXW229048224 BCX0\">Explore <\/span><span class=\"NormalTextRun SCXW229048224 BCX0\">os<\/span> <span class=\"NormalTextRun SCXW229048224 BCX0\">sabores<\/span> <span class=\"NormalTextRun SCXW229048224 BCX0\">\u00fanicos<\/span><span class=\"NormalTextRun SCXW229048224 BCX0\"> do <\/span><span class=\"NormalTextRun SpellingErrorV2Themed SCXW229048224 BCX0\">viche<\/span><span class=\"NormalTextRun SCXW229048224 BCX0\">, <\/span><span class=\"NormalTextRun SCXW229048224 BCX0\">uma<\/span> <span class=\"NormalTextRun SCXW229048224 BCX0\">bebida<\/span> <span class=\"NormalTextRun SCXW229048224 BCX0\">apreciada<\/span> <span class=\"NormalTextRun SCXW229048224 BCX0\">origin\u00e1ria<\/span><span class=\"NormalTextRun SCXW229048224 BCX0\"> das <\/span><span class=\"NormalTextRun SCXW229048224 BCX0\">comunidades<\/span><span class=\"NormalTextRun SCXW229048224 BCX0\"> afro-<\/span><span class=\"NormalTextRun SCXW229048224 BCX0\">colombianas<\/span><span class=\"NormalTextRun SCXW229048224 BCX0\">. Com <\/span><span class=\"NormalTextRun SCXW229048224 BCX0\">a<\/span> <span class=\"NormalTextRun SCXW229048224 BCX0\">orienta\u00e7\u00e3o<\/span> <span class=\"NormalTextRun SCXW229048224 BCX0\">especializada<\/span><span class=\"NormalTextRun SCXW229048224 BCX0\"> de <\/span><span class=\"NormalTextRun SCXW229048224 BCX0\">sua<\/span> <span class=\"NormalTextRun SCXW229048224 BCX0\">anfitri\u00e3<\/span><span class=\"NormalTextRun SCXW229048224 BCX0\">, Vanessa Jaramillo, <\/span><span class=\"NormalTextRun SCXW229048224 BCX0\">voc\u00ea<\/span> <span class=\"NormalTextRun SCXW229048224 BCX0\">vai<\/span> <span class=\"NormalTextRun SCXW229048224 BCX0\">preparar<\/span><span class=\"NormalTextRun SCXW229048224 BCX0\"> um trio de <\/span><span class=\"NormalTextRun SCXW229048224 BCX0\">deliciosos<\/span> <span class=\"NormalTextRun SCXW229048224 BCX0\">coquet\u00e9is<\/span> <span class=\"NormalTextRun SCXW229048224 BCX0\">enquanto<\/span><span class=\"NormalTextRun SCXW229048224 BCX0\"> Jaramillo <\/span><span class=\"NormalTextRun SCXW229048224 BCX0\">compartilha<\/span> <span class=\"NormalTextRun SCXW229048224 BCX0\">ideias<\/span> <span class=\"NormalTextRun SCXW229048224 BCX0\">sobre<\/span> <span class=\"NormalTextRun SCXW229048224 BCX0\">como<\/span><span class=\"NormalTextRun SCXW229048224 BCX0\"> o <\/span><span class=\"NormalTextRun SpellingErrorV2Themed SCXW229048224 BCX0\">viche<\/span> <span class=\"NormalTextRun SCXW229048224 BCX0\">moldou<\/span><span class=\"NormalTextRun SCXW229048224 BCX0\"> o <\/span><span class=\"NormalTextRun SCXW229048224 BCX0\">pa\u00eds<\/span> <span class=\"NormalTextRun SCXW229048224 BCX0\">ao<\/span> <span class=\"NormalTextRun SCXW229048224 BCX0\">longo<\/span><span class=\"NormalTextRun SCXW229048224 BCX0\"> dos <\/span><span class=\"NormalTextRun SCXW229048224 BCX0\">anos<\/span><span class=\"NormalTextRun SCXW229048224 BCX0\">. <\/span><span class=\"NormalTextRun SCXW229048224 BCX0\">Al\u00e9m<\/span> <span class=\"NormalTextRun SCXW229048224 BCX0\">disso<\/span><span class=\"NormalTextRun SCXW229048224 BCX0\">, <\/span><span class=\"NormalTextRun SCXW229048224 BCX0\">voc\u00ea<\/span> <span class=\"NormalTextRun SCXW229048224 BCX0\">vai<\/span> <span class=\"NormalTextRun SCXW229048224 BCX0\">harmonizar<\/span> <span class=\"NormalTextRun SCXW229048224 BCX0\">suas<\/span> <span class=\"NormalTextRun SCXW229048224 BCX0\">cria\u00e7\u00f5es<\/span><span class=\"NormalTextRun SCXW229048224 BCX0\"> com <\/span><span class=\"NormalTextRun SCXW229048224 BCX0\">del\u00edcias<\/span><span class=\"NormalTextRun SCXW229048224 BCX0\"> do mar <\/span><span class=\"NormalTextRun SpellingErrorV2Themed SCXW229048224 BCX0\">exquisitas<\/span><span class=\"NormalTextRun SCXW229048224 BCX0\"> para <\/span><span class=\"NormalTextRun SCXW229048224 BCX0\">real\u00e7ar<\/span> <span class=\"NormalTextRun SCXW229048224 BCX0\">os<\/span> <span class=\"NormalTextRun SCXW229048224 BCX0\">sabores<\/span><span class=\"NormalTextRun SCXW229048224 BCX0\">; e para <\/span><span class=\"NormalTextRun SCXW229048224 BCX0\">recriar<\/span> <span class=\"NormalTextRun SCXW229048224 BCX0\">a<\/span> <span class=\"NormalTextRun SCXW229048224 BCX0\">experi\u00eancia<\/span> <span class=\"NormalTextRun SCXW229048224 BCX0\">em<\/span><span class=\"NormalTextRun SCXW229048224 BCX0\"> casa, <\/span><span class=\"NormalTextRun SCXW229048224 BCX0\">voc\u00ea<\/span> <span class=\"NormalTextRun SCXW229048224 BCX0\">receber\u00e1<\/span> <span class=\"NormalTextRun SCXW229048224 BCX0\">uma<\/span> <span class=\"NormalTextRun SCXW229048224 BCX0\">garrafa<\/span><span class=\"NormalTextRun SCXW229048224 BCX0\"> de <\/span><span class=\"NormalTextRun SpellingErrorV2Themed SCXW229048224 BCX0\">viche<\/span><span class=\"NormalTextRun SCXW229048224 BCX0\"> e <\/span><span class=\"NormalTextRun SCXW229048224 BCX0\">uma<\/span> <span class=\"NormalTextRun SCXW229048224 BCX0\">receita<\/span> <span class=\"NormalTextRun SCXW229048224 BCX0\">impressa<\/span><span class=\"NormalTextRun SCXW229048224 BCX0\"> de <\/span><span class=\"NormalTextRun SCXW229048224 BCX0\">coquetel<\/span><span class=\"NormalTextRun SCXW229048224 BCX0\">. <\/span><span class=\"NormalTextRun SCXW229048224 BCX0\">Exclusivamente<\/span><span class=\"NormalTextRun SCXW229048224 BCX0\"> para <\/span><span class=\"NormalTextRun SCXW229048224 BCX0\">titulares<\/span><span class=\"NormalTextRun SCXW229048224 BCX0\"> de <\/span><span class=\"NormalTextRun SCXW229048224 BCX0\">cart\u00f5es<\/span><span class=\"NormalTextRun SCXW229048224 BCX0\"> Mastercard.<\/span><\/span><span class=\"EOP SCXW229048224 BCX0\" data-ccp-props=\"{&quot;134233117&quot;:false,&quot;134233118&quot;:false,&quot;335551550&quot;:6,&quot;335551620&quot;:6,&quot;335559738&quot;:240,&quot;335559739&quot;:240}\">\u00a0<\/span><\/p>\n<\/div>\n<\/div>\n<\/div>\n<\/div>\n<\/div>\n<\/div>\n<\/div>\n<\/div>\n<\/div>\n<\/div>\n","protected":false},"excerpt":{"rendered":"<p>Explore os sabores \u00fanicos do viche, uma bebida apreciada origin\u00e1ria das comunidades afro-colombianas. Com a orienta\u00e7\u00e3o especializada de sua anfitri\u00e3, Vanessa Jaramillo, voc\u00ea vai preparar um trio de deliciosos coquet\u00e9is enquanto Jaramillo compartilha ideias sobre como o viche moldou o pa\u00eds ao longo dos anos. Al\u00e9m disso, voc\u00ea vai harmonizar suas cria\u00e7\u00f5es com del\u00edcias do [&hellip;]<\/p>\n","protected":false},"featured_media":3873,"template":"","meta":{"_acf_changed":false,"inline_featured_image":false},"product_brand":[],"product_cat":[48],"product_tag":[],"class_list":{"0":"post-3841","1":"product","2":"type-product","3":"status-publish","4":"has-post-thumbnail","6":"product_cat-experienciasx","8":"first","9":"instock","10":"virtual","11":"sold-individually","12":"purchasable","13":"product-type-booking"},"acf":[],"_links":{"self":[{"href":"https:\/\/smartlinks-web-pdn-priceless-latam.azurewebsites.net\/pt-br\/wp-json\/wp\/v2\/product\/3841","targetHints":{"allow":["GET"]}}],"collection":[{"href":"https:\/\/smartlinks-web-pdn-priceless-latam.azurewebsites.net\/pt-br\/wp-json\/wp\/v2\/product"}],"about":[{"href":"https:\/\/smartlinks-web-pdn-priceless-latam.azurewebsites.net\/pt-br\/wp-json\/wp\/v2\/types\/product"}],"wp:featuredmedia":[{"embeddable":true,"href":"https:\/\/smartlinks-web-pdn-priceless-latam.azurewebsites.net\/pt-br\/wp-json\/wp\/v2\/media\/3873"}],"wp:attachment":[{"href":"https:\/\/smartlinks-web-pdn-priceless-latam.azurewebsites.net\/pt-br\/wp-json\/wp\/v2\/media?parent=3841"}],"wp:term":[{"taxonomy":"product_brand","embeddable":true,"href":"https:\/\/smartlinks-web-pdn-priceless-latam.azurewebsites.net\/pt-br\/wp-json\/wp\/v2\/product_brand?post=3841"},{"taxonomy":"product_cat","embeddable":true,"href":"https:\/\/smartlinks-web-pdn-priceless-latam.azurewebsites.net\/pt-br\/wp-json\/wp\/v2\/product_cat?post=3841"},{"taxonomy":"product_tag","embeddable":true,"href":"https:\/\/smartlinks-web-pdn-priceless-latam.azurewebsites.net\/pt-br\/wp-json\/wp\/v2\/product_tag?post=3841"}],"curies":[{"name":"wp","href":"https:\/\/api.w.org\/{rel}","templated":true}]}}