{"id":4053,"date":"2024-11-27T14:12:45","date_gmt":"2024-11-27T19:12:45","guid":{"rendered":"https:\/\/experienciaslatam.com\/?post_type=product&#038;p=4053"},"modified":"2024-11-27T16:02:46","modified_gmt":"2024-11-27T21:02:46","slug":"aprofunde-seu-conhecimento-sobre-ayurveda-com-uma-aula-e-massagem-para-casais","status":"publish","type":"product","link":"https:\/\/smartlinks-web-pdn-priceless-latam.azurewebsites.net\/pt-br\/experienciasx\/aprofunde-seu-conhecimento-sobre-ayurveda-com-uma-aula-e-massagem-para-casais\/","title":{"rendered":"Aprofunde seu conhecimento sobre Ayurveda com uma aula e massagem para casais"},"content":{"rendered":"<p><span data-contrast=\"auto\">Embarque em uma jornada transformadora com uma aula imersiva sobre Ayurveda e massagem indiana projetada para casais na escola de massagem Ayursala. Depois de se acomodar com uma x\u00edcara de ch\u00e1 herbal indiano perfumado, seu instrutor especializado explicar\u00e1 os princ\u00edpios fundamentais do Ayurveda e o conceito dos tr\u00eas doshas. Em seguida, voc\u00ea receber\u00e1 um diagn\u00f3stico personalizado e explorar\u00e1 a arte da massagem ayurv\u00e9dica. A experi\u00eancia inclui transporte privado de ida e volta, e voc\u00ea ainda receber\u00e1 um presente especial de bem-estar da \u00cdndia. Exclusivo para titulares do cart\u00e3o Mastercard.<\/span><span data-ccp-props=\"{&quot;134233117&quot;:false,&quot;134233118&quot;:false,&quot;335551550&quot;:6,&quot;335551620&quot;:6,&quot;335559738&quot;:240,&quot;335559739&quot;:240}\">\u00a0<\/span><\/p>\n<p><span data-contrast=\"auto\">Mastercard, junto com Priceless Planet Coalition, busca restaurar 100 milh\u00f5es de \u00e1rvores at\u00e9 2030. Para cada experi\u00eancia que voc\u00ea comprar, a Mastercard doar\u00e1 uma \u00e1rvore atrav\u00e9s de Priceless Planet Coalition. Com sua contribui\u00e7\u00e3o, estamos promovendo a restaura\u00e7\u00e3o em 6 continentes.<\/span><span data-ccp-props=\"{&quot;134233117&quot;:false,&quot;134233118&quot;:false,&quot;335551550&quot;:6,&quot;335551620&quot;:6,&quot;335559738&quot;:240,&quot;335559739&quot;:240}\">\u00a0<\/span><\/p>\n","protected":false},"excerpt":{"rendered":"<p>Embarque em uma jornada transformadora com uma aula imersiva sobre Ayurveda e massagem indiana projetada para casais na escola de massagem Ayursala. Depois de se acomodar com uma x\u00edcara de ch\u00e1 herbal indiano perfumado, seu instrutor especializado explicar\u00e1 os princ\u00edpios fundamentais do Ayurveda e o conceito dos tr\u00eas doshas. Em seguida, voc\u00ea receber\u00e1 um diagn\u00f3stico [&hellip;]<\/p>\n","protected":false},"featured_media":4055,"template":"","meta":{"_acf_changed":false,"inline_featured_image":false},"product_brand":[],"product_cat":[48],"product_tag":[],"class_list":{"0":"post-4053","1":"product","2":"type-product","3":"status-publish","4":"has-post-thumbnail","6":"product_cat-experienciasx","8":"first","9":"instock","10":"sold-individually","11":"shipping-taxable","12":"purchasable","13":"product-type-booking"},"acf":[],"_links":{"self":[{"href":"https:\/\/smartlinks-web-pdn-priceless-latam.azurewebsites.net\/pt-br\/wp-json\/wp\/v2\/product\/4053","targetHints":{"allow":["GET"]}}],"collection":[{"href":"https:\/\/smartlinks-web-pdn-priceless-latam.azurewebsites.net\/pt-br\/wp-json\/wp\/v2\/product"}],"about":[{"href":"https:\/\/smartlinks-web-pdn-priceless-latam.azurewebsites.net\/pt-br\/wp-json\/wp\/v2\/types\/product"}],"wp:featuredmedia":[{"embeddable":true,"href":"https:\/\/smartlinks-web-pdn-priceless-latam.azurewebsites.net\/pt-br\/wp-json\/wp\/v2\/media\/4055"}],"wp:attachment":[{"href":"https:\/\/smartlinks-web-pdn-priceless-latam.azurewebsites.net\/pt-br\/wp-json\/wp\/v2\/media?parent=4053"}],"wp:term":[{"taxonomy":"product_brand","embeddable":true,"href":"https:\/\/smartlinks-web-pdn-priceless-latam.azurewebsites.net\/pt-br\/wp-json\/wp\/v2\/product_brand?post=4053"},{"taxonomy":"product_cat","embeddable":true,"href":"https:\/\/smartlinks-web-pdn-priceless-latam.azurewebsites.net\/pt-br\/wp-json\/wp\/v2\/product_cat?post=4053"},{"taxonomy":"product_tag","embeddable":true,"href":"https:\/\/smartlinks-web-pdn-priceless-latam.azurewebsites.net\/pt-br\/wp-json\/wp\/v2\/product_tag?post=4053"}],"curies":[{"name":"wp","href":"https:\/\/api.w.org\/{rel}","templated":true}]}}