{"id":4102,"date":"2024-11-28T14:38:33","date_gmt":"2024-11-28T19:38:33","guid":{"rendered":"https:\/\/experienciaslatam.com\/?post_type=product&#038;p=4102"},"modified":"2025-04-29T17:40:37","modified_gmt":"2025-04-29T22:40:37","slug":"crie-uma-caneca-e-um-prato-de-ceramica-em-um-workshop-exclusivo-no-rio-de-janeiro","status":"publish","type":"product","link":"https:\/\/smartlinks-web-pdn-priceless-latam.azurewebsites.net\/pt-br\/experienciasx\/crie-uma-caneca-e-um-prato-de-ceramica-em-um-workshop-exclusivo-no-rio-de-janeiro\/","title":{"rendered":"Crie uma caneca e um prato de cer\u00e2mica em um workshop exclusivo no Rio de Janeiro"},"content":{"rendered":"<p><span class=\"TextRun SCXW86331479 BCX0\" lang=\"EN-US\" xml:lang=\"EN-US\" data-contrast=\"auto\"><span class=\"NormalTextRun SpellingErrorV2Themed SCXW86331479 BCX0\">Participe<\/span><span class=\"NormalTextRun SCXW86331479 BCX0\"> de um workshop <\/span><span class=\"NormalTextRun SpellingErrorV2Themed SCXW86331479 BCX0\">interativo<\/span><span class=\"NormalTextRun SCXW86331479 BCX0\"> de <\/span><span class=\"NormalTextRun SpellingErrorV2Themed SCXW86331479 BCX0\">cer\u00e2mica<\/span><span class=\"NormalTextRun SCXW86331479 BCX0\"> com a <\/span><span class=\"NormalTextRun SpellingErrorV2Themed SCXW86331479 BCX0\">renomada<\/span> <span class=\"NormalTextRun SpellingErrorV2Themed SCXW86331479 BCX0\">artista<\/span><span class=\"NormalTextRun SCXW86331479 BCX0\"> F\u00e1bia Schnoor <\/span><span class=\"NormalTextRun SpellingErrorV2Themed SCXW86331479 BCX0\">na<\/span><span class=\"NormalTextRun SCXW86331479 BCX0\"> Casa 29 e <\/span><span class=\"NormalTextRun SpellingErrorV2Themed SCXW86331479 BCX0\">crie<\/span><span class=\"NormalTextRun SCXW86331479 BCX0\"> um conjunto de caf\u00e9 da <\/span><span class=\"NormalTextRun SpellingErrorV2Themed SCXW86331479 BCX0\">manh\u00e3<\/span> <span class=\"NormalTextRun SpellingErrorV2Themed SCXW86331479 BCX0\">personalizado<\/span><span class=\"NormalTextRun SCXW86331479 BCX0\">. <\/span><span class=\"NormalTextRun SpellingErrorV2Themed SCXW86331479 BCX0\">Descubra<\/span> <span class=\"NormalTextRun SpellingErrorV2Themed SCXW86331479 BCX0\">os<\/span> <span class=\"NormalTextRun SpellingErrorV2Themed SCXW86331479 BCX0\">materiais<\/span> <span class=\"NormalTextRun SpellingErrorV2Themed SCXW86331479 BCX0\">brutos<\/span><span class=\"NormalTextRun SCXW86331479 BCX0\"> e o <\/span><span class=\"NormalTextRun SpellingErrorV2Themed SCXW86331479 BCX0\">contexto<\/span><span class=\"NormalTextRun SCXW86331479 BCX0\"> cultural e <\/span><span class=\"NormalTextRun SpellingErrorV2Themed SCXW86331479 BCX0\">hist\u00f3rico<\/span><span class=\"NormalTextRun SCXW86331479 BCX0\"> da <\/span><span class=\"NormalTextRun SpellingErrorV2Themed SCXW86331479 BCX0\">produ\u00e7\u00e3o<\/span><span class=\"NormalTextRun SCXW86331479 BCX0\"> de <\/span><span class=\"NormalTextRun SpellingErrorV2Themed SCXW86331479 BCX0\">cer\u00e2mica<\/span> <span class=\"NormalTextRun SpellingErrorV2Themed SCXW86331479 BCX0\">enquanto<\/span> <span class=\"NormalTextRun SpellingErrorV2Themed SCXW86331479 BCX0\">transforma<\/span> <span class=\"NormalTextRun ContextualSpellingAndGrammarErrorV2Themed SCXW86331479 BCX0\">a<\/span> <span class=\"NormalTextRun SpellingErrorV2Themed SCXW86331479 BCX0\">argila<\/span> <span class=\"NormalTextRun SpellingErrorV2Themed SCXW86331479 BCX0\">em<\/span> <span class=\"NormalTextRun SpellingErrorV2Themed SCXW86331479 BCX0\">arte<\/span> <span class=\"NormalTextRun SpellingErrorV2Themed SCXW86331479 BCX0\">funcional<\/span><span class=\"NormalTextRun SCXW86331479 BCX0\">. Sob <\/span><span class=\"NormalTextRun ContextualSpellingAndGrammarErrorV2Themed SCXW86331479 BCX0\">a<\/span> <span class=\"NormalTextRun SpellingErrorV2Themed SCXW86331479 BCX0\">orienta\u00e7\u00e3o<\/span><span class=\"NormalTextRun SCXW86331479 BCX0\"> da <\/span><span class=\"NormalTextRun SpellingErrorV2Themed SCXW86331479 BCX0\">fundadora<\/span><span class=\"NormalTextRun SCXW86331479 BCX0\"> do <\/span><\/span><span class=\"TextRun SCXW86331479 BCX0\" lang=\"EN-US\" xml:lang=\"EN-US\" data-contrast=\"auto\"><span class=\"NormalTextRun SpellingErrorV2Themed SCXW86331479 BCX0\">Projeto<\/span><span class=\"NormalTextRun SCXW86331479 BCX0\"> Um <\/span><span class=\"NormalTextRun SpellingErrorV2Themed SCXW86331479 BCX0\">S\u00e9culo<\/span><\/span><span class=\"TextRun SCXW86331479 BCX0\" lang=\"EN-US\" xml:lang=\"EN-US\" data-contrast=\"auto\"><span class=\"NormalTextRun SCXW86331479 BCX0\"> e <\/span><span class=\"NormalTextRun SpellingErrorV2Themed SCXW86331479 BCX0\">mentora<\/span><span class=\"NormalTextRun SCXW86331479 BCX0\"> do <\/span><\/span><span class=\"TextRun SCXW86331479 BCX0\" lang=\"EN-US\" xml:lang=\"EN-US\" data-contrast=\"auto\"><span class=\"NormalTextRun SCXW86331479 BCX0\">Arte do <\/span><span class=\"NormalTextRun SpellingErrorV2Themed SCXW86331479 BCX0\">Amanh\u00e3<\/span><\/span><span class=\"TextRun SCXW86331479 BCX0\" lang=\"EN-US\" xml:lang=\"EN-US\" data-contrast=\"auto\"><span class=\"NormalTextRun SCXW86331479 BCX0\"> no <\/span><span class=\"NormalTextRun SpellingErrorV2Themed SCXW86331479 BCX0\">Museu<\/span><span class=\"NormalTextRun SCXW86331479 BCX0\"> do <\/span><span class=\"NormalTextRun SpellingErrorV2Themed SCXW86331479 BCX0\">Amanh\u00e3<\/span><span class=\"NormalTextRun SCXW86331479 BCX0\">, <\/span><span class=\"NormalTextRun SpellingErrorV2Themed SCXW86331479 BCX0\">relaxe<\/span><span class=\"NormalTextRun SCXW86331479 BCX0\"> no <\/span><span class=\"NormalTextRun SpellingErrorV2Themed SCXW86331479 BCX0\">ambiente<\/span> <span class=\"NormalTextRun SpellingErrorV2Themed SCXW86331479 BCX0\">meditativo<\/span><span class=\"NormalTextRun SCXW86331479 BCX0\"> da <\/span><span class=\"NormalTextRun SpellingErrorV2Themed SCXW86331479 BCX0\">criatividade<\/span> <span class=\"NormalTextRun SpellingErrorV2Themed SCXW86331479 BCX0\">consciente<\/span> <span class=\"NormalTextRun SpellingErrorV2Themed SCXW86331479 BCX0\">enquanto<\/span> <span class=\"NormalTextRun SpellingErrorV2Themed SCXW86331479 BCX0\">cria<\/span><span class=\"NormalTextRun SCXW86331479 BCX0\"> um <\/span><span class=\"NormalTextRun SpellingErrorV2Themed SCXW86331479 BCX0\">prato<\/span><span class=\"NormalTextRun SCXW86331479 BCX0\"> e <\/span><span class=\"NormalTextRun SpellingErrorV2Themed SCXW86331479 BCX0\">uma<\/span> <span class=\"NormalTextRun SpellingErrorV2Themed SCXW86331479 BCX0\">caneca<\/span> <span class=\"NormalTextRun SpellingErrorV2Themed SCXW86331479 BCX0\">\u00fanicos<\/span><span class=\"NormalTextRun SCXW86331479 BCX0\"> que <\/span><span class=\"NormalTextRun SpellingErrorV2Themed SCXW86331479 BCX0\">refletem<\/span> <span class=\"NormalTextRun SpellingErrorV2Themed SCXW86331479 BCX0\">seu<\/span> <span class=\"NormalTextRun SpellingErrorV2Themed SCXW86331479 BCX0\">estilo<\/span> <span class=\"NormalTextRun SpellingErrorV2Themed SCXW86331479 BCX0\">pessoal<\/span><span class=\"NormalTextRun SCXW86331479 BCX0\">. <\/span><span class=\"NormalTextRun SpellingErrorV2Themed SCXW86331479 BCX0\">Exclusivo<\/span><span class=\"NormalTextRun SCXW86331479 BCX0\"> para <\/span><span class=\"NormalTextRun SpellingErrorV2Themed SCXW86331479 BCX0\">portadores<\/span><span class=\"NormalTextRun SCXW86331479 BCX0\"> de <\/span><span class=\"NormalTextRun SpellingErrorV2Themed SCXW86331479 BCX0\">cart\u00f5es<\/span><span class=\"NormalTextRun SCXW86331479 BCX0\"> Mastercard.<\/span><\/span><span class=\"EOP SCXW86331479 BCX0\" data-ccp-props=\"{&quot;134233117&quot;:false,&quot;134233118&quot;:false,&quot;335551550&quot;:6,&quot;335551620&quot;:6,&quot;335559738&quot;:240,&quot;335559739&quot;:240}\">\u00a0<\/span><\/p>\n","protected":false},"excerpt":{"rendered":"<p>Participe de um workshop interativo de cer\u00e2mica com a renomada artista F\u00e1bia Schnoor na Casa 29 e crie um conjunto de caf\u00e9 da manh\u00e3 personalizado. Descubra os materiais brutos e o contexto cultural e hist\u00f3rico da produ\u00e7\u00e3o de cer\u00e2mica enquanto transforma a argila em arte funcional. Sob a orienta\u00e7\u00e3o da fundadora do Projeto Um S\u00e9culo [&hellip;]<\/p>\n","protected":false},"featured_media":4107,"template":"","meta":{"_acf_changed":false,"inline_featured_image":false},"product_brand":[],"product_cat":[48],"product_tag":[],"class_list":{"0":"post-4102","1":"product","2":"type-product","3":"status-publish","4":"has-post-thumbnail","6":"product_cat-experienciasx","8":"first","9":"instock","10":"sold-individually","11":"shipping-taxable","12":"purchasable","13":"product-type-booking"},"acf":[],"_links":{"self":[{"href":"https:\/\/smartlinks-web-pdn-priceless-latam.azurewebsites.net\/pt-br\/wp-json\/wp\/v2\/product\/4102","targetHints":{"allow":["GET"]}}],"collection":[{"href":"https:\/\/smartlinks-web-pdn-priceless-latam.azurewebsites.net\/pt-br\/wp-json\/wp\/v2\/product"}],"about":[{"href":"https:\/\/smartlinks-web-pdn-priceless-latam.azurewebsites.net\/pt-br\/wp-json\/wp\/v2\/types\/product"}],"wp:featuredmedia":[{"embeddable":true,"href":"https:\/\/smartlinks-web-pdn-priceless-latam.azurewebsites.net\/pt-br\/wp-json\/wp\/v2\/media\/4107"}],"wp:attachment":[{"href":"https:\/\/smartlinks-web-pdn-priceless-latam.azurewebsites.net\/pt-br\/wp-json\/wp\/v2\/media?parent=4102"}],"wp:term":[{"taxonomy":"product_brand","embeddable":true,"href":"https:\/\/smartlinks-web-pdn-priceless-latam.azurewebsites.net\/pt-br\/wp-json\/wp\/v2\/product_brand?post=4102"},{"taxonomy":"product_cat","embeddable":true,"href":"https:\/\/smartlinks-web-pdn-priceless-latam.azurewebsites.net\/pt-br\/wp-json\/wp\/v2\/product_cat?post=4102"},{"taxonomy":"product_tag","embeddable":true,"href":"https:\/\/smartlinks-web-pdn-priceless-latam.azurewebsites.net\/pt-br\/wp-json\/wp\/v2\/product_tag?post=4102"}],"curies":[{"name":"wp","href":"https:\/\/api.w.org\/{rel}","templated":true}]}}