{"id":4156,"date":"2024-11-28T16:04:41","date_gmt":"2024-11-28T21:04:41","guid":{"rendered":"https:\/\/experienciaslatam.com\/?post_type=product&#038;p=4156"},"modified":"2025-10-02T17:31:55","modified_gmt":"2025-10-02T22:31:55","slug":"navegue-para-colonia-no-uruguai-para-uma-degustacao-de-vinhos-e-azeites-com-um-tour-exclusivo","status":"publish","type":"product","link":"https:\/\/smartlinks-web-pdn-priceless-latam.azurewebsites.net\/pt-br\/experienciasx\/navegue-para-colonia-no-uruguai-para-uma-degustacao-de-vinhos-e-azeites-com-um-tour-exclusivo\/","title":{"rendered":"Navegue para Col\u00f4nia, no Uruguai, para uma degusta\u00e7\u00e3o de vinhos e azeites com um tour exclusivo"},"content":{"rendered":"<div class=\"elementor-element elementor-element-670c54f elementor-widget elementor-widget-theme-post-content\" data-id=\"670c54f\" data-element_type=\"widget\" data-widget_type=\"theme-post-content.default\">\n<div class=\"elementor-widget-container\">\n<div class=\"elementor-element elementor-element-670c54f elementor-widget elementor-widget-theme-post-content\" data-id=\"670c54f\" data-element_type=\"widget\" data-widget_type=\"theme-post-content.default\">\n<div class=\"elementor-widget-container\">\n<div class=\"elementor-element elementor-element-670c54f elementor-widget elementor-widget-theme-post-content\" data-id=\"670c54f\" data-element_type=\"widget\" data-widget_type=\"theme-post-content.default\">\n<div class=\"elementor-widget-container\">\n<div class=\"elementor-element elementor-element-670c54f elementor-widget elementor-widget-theme-post-content\" data-id=\"670c54f\" data-element_type=\"widget\" data-widget_type=\"theme-post-content.default\">\n<div class=\"elementor-widget-container\">\n<div class=\"elementor-element elementor-element-670c54f elementor-widget elementor-widget-theme-post-content\" data-id=\"670c54f\" data-element_type=\"widget\" data-widget_type=\"theme-post-content.default\">\n<div class=\"elementor-widget-container\">\n<p><span class=\"TextRun SCXW182208552 BCX0\" lang=\"ES-ES\" xml:lang=\"ES-ES\" data-contrast=\"auto\"><span class=\"NormalTextRun SCXW182208552 BCX0\">Embarque em <\/span><span class=\"NormalTextRun SpellingErrorV2Themed SCXW182208552 BCX0\">uma<\/span><span class=\"NormalTextRun SCXW182208552 BCX0\"> aventura vitivin\u00edcola rumo <\/span><span class=\"NormalTextRun SpellingErrorV2Themed SCXW182208552 BCX0\">ao<\/span> <span class=\"NormalTextRun SpellingErrorV2Themed SCXW182208552 BCX0\">Uruguai<\/span><span class=\"NormalTextRun SCXW182208552 BCX0\">. <\/span><span class=\"NormalTextRun SpellingErrorV2Themed SCXW182208552 BCX0\">Voc\u00ea<\/span><span class=\"NormalTextRun SCXW182208552 BCX0\"> viajar\u00e1 no ferry <\/span><span class=\"NormalTextRun SpellingErrorV2Themed SCXW182208552 BCX0\">Buquebus<\/span><span class=\"NormalTextRun SCXW182208552 BCX0\">, <\/span><span class=\"NormalTextRun SpellingErrorV2Themed SCXW182208552 BCX0\">saindo<\/span><span class=\"NormalTextRun SCXW182208552 BCX0\"> de Buenos Aires, <\/span><span class=\"NormalTextRun SpellingErrorV2Themed SCXW182208552 BCX0\">com<\/span> <span class=\"NormalTextRun SpellingErrorV2Themed SCXW182208552 BCX0\">assentos<\/span><span class=\"NormalTextRun SCXW182208552 BCX0\"> VIP para <\/span><span class=\"NormalTextRun SpellingErrorV2Themed SCXW182208552 BCX0\">uma<\/span> <span class=\"NormalTextRun SpellingErrorV2Themed SCXW182208552 BCX0\">travessia<\/span> <span class=\"NormalTextRun SpellingErrorV2Themed SCXW182208552 BCX0\">confort\u00e1vel<\/span><span class=\"NormalTextRun SCXW182208552 BCX0\"> e <\/span><span class=\"NormalTextRun SpellingErrorV2Themed SCXW182208552 BCX0\">panor\u00e2mica<\/span><span class=\"NormalTextRun SCXW182208552 BCX0\"> at\u00e9 <\/span><span class=\"NormalTextRun SpellingErrorV2Themed SCXW182208552 BCX0\">Col\u00f4nia<\/span><span class=\"NormalTextRun SCXW182208552 BCX0\"> do Sacramento. <\/span><span class=\"NormalTextRun SpellingErrorV2Themed SCXW182208552 BCX0\">Ao<\/span> <span class=\"NormalTextRun SpellingErrorV2Themed SCXW182208552 BCX0\">chegar<\/span><span class=\"NormalTextRun SCXW182208552 BCX0\">, <\/span><span class=\"NormalTextRun SpellingErrorV2Themed SCXW182208552 BCX0\">voc\u00ea<\/span><span class=\"NormalTextRun SCXW182208552 BCX0\"> explorar\u00e1 o centro hist\u00f3rico da <\/span><span class=\"NormalTextRun SpellingErrorV2Themed SCXW182208552 BCX0\">cidade<\/span><span class=\"NormalTextRun SCXW182208552 BCX0\"> e participar\u00e1 de <\/span><span class=\"NormalTextRun SpellingErrorV2Themed SCXW182208552 BCX0\">um<\/span><span class=\"NormalTextRun SCXW182208552 BCX0\"> tour <\/span><span class=\"NormalTextRun SpellingErrorV2Themed SCXW182208552 BCX0\">imersivo<\/span><span class=\"NormalTextRun SCXW182208552 BCX0\"> pelos <\/span><span class=\"NormalTextRun SpellingErrorV2Themed SCXW182208552 BCX0\">Vinhedos<\/span><span class=\"NormalTextRun SCXW182208552 BCX0\"> e <\/span><span class=\"NormalTextRun SpellingErrorV2Themed SCXW182208552 BCX0\">Olivais<\/span><span class=\"NormalTextRun SCXW182208552 BCX0\"> do <\/span><span class=\"NormalTextRun SpellingErrorV2Themed SCXW182208552 BCX0\">Quint\u00f3n<\/span><span class=\"NormalTextRun SCXW182208552 BCX0\">. O <\/span><span class=\"NormalTextRun SpellingErrorV2Themed SCXW182208552 BCX0\">propriet\u00e1rio<\/span> <span class=\"NormalTextRun SpellingErrorV2Themed SCXW182208552 BCX0\">ou<\/span> <span class=\"NormalTextRun SpellingErrorV2Themed SCXW182208552 BCX0\">um<\/span><span class=\"NormalTextRun SCXW182208552 BCX0\"> membro destacado da equipe <\/span><span class=\"NormalTextRun SpellingErrorV2Themed SCXW182208552 BCX0\">receber\u00e1<\/span> <span class=\"NormalTextRun SpellingErrorV2Themed SCXW182208552 BCX0\">voc\u00ea<\/span><span class=\"NormalTextRun SCXW182208552 BCX0\"> para <\/span><span class=\"NormalTextRun SpellingErrorV2Themed SCXW182208552 BCX0\">um<\/span> <span class=\"NormalTextRun SpellingErrorV2Themed SCXW182208552 BCX0\">passeio<\/span><span class=\"NormalTextRun SCXW182208552 BCX0\"> pelos <\/span><span class=\"NormalTextRun SpellingErrorV2Themed SCXW182208552 BCX0\">belos<\/span> <span class=\"NormalTextRun SpellingErrorV2Themed SCXW182208552 BCX0\">vinhedos<\/span><span class=\"NormalTextRun SCXW182208552 BCX0\">, <\/span><span class=\"NormalTextRun SpellingErrorV2Themed SCXW182208552 BCX0\">olivais<\/span><span class=\"NormalTextRun SCXW182208552 BCX0\"> e modernas <\/span><span class=\"NormalTextRun SpellingErrorV2Themed SCXW182208552 BCX0\">instala\u00e7\u00f5es<\/span> <span class=\"NormalTextRun SpellingErrorV2Themed SCXW182208552 BCX0\">gravitacionais<\/span><span class=\"NormalTextRun SCXW182208552 BCX0\"> da vin\u00edcola. <\/span><span class=\"NormalTextRun SpellingErrorV2Themed SCXW182208552 BCX0\">Al\u00e9m<\/span> <span class=\"NormalTextRun SpellingErrorV2Themed SCXW182208552 BCX0\">disso<\/span><span class=\"NormalTextRun SCXW182208552 BCX0\">, <\/span><span class=\"NormalTextRun SpellingErrorV2Themed SCXW182208552 BCX0\">voc\u00ea<\/span> <span class=\"NormalTextRun SpellingErrorV2Themed SCXW182208552 BCX0\">ter\u00e1<\/span><span class=\"NormalTextRun SCXW182208552 BCX0\"> a <\/span><span class=\"NormalTextRun SpellingErrorV2Themed SCXW182208552 BCX0\">oportunidade<\/span><span class=\"NormalTextRun SCXW182208552 BCX0\"> de degustar <\/span><span class=\"NormalTextRun SpellingErrorV2Themed SCXW182208552 BCX0\">vinhos<\/span><span class=\"NormalTextRun SCXW182208552 BCX0\"> e <\/span><span class=\"NormalTextRun SpellingErrorV2Themed SCXW182208552 BCX0\">azeites<\/span><span class=\"NormalTextRun SCXW182208552 BCX0\"> de oliva, <\/span><span class=\"NormalTextRun SpellingErrorV2Themed SCXW182208552 BCX0\">acompanhados<\/span><span class=\"NormalTextRun SCXW182208552 BCX0\"> por <\/span><span class=\"NormalTextRun SpellingErrorV2Themed SCXW182208552 BCX0\">petiscos<\/span><span class=\"NormalTextRun SCXW182208552 BCX0\"> leves, antes de retornar \u00e0 Argentina. Exclusivo para portadores de <\/span><span class=\"NormalTextRun SpellingErrorV2Themed SCXW182208552 BCX0\">cart\u00f5es<\/span> <span class=\"NormalTextRun SpellingErrorV2Themed SCXW182208552 BCX0\">Mastercard<\/span><span class=\"NormalTextRun SCXW182208552 BCX0\">.<\/span><\/span><span class=\"EOP SCXW182208552 BCX0\" data-ccp-props=\"{&quot;134233117&quot;:false,&quot;134233118&quot;:false,&quot;335551550&quot;:6,&quot;335551620&quot;:6,&quot;335559738&quot;:240,&quot;335559739&quot;:240}\">\u00a0<\/span><\/p>\n<\/div>\n<\/div>\n<\/div>\n<\/div>\n<\/div>\n<\/div>\n<\/div>\n<\/div>\n<\/div>\n<\/div>\n","protected":false},"excerpt":{"rendered":"<p>Embarque em uma aventura vitivin\u00edcola rumo ao Uruguai. Voc\u00ea viajar\u00e1 no ferry Buquebus, saindo de Buenos Aires, com assentos VIP para uma travessia confort\u00e1vel e panor\u00e2mica at\u00e9 Col\u00f4nia do Sacramento. Ao chegar, voc\u00ea explorar\u00e1 o centro hist\u00f3rico da cidade e participar\u00e1 de um tour imersivo pelos Vinhedos e Olivais do Quint\u00f3n. O propriet\u00e1rio ou um [&hellip;]<\/p>\n","protected":false},"featured_media":4158,"template":"","meta":{"_acf_changed":false,"inline_featured_image":false},"product_brand":[],"product_cat":[48],"product_tag":[],"class_list":{"0":"post-4156","1":"product","2":"type-product","3":"status-publish","4":"has-post-thumbnail","6":"product_cat-experienciasx","8":"first","9":"instock","10":"virtual","11":"sold-individually","12":"purchasable","13":"product-type-booking"},"acf":[],"_links":{"self":[{"href":"https:\/\/smartlinks-web-pdn-priceless-latam.azurewebsites.net\/pt-br\/wp-json\/wp\/v2\/product\/4156","targetHints":{"allow":["GET"]}}],"collection":[{"href":"https:\/\/smartlinks-web-pdn-priceless-latam.azurewebsites.net\/pt-br\/wp-json\/wp\/v2\/product"}],"about":[{"href":"https:\/\/smartlinks-web-pdn-priceless-latam.azurewebsites.net\/pt-br\/wp-json\/wp\/v2\/types\/product"}],"wp:featuredmedia":[{"embeddable":true,"href":"https:\/\/smartlinks-web-pdn-priceless-latam.azurewebsites.net\/pt-br\/wp-json\/wp\/v2\/media\/4158"}],"wp:attachment":[{"href":"https:\/\/smartlinks-web-pdn-priceless-latam.azurewebsites.net\/pt-br\/wp-json\/wp\/v2\/media?parent=4156"}],"wp:term":[{"taxonomy":"product_brand","embeddable":true,"href":"https:\/\/smartlinks-web-pdn-priceless-latam.azurewebsites.net\/pt-br\/wp-json\/wp\/v2\/product_brand?post=4156"},{"taxonomy":"product_cat","embeddable":true,"href":"https:\/\/smartlinks-web-pdn-priceless-latam.azurewebsites.net\/pt-br\/wp-json\/wp\/v2\/product_cat?post=4156"},{"taxonomy":"product_tag","embeddable":true,"href":"https:\/\/smartlinks-web-pdn-priceless-latam.azurewebsites.net\/pt-br\/wp-json\/wp\/v2\/product_tag?post=4156"}],"curies":[{"name":"wp","href":"https:\/\/api.w.org\/{rel}","templated":true}]}}