{"id":4226,"date":"2024-11-29T17:08:11","date_gmt":"2024-11-29T22:08:11","guid":{"rendered":"https:\/\/experienciaslatam.com\/?post_type=product&#038;p=4226"},"modified":"2024-11-29T17:47:02","modified_gmt":"2024-11-29T22:47:02","slug":"escale-nas-rochas-e-desfrute-de-uma-sessao-de-yoga-em-um-ambiente-natural-impressionante","status":"publish","type":"product","link":"https:\/\/smartlinks-web-pdn-priceless-latam.azurewebsites.net\/pt-br\/experienciasx\/escale-nas-rochas-e-desfrute-de-uma-sessao-de-yoga-em-um-ambiente-natural-impressionante\/","title":{"rendered":"Escale nas rochas e desfrute de uma sess\u00e3o de yoga em um ambiente natural impressionante"},"content":{"rendered":"<div class=\"elementor-element elementor-element-670c54f elementor-widget elementor-widget-theme-post-content\" data-id=\"670c54f\" data-element_type=\"widget\" data-widget_type=\"theme-post-content.default\">\n<div class=\"elementor-widget-container\">\n<div class=\"elementor-element elementor-element-670c54f elementor-widget elementor-widget-theme-post-content\" data-id=\"670c54f\" data-element_type=\"widget\" data-widget_type=\"theme-post-content.default\">\n<div class=\"elementor-widget-container\">\n<div class=\"elementor-element elementor-element-670c54f elementor-widget elementor-widget-theme-post-content\" data-id=\"670c54f\" data-element_type=\"widget\" data-widget_type=\"theme-post-content.default\">\n<div class=\"elementor-widget-container\">\n<div class=\"elementor-element elementor-element-670c54f elementor-widget elementor-widget-theme-post-content\" data-id=\"670c54f\" data-element_type=\"widget\" data-widget_type=\"theme-post-content.default\">\n<div class=\"elementor-widget-container\">\n<div class=\"elementor-element elementor-element-670c54f elementor-widget elementor-widget-theme-post-content\" data-id=\"670c54f\" data-element_type=\"widget\" data-widget_type=\"theme-post-content.default\">\n<div class=\"elementor-widget-container\">\n<p><span data-contrast=\"auto\">Embarque numa aventura exclusiva e inesquec\u00edvel de escalada em rocha e yoga num local privilegiado do Fundo El Manzano, no impressionante Caj\u00f3n del Maipo do Chile, com uma instrutora certificada. Come\u00e7ar\u00e1 sua jornada com um guia privado para encontrar a experiente alpinista e instrutora de yoga B\u00e1rbara Donoso neste local \u00fanico para escalada, onde ela e sua equipe guiar\u00e3o voc\u00ea numa emocionante sess\u00e3o de escalada em rocha focada na for\u00e7a f\u00edsica e mental, coordena\u00e7\u00e3o e controle. Depois, desafiar-se-\u00e1 ainda mais com uma revigorante sess\u00e3o privada de hatha yoga integral centrada em t\u00e9cnicas de respira\u00e7\u00e3o, flexibilidade e equil\u00edbrio enquanto mergulha na tranquilidade da natureza e seus sons relaxantes. Al\u00e9m disso, desfrutar\u00e1 de um almo\u00e7o gourmet em caixa para concluir seu dia. Exclusivo para titulares de cart\u00f5es Mastercard.<\/span><span data-ccp-props=\"{&quot;134233117&quot;:false,&quot;134233118&quot;:false,&quot;335551550&quot;:6,&quot;335551620&quot;:6,&quot;335559738&quot;:240,&quot;335559739&quot;:240}\">\u00a0<\/span><\/p>\n<p><span data-contrast=\"auto\">Mastercard, junto com Priceless Planet Coalition, busca restaurar 100 milh\u00f5es de \u00e1rvores at\u00e9 2030. Para cada experi\u00eancia que voc\u00ea comprar, a Mastercard doar\u00e1 uma \u00e1rvore atrav\u00e9s de Priceless Planet Coalition. Com sua contribui\u00e7\u00e3o, estamos promovendo a restaura\u00e7\u00e3o em 6 continentes.<\/span><span data-ccp-props=\"{&quot;134233117&quot;:false,&quot;134233118&quot;:false,&quot;335551550&quot;:6,&quot;335551620&quot;:6,&quot;335559738&quot;:240,&quot;335559739&quot;:240}\">\u00a0<\/span><\/p>\n<\/div>\n<\/div>\n<\/div>\n<\/div>\n<\/div>\n<\/div>\n<\/div>\n<\/div>\n<\/div>\n<\/div>\n","protected":false},"excerpt":{"rendered":"<p>Embarque numa aventura exclusiva e inesquec\u00edvel de escalada em rocha e yoga num local privilegiado do Fundo El Manzano, no impressionante Caj\u00f3n del Maipo do Chile, com uma instrutora certificada. Come\u00e7ar\u00e1 sua jornada com um guia privado para encontrar a experiente alpinista e instrutora de yoga B\u00e1rbara Donoso neste local \u00fanico para escalada, onde ela [&hellip;]<\/p>\n","protected":false},"featured_media":4228,"template":"","meta":{"_acf_changed":false,"inline_featured_image":false},"product_brand":[],"product_cat":[48],"product_tag":[],"class_list":{"0":"post-4226","1":"product","2":"type-product","3":"status-publish","4":"has-post-thumbnail","6":"product_cat-experienciasx","8":"first","9":"instock","10":"virtual","11":"sold-individually","12":"purchasable","13":"product-type-booking"},"acf":[],"_links":{"self":[{"href":"https:\/\/smartlinks-web-pdn-priceless-latam.azurewebsites.net\/pt-br\/wp-json\/wp\/v2\/product\/4226","targetHints":{"allow":["GET"]}}],"collection":[{"href":"https:\/\/smartlinks-web-pdn-priceless-latam.azurewebsites.net\/pt-br\/wp-json\/wp\/v2\/product"}],"about":[{"href":"https:\/\/smartlinks-web-pdn-priceless-latam.azurewebsites.net\/pt-br\/wp-json\/wp\/v2\/types\/product"}],"wp:featuredmedia":[{"embeddable":true,"href":"https:\/\/smartlinks-web-pdn-priceless-latam.azurewebsites.net\/pt-br\/wp-json\/wp\/v2\/media\/4228"}],"wp:attachment":[{"href":"https:\/\/smartlinks-web-pdn-priceless-latam.azurewebsites.net\/pt-br\/wp-json\/wp\/v2\/media?parent=4226"}],"wp:term":[{"taxonomy":"product_brand","embeddable":true,"href":"https:\/\/smartlinks-web-pdn-priceless-latam.azurewebsites.net\/pt-br\/wp-json\/wp\/v2\/product_brand?post=4226"},{"taxonomy":"product_cat","embeddable":true,"href":"https:\/\/smartlinks-web-pdn-priceless-latam.azurewebsites.net\/pt-br\/wp-json\/wp\/v2\/product_cat?post=4226"},{"taxonomy":"product_tag","embeddable":true,"href":"https:\/\/smartlinks-web-pdn-priceless-latam.azurewebsites.net\/pt-br\/wp-json\/wp\/v2\/product_tag?post=4226"}],"curies":[{"name":"wp","href":"https:\/\/api.w.org\/{rel}","templated":true}]}}