{"id":5450,"date":"2025-03-07T15:25:00","date_gmt":"2025-03-07T20:25:00","guid":{"rendered":"https:\/\/experienciaslatam.com\/?post_type=product&#038;p=5450"},"modified":"2025-03-10T10:51:39","modified_gmt":"2025-03-10T15:51:39","slug":"celebre-a-conmebol-libertadores-2024-com-o-city-tour-buenos-aires-sur-copy","status":"publish","type":"product","link":"https:\/\/smartlinks-web-pdn-priceless-latam.azurewebsites.net\/pt-br\/experienciasx\/celebre-a-conmebol-libertadores-2024-com-o-city-tour-buenos-aires-sur-copy\/","title":{"rendered":"O melhor lugar no circuito"},"content":{"rendered":"<p>Descubra o auge do luxo no Trophy House, uma villa \u00e0 beira da pista, apenas por convite, que oferece vistas incompar\u00e1veis da corrida de Miami. Localizada na cobi\u00e7ada Curva Um, desfrute de acesso de primeira fila aos momentos mais emocionantes da corrida a partir de um sal\u00e3o climatizado ou de um terra\u00e7o sombreado ao ar livre. Delicie-se com a gastronomia estrelada Michelin do L&#8217;Atelier de Jo\u00ebl Robuchon, acompanhada de vinhos e licores raros. Ap\u00f3s a corrida, relaxe com concertos \u00edntimos de artistas vencedores do Grammy, curados por Luis Fonsi. Isto \u00e9 mais do que um evento: \u00e9 um santu\u00e1rio exclusivo para os h\u00f3spedes mais exigentes do mundo.<\/p>\n","protected":false},"excerpt":{"rendered":"<p>Descubra o auge do luxo no Trophy House, uma villa \u00e0 beira da pista, apenas por convite, que oferece vistas incompar\u00e1veis da corrida de Miami. Localizada na cobi\u00e7ada Curva Um, desfrute de acesso de primeira fila aos momentos mais emocionantes da corrida a partir de um sal\u00e3o climatizado ou de um terra\u00e7o sombreado ao ar [&hellip;]<\/p>\n","protected":false},"featured_media":5495,"template":"","meta":{"_acf_changed":false,"inline_featured_image":false},"product_brand":[],"product_cat":[48],"product_tag":[],"class_list":{"0":"post-5450","1":"product","2":"type-product","3":"status-publish","4":"has-post-thumbnail","6":"product_cat-experienciasx","8":"first","9":"instock","10":"sold-individually","11":"shipping-taxable","12":"purchasable","13":"product-type-variable","14":"has-default-attributes"},"acf":[],"_links":{"self":[{"href":"https:\/\/smartlinks-web-pdn-priceless-latam.azurewebsites.net\/pt-br\/wp-json\/wp\/v2\/product\/5450","targetHints":{"allow":["GET"]}}],"collection":[{"href":"https:\/\/smartlinks-web-pdn-priceless-latam.azurewebsites.net\/pt-br\/wp-json\/wp\/v2\/product"}],"about":[{"href":"https:\/\/smartlinks-web-pdn-priceless-latam.azurewebsites.net\/pt-br\/wp-json\/wp\/v2\/types\/product"}],"wp:featuredmedia":[{"embeddable":true,"href":"https:\/\/smartlinks-web-pdn-priceless-latam.azurewebsites.net\/pt-br\/wp-json\/wp\/v2\/media\/5495"}],"wp:attachment":[{"href":"https:\/\/smartlinks-web-pdn-priceless-latam.azurewebsites.net\/pt-br\/wp-json\/wp\/v2\/media?parent=5450"}],"wp:term":[{"taxonomy":"product_brand","embeddable":true,"href":"https:\/\/smartlinks-web-pdn-priceless-latam.azurewebsites.net\/pt-br\/wp-json\/wp\/v2\/product_brand?post=5450"},{"taxonomy":"product_cat","embeddable":true,"href":"https:\/\/smartlinks-web-pdn-priceless-latam.azurewebsites.net\/pt-br\/wp-json\/wp\/v2\/product_cat?post=5450"},{"taxonomy":"product_tag","embeddable":true,"href":"https:\/\/smartlinks-web-pdn-priceless-latam.azurewebsites.net\/pt-br\/wp-json\/wp\/v2\/product_tag?post=5450"}],"curies":[{"name":"wp","href":"https:\/\/api.w.org\/{rel}","templated":true}]}}