{"id":5731,"date":"2025-04-04T15:53:47","date_gmt":"2025-04-04T20:53:47","guid":{"rendered":"https:\/\/experienciaslatam.com\/?post_type=product&#038;p=5731"},"modified":"2025-09-01T16:10:11","modified_gmt":"2025-09-01T21:10:11","slug":"percorra-o-rio-de-janeiro-em-um-passeio-de-bicicleta-tranquilo-com-um-guia","status":"publish","type":"product","link":"https:\/\/smartlinks-web-pdn-priceless-latam.azurewebsites.net\/pt-br\/experienciasx\/percorra-o-rio-de-janeiro-em-um-passeio-de-bicicleta-tranquilo-com-um-guia\/","title":{"rendered":"Percorra o Rio de Janeiro em um passeio de bicicleta tranquilo com um guia."},"content":{"rendered":"<p><span class=\"TextRun SCXW48533623 BCX0\" lang=\"ES-ES\" xml:lang=\"ES-ES\" data-contrast=\"auto\"><span class=\"NormalTextRun SpellingErrorV2Themed SCXW48533623 BCX0\">Saia<\/span> <span class=\"NormalTextRun SpellingErrorV2Themed SCXW48533623 BCX0\">ao<\/span><span class=\"NormalTextRun SCXW48533623 BCX0\"> ar <\/span><span class=\"NormalTextRun SpellingErrorV2Themed SCXW48533623 BCX0\">livre<\/span><span class=\"NormalTextRun SCXW48533623 BCX0\"> e explore a <\/span><span class=\"NormalTextRun SpellingErrorV2Themed SCXW48533623 BCX0\">cidade<\/span><span class=\"NormalTextRun SCXW48533623 BCX0\"> em <\/span><span class=\"NormalTextRun SpellingErrorV2Themed SCXW48533623 BCX0\">um<\/span> <span class=\"NormalTextRun SpellingErrorV2Themed SCXW48533623 BCX0\">passeio<\/span><span class=\"NormalTextRun SCXW48533623 BCX0\"> \u00fanico de bicicleta. Seu <\/span><span class=\"NormalTextRun SpellingErrorV2Themed SCXW48533623 BCX0\">guia<\/span><span class=\"NormalTextRun SCXW48533623 BCX0\"> de <\/span><span class=\"NormalTextRun SpellingErrorV2Themed SCXW48533623 BCX0\">l\u00edngua<\/span><span class=\"NormalTextRun SCXW48533623 BCX0\"> inglesa ir\u00e1 <\/span><span class=\"NormalTextRun SpellingErrorV2Themed SCXW48533623 BCX0\">busc\u00e1<\/span><span class=\"NormalTextRun SCXW48533623 BCX0\">-lo no hotel e <\/span><span class=\"NormalTextRun SpellingErrorV2Themed SCXW48533623 BCX0\">conduzi<\/span><span class=\"NormalTextRun SCXW48533623 BCX0\">-lo pelo Rio em <\/span><span class=\"NormalTextRun SpellingErrorV2Themed SCXW48533623 BCX0\">duas<\/span><span class=\"NormalTextRun SCXW48533623 BCX0\"> rodas. <\/span><span class=\"NormalTextRun SpellingErrorV2Themed SCXW48533623 BCX0\">Voc\u00ea<\/span> <span class=\"NormalTextRun SpellingErrorV2Themed SCXW48533623 BCX0\">passar\u00e1<\/span><span class=\"NormalTextRun SCXW48533623 BCX0\"> por pontos famosos <\/span><span class=\"NormalTextRun SpellingErrorV2Themed SCXW48533623 BCX0\">ao<\/span><span class=\"NormalTextRun SCXW48533623 BCX0\"> longo do <\/span><span class=\"NormalTextRun SpellingErrorV2Themed SCXW48533623 BCX0\">seu<\/span> <span class=\"NormalTextRun SpellingErrorV2Themed SCXW48533623 BCX0\">percurso<\/span><span class=\"NormalTextRun SCXW48533623 BCX0\">, <\/span><span class=\"NormalTextRun SpellingErrorV2Themed SCXW48533623 BCX0\">incluindo<\/span><span class=\"NormalTextRun SCXW48533623 BCX0\"> o <\/span><span class=\"NormalTextRun SpellingErrorV2Themed SCXW48533623 BCX0\">cal\u00e7ad\u00e3o<\/span><span class=\"NormalTextRun SCXW48533623 BCX0\"> de Copacabana, e <\/span><span class=\"NormalTextRun SpellingErrorV2Themed SCXW48533623 BCX0\">ter\u00e1<\/span><span class=\"NormalTextRun SCXW48533623 BCX0\"> vistas privilegiadas do Cristo Redentor <\/span><span class=\"NormalTextRun SpellingErrorV2Themed SCXW48533623 BCX0\">enquanto<\/span> <span class=\"NormalTextRun SpellingErrorV2Themed SCXW48533623 BCX0\">obt\u00e9m<\/span> <span class=\"NormalTextRun SpellingErrorV2Themed SCXW48533623 BCX0\">informa\u00e7\u00f5es<\/span><span class=\"NormalTextRun SCXW48533623 BCX0\"> \u00fanicas sobre a <\/span><span class=\"NormalTextRun SpellingErrorV2Themed SCXW48533623 BCX0\">hist\u00f3ria<\/span><span class=\"NormalTextRun SCXW48533623 BCX0\">, cultura <\/span><span class=\"NormalTextRun ContextualSpellingAndGrammarErrorV2Themed SCXW48533623 BCX0\">e<\/span><span class=\"NormalTextRun SCXW48533623 BCX0\"> estilo de vida de cada <\/span><span class=\"NormalTextRun SpellingErrorV2Themed SCXW48533623 BCX0\">bairro<\/span><span class=\"NormalTextRun SCXW48533623 BCX0\">. <\/span><span class=\"NormalTextRun SpellingErrorV2Themed SCXW48533623 BCX0\">Voc\u00ea<\/span> <span class=\"NormalTextRun SpellingErrorV2Themed SCXW48533623 BCX0\">far\u00e1<\/span> <span class=\"NormalTextRun SpellingErrorV2Themed SCXW48533623 BCX0\">uma<\/span><span class=\"NormalTextRun SCXW48533623 BCX0\"> pausa para <\/span><span class=\"NormalTextRun SpellingErrorV2Themed SCXW48533623 BCX0\">um<\/span><span class=\"NormalTextRun SCXW48533623 BCX0\"> refresco <\/span><span class=\"NormalTextRun ContextualSpellingAndGrammarErrorV2Themed SCXW48533623 BCX0\">e<\/span><span class=\"NormalTextRun SCXW48533623 BCX0\"> montar\u00e1 <\/span><span class=\"NormalTextRun SpellingErrorV2Themed SCXW48533623 BCX0\">sua<\/span> <span class=\"NormalTextRun SpellingErrorV2Themed SCXW48533623 BCX0\">pr\u00f3pria<\/span> <span class=\"NormalTextRun SpellingErrorV2Themed SCXW48533623 BCX0\">tigela<\/span><span class=\"NormalTextRun SCXW48533623 BCX0\"> de <\/span><span class=\"NormalTextRun SpellingErrorV2Themed SCXW48533623 BCX0\">a\u00e7a\u00ed<\/span> <span class=\"NormalTextRun SpellingErrorV2Themed SCXW48533623 BCX0\">com<\/span><span class=\"NormalTextRun SCXW48533623 BCX0\"> frutas frescas, <\/span><span class=\"NormalTextRun SpellingErrorV2Themed SCXW48533623 BCX0\">nozes<\/span><span class=\"NormalTextRun SCXW48533623 BCX0\"> e <\/span><span class=\"NormalTextRun SpellingErrorV2Themed SCXW48533623 BCX0\">mais<\/span><span class=\"NormalTextRun SCXW48533623 BCX0\">. Seu <\/span><span class=\"NormalTextRun SpellingErrorV2Themed SCXW48533623 BCX0\">passeio<\/span><span class=\"NormalTextRun SCXW48533623 BCX0\"> terminar\u00e1 de volta no hotel <\/span><span class=\"NormalTextRun SpellingErrorV2Themed SCXW48533623 BCX0\">ou<\/span><span class=\"NormalTextRun SCXW48533623 BCX0\"> em <\/span><span class=\"NormalTextRun SpellingErrorV2Themed SCXW48533623 BCX0\">outro<\/span><span class=\"NormalTextRun SCXW48533623 BCX0\"> destino de <\/span><span class=\"NormalTextRun SpellingErrorV2Themed SCXW48533623 BCX0\">sua<\/span> <span class=\"NormalTextRun SpellingErrorV2Themed SCXW48533623 BCX0\">escolha<\/span><span class=\"NormalTextRun SCXW48533623 BCX0\">. Exclusivo para portadores de <\/span><span class=\"NormalTextRun SpellingErrorV2Themed SCXW48533623 BCX0\">cart\u00f5es<\/span> <span class=\"NormalTextRun SpellingErrorV2Themed SCXW48533623 BCX0\">Mastercard<\/span><span class=\"NormalTextRun SCXW48533623 BCX0\">.<\/span><\/span><span class=\"EOP SCXW48533623 BCX0\" data-ccp-props=\"{}\">\u00a0<\/span><\/p>\n","protected":false},"excerpt":{"rendered":"<p>Saia ao ar livre e explore a cidade em um passeio \u00fanico de bicicleta. Seu guia de l\u00edngua inglesa ir\u00e1 busc\u00e1-lo no hotel e conduzi-lo pelo Rio em duas rodas. Voc\u00ea passar\u00e1 por pontos famosos ao longo do seu percurso, incluindo o cal\u00e7ad\u00e3o de Copacabana, e ter\u00e1 vistas privilegiadas do Cristo Redentor enquanto obt\u00e9m informa\u00e7\u00f5es [&hellip;]<\/p>\n","protected":false},"featured_media":5738,"template":"","meta":{"_acf_changed":false,"inline_featured_image":false},"product_brand":[],"product_cat":[48],"product_tag":[],"class_list":{"0":"post-5731","1":"product","2":"type-product","3":"status-publish","4":"has-post-thumbnail","6":"product_cat-experienciasx","8":"first","9":"instock","10":"virtual","11":"sold-individually","12":"purchasable","13":"product-type-booking"},"acf":[],"_links":{"self":[{"href":"https:\/\/smartlinks-web-pdn-priceless-latam.azurewebsites.net\/pt-br\/wp-json\/wp\/v2\/product\/5731","targetHints":{"allow":["GET"]}}],"collection":[{"href":"https:\/\/smartlinks-web-pdn-priceless-latam.azurewebsites.net\/pt-br\/wp-json\/wp\/v2\/product"}],"about":[{"href":"https:\/\/smartlinks-web-pdn-priceless-latam.azurewebsites.net\/pt-br\/wp-json\/wp\/v2\/types\/product"}],"wp:featuredmedia":[{"embeddable":true,"href":"https:\/\/smartlinks-web-pdn-priceless-latam.azurewebsites.net\/pt-br\/wp-json\/wp\/v2\/media\/5738"}],"wp:attachment":[{"href":"https:\/\/smartlinks-web-pdn-priceless-latam.azurewebsites.net\/pt-br\/wp-json\/wp\/v2\/media?parent=5731"}],"wp:term":[{"taxonomy":"product_brand","embeddable":true,"href":"https:\/\/smartlinks-web-pdn-priceless-latam.azurewebsites.net\/pt-br\/wp-json\/wp\/v2\/product_brand?post=5731"},{"taxonomy":"product_cat","embeddable":true,"href":"https:\/\/smartlinks-web-pdn-priceless-latam.azurewebsites.net\/pt-br\/wp-json\/wp\/v2\/product_cat?post=5731"},{"taxonomy":"product_tag","embeddable":true,"href":"https:\/\/smartlinks-web-pdn-priceless-latam.azurewebsites.net\/pt-br\/wp-json\/wp\/v2\/product_tag?post=5731"}],"curies":[{"name":"wp","href":"https:\/\/api.w.org\/{rel}","templated":true}]}}