{"id":6335,"date":"2025-05-02T15:06:45","date_gmt":"2025-05-02T20:06:45","guid":{"rendered":"https:\/\/experienciaslatam.com\/?post_type=product&#038;p=6335"},"modified":"2026-03-25T16:06:56","modified_gmt":"2026-03-25T21:06:56","slug":"escapada-de-luxo-para-uma-ilha-para-um-dia-de-spa-e-praia","status":"publish","type":"product","link":"https:\/\/smartlinks-web-pdn-priceless-latam.azurewebsites.net\/pt-br\/experienciasx\/escapada-de-luxo-para-uma-ilha-para-um-dia-de-spa-e-praia\/","title":{"rendered":"Escapada de Luxo para uma Ilha para um Dia de Spa e Praia"},"content":{"rendered":"<p><span class=\"TextRun SCXW152624475 BCX0\" lang=\"ES-ES\" xml:lang=\"ES-ES\" data-contrast=\"auto\"><span class=\"NormalTextRun SpellingErrorV2Themed SCXW152624475 BCX0\">Encontre<\/span> <span class=\"NormalTextRun SpellingErrorV2Themed SCXW152624475 BCX0\">serenidade<\/span><span class=\"NormalTextRun SCXW152624475 BCX0\"> em <\/span><span class=\"NormalTextRun SpellingErrorV2Themed SCXW152624475 BCX0\">uma<\/span> <span class=\"NormalTextRun SpellingErrorV2Themed SCXW152624475 BCX0\">ilha<\/span> <span class=\"NormalTextRun SpellingErrorV2Themed SCXW152624475 BCX0\">caribenha<\/span><span class=\"NormalTextRun SCXW152624475 BCX0\">, logo <\/span><span class=\"NormalTextRun SpellingErrorV2Themed SCXW152624475 BCX0\">na<\/span><span class=\"NormalTextRun SCXW152624475 BCX0\"> costa da <\/span><span class=\"NormalTextRun SpellingErrorV2Themed SCXW152624475 BCX0\">Col\u00f4mbia<\/span><span class=\"NormalTextRun SCXW152624475 BCX0\">. <\/span><span class=\"NormalTextRun SpellingErrorV2Themed SCXW152624475 BCX0\">Voc\u00ea<\/span><span class=\"NormalTextRun SCXW152624475 BCX0\"> embarcar\u00e1 em <\/span><span class=\"NormalTextRun SpellingErrorV2Themed SCXW152624475 BCX0\">um<\/span><span class=\"NormalTextRun SCXW152624475 BCX0\"> barco privado para <\/span><span class=\"NormalTextRun SpellingErrorV2Themed SCXW152624475 BCX0\">uma<\/span> <span class=\"NormalTextRun SpellingErrorV2Themed SCXW152624475 BCX0\">viagem<\/span><span class=\"NormalTextRun SCXW152624475 BCX0\"> de 10 minutos da Cartagena continental at\u00e9 a <strong>Isla Tierra Bomba<\/strong>, onde desfrutar\u00e1 de <\/span><span class=\"NormalTextRun SpellingErrorV2Themed SCXW152624475 BCX0\">um<\/span> <span class=\"NormalTextRun SpellingErrorV2Themed SCXW152624475 BCX0\">coquetel<\/span><span class=\"NormalTextRun SCXW152624475 BCX0\"> de boas-<\/span><span class=\"NormalTextRun SpellingErrorV2Themed SCXW152624475 BCX0\">vindas<\/span><span class=\"NormalTextRun SCXW152624475 BCX0\"> e <\/span><span class=\"NormalTextRun SpellingErrorV2Themed SCXW152624475 BCX0\">acesso<\/span><span class=\"NormalTextRun SCXW152624475 BCX0\"> total <\/span><span class=\"NormalTextRun SpellingErrorV2Themed SCXW152624475 BCX0\">\u00e0s<\/span> <span class=\"NormalTextRun SpellingErrorV2Themed SCXW152624475 BCX0\">instala\u00e7\u00f5es<\/span><span class=\"NormalTextRun SCXW152624475 BCX0\"> do <strong>Hotel <\/strong><\/span><strong><span class=\"NormalTextRun SpellingErrorV2Themed SCXW152624475 BCX0\">\u00c9teka<\/span><\/strong><span class=\"NormalTextRun SCXW152624475 BCX0\"> durante o <\/span><span class=\"NormalTextRun SpellingErrorV2Themed SCXW152624475 BCX0\">dia<\/span><span class=\"NormalTextRun SCXW152624475 BCX0\">. <\/span><span class=\"NormalTextRun SpellingErrorV2Themed SCXW152624475 BCX0\">Voc\u00ea<\/span><span class=\"NormalTextRun SCXW152624475 BCX0\"> participar\u00e1 de <\/span><span class=\"NormalTextRun SpellingErrorV2Themed SCXW152624475 BCX0\">um<\/span><span class=\"NormalTextRun SCXW152624475 BCX0\"> ritual <\/span><span class=\"NormalTextRun SpellingErrorV2Themed SCXW152624475 BCX0\">Yebuma<\/span> <span class=\"NormalTextRun SpellingErrorV2Themed SCXW152624475 BCX0\">Kur\u00e1<\/span><span class=\"NormalTextRun SCXW152624475 BCX0\">\u2014<\/span><span class=\"NormalTextRun SpellingErrorV2Themed SCXW152624475 BCX0\">uma<\/span> <span class=\"NormalTextRun SpellingErrorV2Themed SCXW152624475 BCX0\">cerim\u00f4nia<\/span><span class=\"NormalTextRun SCXW152624475 BCX0\"> de &#8220;<\/span><span class=\"NormalTextRun SpellingErrorV2Themed SCXW152624475 BCX0\">renascimento<\/span><span class=\"NormalTextRun SCXW152624475 BCX0\">&#8221; que <\/span><span class=\"NormalTextRun SpellingErrorV2Themed SCXW152624475 BCX0\">inclui<\/span> <span class=\"NormalTextRun SpellingErrorV2Themed SCXW152624475 BCX0\">imers\u00e3o<\/span><span class=\"NormalTextRun SCXW152624475 BCX0\"> em <\/span><span class=\"NormalTextRun SpellingErrorV2Themed SCXW152624475 BCX0\">\u00e1gua<\/span> <span class=\"NormalTextRun SpellingErrorV2Themed SCXW152624475 BCX0\">fria<\/span><span class=\"NormalTextRun SCXW152624475 BCX0\">, <\/span><span class=\"NormalTextRun SpellingErrorV2Themed SCXW152624475 BCX0\">limpeza<\/span> <span class=\"NormalTextRun SpellingErrorV2Themed SCXW152624475 BCX0\">com<\/span> <span class=\"NormalTextRun SpellingErrorV2Themed SCXW152624475 BCX0\">s\u00e1lvia<\/span><span class=\"NormalTextRun SCXW152624475 BCX0\">, plantas <\/span><span class=\"NormalTextRun SpellingErrorV2Themed SCXW152624475 BCX0\">medicinais<\/span><span class=\"NormalTextRun SCXW152624475 BCX0\"> e <\/span><span class=\"NormalTextRun SpellingErrorV2Themed SCXW152624475 BCX0\">uma<\/span> <span class=\"NormalTextRun SpellingErrorV2Themed SCXW152624475 BCX0\">massagem<\/span><span class=\"NormalTextRun SCXW152624475 BCX0\"> suave. <\/span><span class=\"NormalTextRun SpellingErrorV2Themed SCXW152624475 BCX0\">Voc\u00ea<\/span> <span class=\"NormalTextRun SpellingErrorV2Themed SCXW152624475 BCX0\">tamb\u00e9m<\/span><span class=\"NormalTextRun SCXW152624475 BCX0\"> ser\u00e1 servido <\/span><span class=\"NormalTextRun SpellingErrorV2Themed SCXW152624475 BCX0\">com<\/span> <span class=\"NormalTextRun SpellingErrorV2Themed SCXW152624475 BCX0\">um<\/span> <span class=\"NormalTextRun SpellingErrorV2Themed SCXW152624475 BCX0\">almo\u00e7o<\/span><span class=\"NormalTextRun SCXW152624475 BCX0\"> de <\/span><span class=\"NormalTextRun SpellingErrorV2Themed SCXW152624475 BCX0\">tr\u00eas<\/span> <span class=\"NormalTextRun SpellingErrorV2Themed SCXW152624475 BCX0\">pratos<\/span><span class=\"NormalTextRun SCXW152624475 BCX0\"> e <\/span><span class=\"NormalTextRun SpellingErrorV2Themed SCXW152624475 BCX0\">duas<\/span><span class=\"NormalTextRun SCXW152624475 BCX0\"> bebidas. Exclusivamente para portadores de <\/span><span class=\"NormalTextRun SpellingErrorV2Themed SCXW152624475 BCX0\">cart\u00e3o<\/span> <span class=\"NormalTextRun SpellingErrorV2Themed SCXW152624475 BCX0\">Mastercard<\/span><span class=\"NormalTextRun SCXW152624475 BCX0\">.<\/span><\/span><span class=\"EOP SCXW152624475 BCX0\" data-ccp-props=\"{}\">\u00a0<\/span><\/p>\n","protected":false},"excerpt":{"rendered":"<p>Encontre serenidade em uma ilha caribenha, logo na costa da Col\u00f4mbia. Voc\u00ea embarcar\u00e1 em um barco privado para uma viagem de 10 minutos da Cartagena continental at\u00e9 a Isla Tierra Bomba, onde desfrutar\u00e1 de um coquetel de boas-vindas e acesso total \u00e0s instala\u00e7\u00f5es do Hotel \u00c9teka durante o dia. Voc\u00ea participar\u00e1 de um ritual Yebuma [&hellip;]<\/p>\n","protected":false},"featured_media":6337,"template":"","meta":{"_acf_changed":false,"inline_featured_image":false},"product_brand":[],"product_cat":[48],"product_tag":[],"class_list":{"0":"post-6335","1":"product","2":"type-product","3":"status-publish","4":"has-post-thumbnail","6":"product_cat-experienciasx","8":"first","9":"instock","10":"virtual","11":"sold-individually","12":"purchasable","13":"product-type-booking"},"acf":[],"_links":{"self":[{"href":"https:\/\/smartlinks-web-pdn-priceless-latam.azurewebsites.net\/pt-br\/wp-json\/wp\/v2\/product\/6335","targetHints":{"allow":["GET"]}}],"collection":[{"href":"https:\/\/smartlinks-web-pdn-priceless-latam.azurewebsites.net\/pt-br\/wp-json\/wp\/v2\/product"}],"about":[{"href":"https:\/\/smartlinks-web-pdn-priceless-latam.azurewebsites.net\/pt-br\/wp-json\/wp\/v2\/types\/product"}],"wp:featuredmedia":[{"embeddable":true,"href":"https:\/\/smartlinks-web-pdn-priceless-latam.azurewebsites.net\/pt-br\/wp-json\/wp\/v2\/media\/6337"}],"wp:attachment":[{"href":"https:\/\/smartlinks-web-pdn-priceless-latam.azurewebsites.net\/pt-br\/wp-json\/wp\/v2\/media?parent=6335"}],"wp:term":[{"taxonomy":"product_brand","embeddable":true,"href":"https:\/\/smartlinks-web-pdn-priceless-latam.azurewebsites.net\/pt-br\/wp-json\/wp\/v2\/product_brand?post=6335"},{"taxonomy":"product_cat","embeddable":true,"href":"https:\/\/smartlinks-web-pdn-priceless-latam.azurewebsites.net\/pt-br\/wp-json\/wp\/v2\/product_cat?post=6335"},{"taxonomy":"product_tag","embeddable":true,"href":"https:\/\/smartlinks-web-pdn-priceless-latam.azurewebsites.net\/pt-br\/wp-json\/wp\/v2\/product_tag?post=6335"}],"curies":[{"name":"wp","href":"https:\/\/api.w.org\/{rel}","templated":true}]}}