{"id":6602,"date":"2025-05-16T16:43:46","date_gmt":"2025-05-16T21:43:46","guid":{"rendered":"https:\/\/experienciaslatam.com\/?post_type=product&#038;p=6602"},"modified":"2025-05-16T16:50:49","modified_gmt":"2025-05-16T21:50:49","slug":"liderando-com-proposito-uma-jornada-inesquecivel-no-caminho-de-santiago-copy-2","status":"publish","type":"product","link":"https:\/\/smartlinks-web-pdn-priceless-latam.azurewebsites.net\/pt-br\/experienciasx\/liderando-com-proposito-uma-jornada-inesquecivel-no-caminho-de-santiago-copy-2\/","title":{"rendered":"Liderando com prop\u00f3sito: Uma Jornada Inesquec\u00edvel no Caminho de Santiago (Copy)"},"content":{"rendered":"<p><span data-contrast=\"auto\">Uma jornada excepcional que combina o legado milenar do Caminho de Santiago com um programa de lideran\u00e7a projetado exclusivamente para executivos de alto n\u00edvel na Am\u00e9rica Latina. Esta experi\u00eancia \u00fanica, reconhecida com o Pr\u00eamio de Excel\u00eancia Empresarial, foi concebida para l\u00edderes que desejam aprofundar seu prop\u00f3sito, ampliar sua vis\u00e3o e conectar-se com o essencial atrav\u00e9s de uma experi\u00eancia humana transformadora.<\/span><span data-ccp-props=\"{}\">\u00a0<\/span><\/p>\n<p><span data-contrast=\"auto\">Mais do que um programa, \u00e9 uma jornada interior e exterior que impulsiona os l\u00edderes a evolu\u00edrem a partir da autenticidade, em um ambiente de inspira\u00e7\u00e3o, contempla\u00e7\u00e3o e aprendizado compartilhado.<\/span><span data-ccp-props=\"{}\">\u00a0<\/span><\/p>\n","protected":false},"excerpt":{"rendered":"<p>Uma jornada excepcional que combina o legado milenar do Caminho de Santiago com um programa de lideran\u00e7a projetado exclusivamente para executivos de alto n\u00edvel na Am\u00e9rica Latina. Esta experi\u00eancia \u00fanica, reconhecida com o Pr\u00eamio de Excel\u00eancia Empresarial, foi concebida para l\u00edderes que desejam aprofundar seu prop\u00f3sito, ampliar sua vis\u00e3o e conectar-se com o essencial atrav\u00e9s [&hellip;]<\/p>\n","protected":false},"featured_media":6644,"template":"","meta":{"_acf_changed":false,"inline_featured_image":false},"product_brand":[],"product_cat":[48],"product_tag":[],"class_list":{"0":"post-6602","1":"product","2":"type-product","3":"status-publish","4":"has-post-thumbnail","6":"product_cat-experienciasx","8":"first","9":"instock","10":"shipping-taxable","11":"purchasable","12":"product-type-variable"},"acf":[],"_links":{"self":[{"href":"https:\/\/smartlinks-web-pdn-priceless-latam.azurewebsites.net\/pt-br\/wp-json\/wp\/v2\/product\/6602","targetHints":{"allow":["GET"]}}],"collection":[{"href":"https:\/\/smartlinks-web-pdn-priceless-latam.azurewebsites.net\/pt-br\/wp-json\/wp\/v2\/product"}],"about":[{"href":"https:\/\/smartlinks-web-pdn-priceless-latam.azurewebsites.net\/pt-br\/wp-json\/wp\/v2\/types\/product"}],"wp:featuredmedia":[{"embeddable":true,"href":"https:\/\/smartlinks-web-pdn-priceless-latam.azurewebsites.net\/pt-br\/wp-json\/wp\/v2\/media\/6644"}],"wp:attachment":[{"href":"https:\/\/smartlinks-web-pdn-priceless-latam.azurewebsites.net\/pt-br\/wp-json\/wp\/v2\/media?parent=6602"}],"wp:term":[{"taxonomy":"product_brand","embeddable":true,"href":"https:\/\/smartlinks-web-pdn-priceless-latam.azurewebsites.net\/pt-br\/wp-json\/wp\/v2\/product_brand?post=6602"},{"taxonomy":"product_cat","embeddable":true,"href":"https:\/\/smartlinks-web-pdn-priceless-latam.azurewebsites.net\/pt-br\/wp-json\/wp\/v2\/product_cat?post=6602"},{"taxonomy":"product_tag","embeddable":true,"href":"https:\/\/smartlinks-web-pdn-priceless-latam.azurewebsites.net\/pt-br\/wp-json\/wp\/v2\/product_tag?post=6602"}],"curies":[{"name":"wp","href":"https:\/\/api.w.org\/{rel}","templated":true}]}}