{"id":6798,"date":"2025-05-29T10:53:11","date_gmt":"2025-05-29T15:53:11","guid":{"rendered":"https:\/\/experienciaslatam.com\/?post_type=product&#038;p=6798"},"modified":"2025-07-08T00:32:12","modified_gmt":"2025-07-08T05:32:12","slug":"ganhe-raros-produtos-da-uefa-champions-league-autografados-por-uma-lenda-de-elite-do-futebol","status":"publish","type":"product","link":"https:\/\/smartlinks-web-pdn-priceless-latam.azurewebsites.net\/pt-br\/experienciasx\/ganhe-raros-produtos-da-uefa-champions-league-autografados-por-uma-lenda-de-elite-do-futebol\/","title":{"rendered":"Ganhe raros produtos da UEFA Champions League autografados por uma lenda de elite do futebol"},"content":{"rendered":"<p>Tenha uma pe\u00e7a ic\u00f4nica da hist\u00f3ria da UEFA Champions League com um maravilhoso kit de recorda\u00e7\u00f5es assinadas por uma lenda do futebol. Voc\u00ea receber\u00e1 uma bola de futebol adidas especial e a camisa oficial do time, ambas autografadas pelo lend\u00e1rio \u00eddolo da Inter de Mil\u00e3o, Diego Lugano. Voc\u00ea tamb\u00e9m receber\u00e1 uma bolsa de cordas com a marca, perfeita para carregar seu equipamento de futebol para onde quer que o esporte o leve. Al\u00e9m disso, voc\u00ea desfrutar\u00e1 da conveni\u00eancia inigual\u00e1vel de receber esse incr\u00edvel pacote colecion\u00e1vel diretamente na sua porta, pronto para estimular conversas cintilantes e lembran\u00e7as preciosas nos pr\u00f3ximos anos. Exclusivo para titulares de cart\u00f5es Mastercard.<\/p>\n<p><b><span data-contrast=\"auto\">O que \u00e9 invaluable<\/span><\/b><span data-contrast=\"auto\">:<\/span><span data-ccp-props=\"{&quot;134233117&quot;:false,&quot;134233118&quot;:false,&quot;335551550&quot;:6,&quot;335551620&quot;:6,&quot;335559738&quot;:240,&quot;335559739&quot;:240}\">\u00a0<\/span><\/p>\n<p>Sentir-se como um torcedor de primeira linha ao exibir pe\u00e7as da hist\u00f3ria da UEFA Champions League assinadas por um astro do futebol.<\/p>\n","protected":false},"excerpt":{"rendered":"<p>Tenha uma pe\u00e7a ic\u00f4nica da hist\u00f3ria da UEFA Champions League com um maravilhoso kit de recorda\u00e7\u00f5es assinadas por uma lenda do futebol. Voc\u00ea receber\u00e1 uma bola de futebol adidas especial e a camisa oficial do time, ambas autografadas pelo lend\u00e1rio \u00eddolo da Inter de Mil\u00e3o, Diego Lugano. Voc\u00ea tamb\u00e9m receber\u00e1 uma bolsa de cordas com [&hellip;]<\/p>\n","protected":false},"featured_media":6871,"template":"","meta":{"_acf_changed":false,"inline_featured_image":false},"product_brand":[],"product_cat":[48,54],"product_tag":[],"class_list":{"0":"post-6798","1":"product","2":"type-product","3":"status-publish","4":"has-post-thumbnail","6":"product_cat-experienciasx","7":"product_cat-libertadoresx","9":"first","10":"instock","11":"sold-individually","12":"shipping-taxable","13":"purchasable","14":"product-type-simple"},"acf":[],"_links":{"self":[{"href":"https:\/\/smartlinks-web-pdn-priceless-latam.azurewebsites.net\/pt-br\/wp-json\/wp\/v2\/product\/6798","targetHints":{"allow":["GET"]}}],"collection":[{"href":"https:\/\/smartlinks-web-pdn-priceless-latam.azurewebsites.net\/pt-br\/wp-json\/wp\/v2\/product"}],"about":[{"href":"https:\/\/smartlinks-web-pdn-priceless-latam.azurewebsites.net\/pt-br\/wp-json\/wp\/v2\/types\/product"}],"wp:featuredmedia":[{"embeddable":true,"href":"https:\/\/smartlinks-web-pdn-priceless-latam.azurewebsites.net\/pt-br\/wp-json\/wp\/v2\/media\/6871"}],"wp:attachment":[{"href":"https:\/\/smartlinks-web-pdn-priceless-latam.azurewebsites.net\/pt-br\/wp-json\/wp\/v2\/media?parent=6798"}],"wp:term":[{"taxonomy":"product_brand","embeddable":true,"href":"https:\/\/smartlinks-web-pdn-priceless-latam.azurewebsites.net\/pt-br\/wp-json\/wp\/v2\/product_brand?post=6798"},{"taxonomy":"product_cat","embeddable":true,"href":"https:\/\/smartlinks-web-pdn-priceless-latam.azurewebsites.net\/pt-br\/wp-json\/wp\/v2\/product_cat?post=6798"},{"taxonomy":"product_tag","embeddable":true,"href":"https:\/\/smartlinks-web-pdn-priceless-latam.azurewebsites.net\/pt-br\/wp-json\/wp\/v2\/product_tag?post=6798"}],"curies":[{"name":"wp","href":"https:\/\/api.w.org\/{rel}","templated":true}]}}