{"id":7150,"date":"2025-06-26T11:24:39","date_gmt":"2025-06-26T16:24:39","guid":{"rendered":"https:\/\/experienciaslatam.com\/?post_type=product&#038;p=7150"},"modified":"2026-03-26T11:52:16","modified_gmt":"2026-03-26T16:52:16","slug":"discover-the-architectural-soul-of-rio-with-an-artist-as-your-guide","status":"publish","type":"product","link":"https:\/\/smartlinks-web-pdn-priceless-latam.azurewebsites.net\/pt-br\/experienciasx\/discover-the-architectural-soul-of-rio-with-an-artist-as-your-guide\/","title":{"rendered":"Descubra a alma arquitet\u00f4nica do Rio com uma artista como guia"},"content":{"rendered":"<p><span class=\"TextRun SCXW263214169 BCX0\" lang=\"ES-ES\" xml:lang=\"ES-ES\" data-contrast=\"auto\"><span class=\"NormalTextRun SCXW263214169 BCX0\">Desfrute da <\/span><span class=\"NormalTextRun SpellingErrorV2Themed SCXW263214169 BCX0\">Paisagem<\/span><span class=\"NormalTextRun SCXW263214169 BCX0\"> Cultural <\/span><span class=\"NormalTextRun SpellingErrorV2Themed SCXW263214169 BCX0\">Patrim\u00f4nio<\/span><span class=\"NormalTextRun SCXW263214169 BCX0\"> Mundial da UNESCO que \u00e9 o Rio de Janeiro em <\/span><span class=\"NormalTextRun SpellingErrorV2Themed SCXW263214169 BCX0\">um<\/span><span class=\"NormalTextRun SCXW263214169 BCX0\"> tour privado de <\/span><span class=\"NormalTextRun SpellingErrorV2Themed SCXW263214169 BCX0\">arquitetura<\/span><span class=\"NormalTextRun SCXW263214169 BCX0\"> guiado pela artista visual e <\/span><span class=\"NormalTextRun SpellingErrorV2Themed SCXW263214169 BCX0\">guia<\/span><span class=\"NormalTextRun SCXW263214169 BCX0\"> licenciada Tatiane Araujo da Silva. Este <\/span><span class=\"NormalTextRun SpellingErrorV2Themed SCXW263214169 BCX0\">itiner\u00e1rio<\/span><span class=\"NormalTextRun SCXW263214169 BCX0\"> personalizado destaca o <\/span><span class=\"NormalTextRun SpellingErrorV2Themed SCXW263214169 BCX0\">ousado<\/span> <span class=\"NormalTextRun SpellingErrorV2Themed SCXW263214169 BCX0\">esp\u00edrito<\/span> <span class=\"NormalTextRun SpellingErrorV2Themed SCXW263214169 BCX0\">criativo<\/span><span class=\"NormalTextRun SCXW263214169 BCX0\"> de Oscar Niemeyer e a <\/span><span class=\"NormalTextRun SpellingErrorV2Themed SCXW263214169 BCX0\">eleg\u00e2ncia<\/span><span class=\"NormalTextRun SCXW263214169 BCX0\"> futurista de Santiago Calatrava, <\/span><span class=\"NormalTextRun SpellingErrorV2Themed SCXW263214169 BCX0\">apresentando<\/span> <span class=\"NormalTextRun SpellingErrorV2Themed SCXW263214169 BCX0\">um<\/span> <span class=\"NormalTextRun SpellingErrorV2Themed SCXW263214169 BCX0\">design<\/span><span class=\"NormalTextRun SCXW263214169 BCX0\"> urbano <\/span><span class=\"NormalTextRun SpellingErrorV2Themed SCXW263214169 BCX0\">vision\u00e1rio<\/span><span class=\"NormalTextRun SCXW263214169 BCX0\">, <\/span><span class=\"NormalTextRun SpellingErrorV2Themed SCXW263214169 BCX0\">\u00edcones<\/span> <span class=\"NormalTextRun SpellingErrorV2Themed SCXW263214169 BCX0\">culturais<\/span><span class=\"NormalTextRun SCXW263214169 BCX0\"> e <\/span><span class=\"NormalTextRun SpellingErrorV2Themed SCXW263214169 BCX0\">paisagens<\/span><span class=\"NormalTextRun SCXW263214169 BCX0\"> deslumbrantes. <\/span><span class=\"NormalTextRun SpellingErrorV2Themed SCXW263214169 BCX0\">Voc\u00ea<\/span><span class=\"NormalTextRun SCXW263214169 BCX0\"> explorar\u00e1 o <\/span><span class=\"NormalTextRun SpellingErrorV2Themed SCXW263214169 BCX0\">Museu<\/span><span class=\"NormalTextRun SCXW263214169 BCX0\"> de Arte <\/span><span class=\"NormalTextRun SpellingErrorV2Themed SCXW263214169 BCX0\">Contempor\u00e2nea<\/span><span class=\"NormalTextRun SCXW263214169 BCX0\"> de Niter\u00f3i (MAC Niter\u00f3i) e visitar\u00e1 o <\/span><span class=\"NormalTextRun SpellingErrorV2Themed SCXW263214169 BCX0\">Caminho<\/span><span class=\"NormalTextRun SCXW263214169 BCX0\"> Niemeyer, o <\/span><span class=\"NormalTextRun SpellingErrorV2Themed SCXW263214169 BCX0\">Museu<\/span><span class=\"NormalTextRun SCXW263214169 BCX0\"> do <\/span><span class=\"NormalTextRun SpellingErrorV2Themed SCXW263214169 BCX0\">Amanh\u00e3<\/span><span class=\"NormalTextRun SCXW263214169 BCX0\"> e <\/span><span class=\"NormalTextRun SpellingErrorV2Themed SCXW263214169 BCX0\">outras<\/span> <span class=\"NormalTextRun SpellingErrorV2Themed SCXW263214169 BCX0\">joias<\/span><span class=\"NormalTextRun SCXW263214169 BCX0\"> antes de brindar <\/span><span class=\"NormalTextRun SpellingErrorV2Themed SCXW263214169 BCX0\">com<\/span> <span class=\"NormalTextRun SpellingErrorV2Themed SCXW263214169 BCX0\">uma<\/span><span class=\"NormalTextRun SCXW263214169 BCX0\"> bebida de <\/span><span class=\"NormalTextRun SpellingErrorV2Themed SCXW263214169 BCX0\">cortesia<\/span><span class=\"NormalTextRun SCXW263214169 BCX0\"> no <\/span><span class=\"NormalTextRun SpellingErrorV2Themed SCXW263214169 BCX0\">rooftop<\/span><span class=\"NormalTextRun SCXW263214169 BCX0\"> sofisticado do <\/span><span class=\"NormalTextRun SpellingErrorV2Themed SCXW263214169 BCX0\">Xian<\/span><span class=\"NormalTextRun SCXW263214169 BCX0\"> Rio, <\/span><span class=\"NormalTextRun SpellingErrorV2Themed SCXW263214169 BCX0\">com<\/span><span class=\"NormalTextRun SCXW263214169 BCX0\"> vistas <\/span><span class=\"NormalTextRun SpellingErrorV2Themed SCXW263214169 BCX0\">panor\u00e2micas<\/span><span class=\"NormalTextRun SCXW263214169 BCX0\"> do skyline carioca <\/span><span class=\"NormalTextRun ContextualSpellingAndGrammarErrorV2Themed SCXW263214169 BCX0\">e<\/span><span class=\"NormalTextRun SCXW263214169 BCX0\"> da <\/span><span class=\"NormalTextRun SpellingErrorV2Themed SCXW263214169 BCX0\">Ba\u00eda<\/span><span class=\"NormalTextRun SCXW263214169 BCX0\"> de <\/span><span class=\"NormalTextRun SpellingErrorV2Themed SCXW263214169 BCX0\">Guanabara<\/span><span class=\"NormalTextRun SCXW263214169 BCX0\">. Exclusivo para portadores de <\/span><span class=\"NormalTextRun SpellingErrorV2Themed SCXW263214169 BCX0\">cart\u00e3o<\/span> <span class=\"NormalTextRun SpellingErrorV2Themed SCXW263214169 BCX0\">Mastercard<\/span><span class=\"NormalTextRun SCXW263214169 BCX0\">.<\/span><\/span><span class=\"EOP SCXW263214169 BCX0\" data-ccp-props=\"{}\">\u00a0<\/span><\/p>\n","protected":false},"excerpt":{"rendered":"<p>Desfrute da Paisagem Cultural Patrim\u00f4nio Mundial da UNESCO que \u00e9 o Rio de Janeiro em um tour privado de arquitetura guiado pela artista visual e guia licenciada Tatiane Araujo da Silva. Este itiner\u00e1rio personalizado destaca o ousado esp\u00edrito criativo de Oscar Niemeyer e a eleg\u00e2ncia futurista de Santiago Calatrava, apresentando um design urbano vision\u00e1rio, \u00edcones [&hellip;]<\/p>\n","protected":false},"featured_media":7153,"template":"","meta":{"_acf_changed":false,"inline_featured_image":false},"product_brand":[],"product_cat":[48],"product_tag":[],"class_list":{"0":"post-7150","1":"product","2":"type-product","3":"status-publish","4":"has-post-thumbnail","6":"product_cat-experienciasx","8":"first","9":"instock","10":"virtual","11":"sold-individually","12":"purchasable","13":"product-type-booking"},"acf":[],"_links":{"self":[{"href":"https:\/\/smartlinks-web-pdn-priceless-latam.azurewebsites.net\/pt-br\/wp-json\/wp\/v2\/product\/7150","targetHints":{"allow":["GET"]}}],"collection":[{"href":"https:\/\/smartlinks-web-pdn-priceless-latam.azurewebsites.net\/pt-br\/wp-json\/wp\/v2\/product"}],"about":[{"href":"https:\/\/smartlinks-web-pdn-priceless-latam.azurewebsites.net\/pt-br\/wp-json\/wp\/v2\/types\/product"}],"wp:featuredmedia":[{"embeddable":true,"href":"https:\/\/smartlinks-web-pdn-priceless-latam.azurewebsites.net\/pt-br\/wp-json\/wp\/v2\/media\/7153"}],"wp:attachment":[{"href":"https:\/\/smartlinks-web-pdn-priceless-latam.azurewebsites.net\/pt-br\/wp-json\/wp\/v2\/media?parent=7150"}],"wp:term":[{"taxonomy":"product_brand","embeddable":true,"href":"https:\/\/smartlinks-web-pdn-priceless-latam.azurewebsites.net\/pt-br\/wp-json\/wp\/v2\/product_brand?post=7150"},{"taxonomy":"product_cat","embeddable":true,"href":"https:\/\/smartlinks-web-pdn-priceless-latam.azurewebsites.net\/pt-br\/wp-json\/wp\/v2\/product_cat?post=7150"},{"taxonomy":"product_tag","embeddable":true,"href":"https:\/\/smartlinks-web-pdn-priceless-latam.azurewebsites.net\/pt-br\/wp-json\/wp\/v2\/product_tag?post=7150"}],"curies":[{"name":"wp","href":"https:\/\/api.w.org\/{rel}","templated":true}]}}