{"id":7283,"date":"2025-07-10T17:12:01","date_gmt":"2025-07-10T22:12:01","guid":{"rendered":"https:\/\/experienciaslatam.com\/?post_type=product&#038;p=7283"},"modified":"2026-03-25T16:44:51","modified_gmt":"2026-03-25T21:44:51","slug":"assista-a-um-show-magico-de-tango-e-faca-uma-aula-com-um-membro-do-elenco","status":"publish","type":"product","link":"https:\/\/smartlinks-web-pdn-priceless-latam.azurewebsites.net\/pt-br\/experienciasx\/assista-a-um-show-magico-de-tango-e-faca-uma-aula-com-um-membro-do-elenco\/","title":{"rendered":"Assista a um show m\u00e1gico de tango e fa\u00e7a uma aula com um membro do elenco"},"content":{"rendered":"<p><span class=\"TextRun SCXW88017725 BCX0\" lang=\"ES-ES\" xml:lang=\"ES-ES\" data-contrast=\"auto\"><span class=\"NormalTextRun SpellingErrorV2Themed SCXW88017725 BCX0\">Mergulhe<\/span><span class=\"NormalTextRun SCXW88017725 BCX0\"> em <\/span><span class=\"NormalTextRun SpellingErrorV2Themed SCXW88017725 BCX0\">uma<\/span> <span class=\"NormalTextRun SpellingErrorV2Themed SCXW88017725 BCX0\">noite<\/span><span class=\"NormalTextRun SCXW88017725 BCX0\"> de <\/span><span class=\"NormalTextRun SpellingErrorV2Themed SCXW88017725 BCX0\">dan\u00e7a<\/span><span class=\"NormalTextRun SCXW88017725 BCX0\"> no teatro <\/span><\/span><span class=\"TextRun SCXW88017725 BCX0\" lang=\"ES-ES\" xml:lang=\"ES-ES\" data-contrast=\"auto\"><span class=\"NormalTextRun SCXW88017725 BCX0\">Tango Porte\u00f1o<\/span><\/span><span class=\"TextRun SCXW88017725 BCX0\" lang=\"ES-ES\" xml:lang=\"ES-ES\" data-contrast=\"auto\"><span class=\"NormalTextRun SCXW88017725 BCX0\">, em Buenos Aires. <\/span><span class=\"NormalTextRun SpellingErrorV2Themed SCXW88017725 BCX0\">Primeiro<\/span><span class=\"NormalTextRun SCXW88017725 BCX0\">, <\/span><span class=\"NormalTextRun SpellingErrorV2Themed SCXW88017725 BCX0\">um<\/span><span class=\"NormalTextRun SCXW88017725 BCX0\"> membro do elenco ir\u00e1 <\/span><span class=\"NormalTextRun SpellingErrorV2Themed SCXW88017725 BCX0\">gui\u00e1<\/span><span class=\"NormalTextRun SCXW88017725 BCX0\">-lo pelos <\/span><span class=\"NormalTextRun SpellingErrorV2Themed SCXW88017725 BCX0\">passos<\/span><span class=\"NormalTextRun SCXW88017725 BCX0\"> do tango, <\/span><span class=\"NormalTextRun SpellingErrorV2Themed SCXW88017725 BCX0\">reconhecido<\/span><span class=\"NormalTextRun SCXW88017725 BCX0\"> como <\/span><span class=\"NormalTextRun SpellingErrorV2Themed SCXW88017725 BCX0\">Patrim\u00f4nio<\/span><span class=\"NormalTextRun SCXW88017725 BCX0\"> Cultural <\/span><span class=\"NormalTextRun SpellingErrorV2Themed SCXW88017725 BCX0\">Imaterial<\/span><span class=\"NormalTextRun SCXW88017725 BCX0\"> da <\/span><span class=\"NormalTextRun SpellingErrorV2Themed SCXW88017725 BCX0\">Humanidade<\/span><span class=\"NormalTextRun SCXW88017725 BCX0\"> pela UNESCO. <\/span><span class=\"NormalTextRun SpellingErrorV2Themed SCXW88017725 BCX0\">Depois<\/span><span class=\"NormalTextRun SCXW88017725 BCX0\">, <\/span><span class=\"NormalTextRun SpellingErrorV2Themed SCXW88017725 BCX0\">voc\u00ea<\/span> <span class=\"NormalTextRun SpellingErrorV2Themed SCXW88017725 BCX0\">assistir\u00e1<\/span><span class=\"NormalTextRun SCXW88017725 BCX0\"> a <\/span><span class=\"NormalTextRun SpellingErrorV2Themed SCXW88017725 BCX0\">uma<\/span> <span class=\"NormalTextRun SpellingErrorV2Themed SCXW88017725 BCX0\">apresenta\u00e7\u00e3o<\/span> <span class=\"NormalTextRun SpellingErrorV2Themed SCXW88017725 BCX0\">inesquec\u00edvel<\/span> <span class=\"NormalTextRun SpellingErrorV2Themed SCXW88017725 BCX0\">com<\/span><span class=\"NormalTextRun SCXW88017725 BCX0\"> m\u00fasicos <\/span><span class=\"NormalTextRun SpellingErrorV2Themed SCXW88017725 BCX0\">ao<\/span><span class=\"NormalTextRun SCXW88017725 BCX0\"> vivo, <\/span><span class=\"NormalTextRun SpellingErrorV2Themed SCXW88017725 BCX0\">acompanhada<\/span><span class=\"NormalTextRun SCXW88017725 BCX0\"> de <\/span><span class=\"NormalTextRun SpellingErrorV2Themed SCXW88017725 BCX0\">dois<\/span><span class=\"NormalTextRun SCXW88017725 BCX0\"> Fernet <\/span><span class=\"NormalTextRun SpellingErrorV2Themed SCXW88017725 BCX0\">com<\/span><span class=\"NormalTextRun SCXW88017725 BCX0\"> Coca e <\/span><span class=\"NormalTextRun SpellingErrorV2Themed SCXW88017725 BCX0\">um<\/span> <span class=\"NormalTextRun SpellingErrorV2Themed SCXW88017725 BCX0\">jantar<\/span><span class=\"NormalTextRun SCXW88017725 BCX0\"> argentino de <\/span><span class=\"NormalTextRun SpellingErrorV2Themed SCXW88017725 BCX0\">tr\u00eas<\/span> <span class=\"NormalTextRun SpellingErrorV2Themed SCXW88017725 BCX0\">pratos<\/span><span class=\"NormalTextRun SCXW88017725 BCX0\">. <\/span><span class=\"NormalTextRun SpellingErrorV2Themed SCXW88017725 BCX0\">Voc\u00ea<\/span> <span class=\"NormalTextRun SpellingErrorV2Themed SCXW88017725 BCX0\">ainda<\/span> <span class=\"NormalTextRun SpellingErrorV2Themed SCXW88017725 BCX0\">receber\u00e1<\/span> <span class=\"NormalTextRun SpellingErrorV2Themed SCXW88017725 BCX0\">uma<\/span> <span class=\"NormalTextRun SpellingErrorV2Themed SCXW88017725 BCX0\">fotografia<\/span> <span class=\"NormalTextRun SpellingErrorV2Themed SCXW88017725 BCX0\">impressa<\/span><span class=\"NormalTextRun SCXW88017725 BCX0\"> como <\/span><span class=\"NormalTextRun SpellingErrorV2Themed SCXW88017725 BCX0\">recorda\u00e7\u00e3o<\/span><span class=\"NormalTextRun SCXW88017725 BCX0\"> de <\/span><span class=\"NormalTextRun SpellingErrorV2Themed SCXW88017725 BCX0\">uma<\/span> <span class=\"NormalTextRun SpellingErrorV2Themed SCXW88017725 BCX0\">noite<\/span> <span class=\"NormalTextRun SpellingErrorV2Themed SCXW88017725 BCX0\">maravilhosa<\/span><span class=\"NormalTextRun SCXW88017725 BCX0\">. Exclusivo para portadores de <\/span><span class=\"NormalTextRun SpellingErrorV2Themed SCXW88017725 BCX0\">cart\u00e3o<\/span> <span class=\"NormalTextRun SpellingErrorV2Themed SCXW88017725 BCX0\">Mastercard<\/span><span class=\"NormalTextRun SCXW88017725 BCX0\">.<\/span><\/span><span class=\"EOP SCXW88017725 BCX0\" data-ccp-props=\"{&quot;134233117&quot;:false,&quot;134233118&quot;:false,&quot;335551550&quot;:0,&quot;335551620&quot;:0,&quot;335559738&quot;:240,&quot;335559739&quot;:240}\">\u00a0<\/span><\/p>\n","protected":false},"excerpt":{"rendered":"<p>Mergulhe em uma noite de dan\u00e7a no teatro Tango Porte\u00f1o, em Buenos Aires. Primeiro, um membro do elenco ir\u00e1 gui\u00e1-lo pelos passos do tango, reconhecido como Patrim\u00f4nio Cultural Imaterial da Humanidade pela UNESCO. Depois, voc\u00ea assistir\u00e1 a uma apresenta\u00e7\u00e3o inesquec\u00edvel com m\u00fasicos ao vivo, acompanhada de dois Fernet com Coca e um jantar argentino de [&hellip;]<\/p>\n","protected":false},"featured_media":7285,"template":"","meta":{"_acf_changed":false,"inline_featured_image":false},"product_brand":[],"product_cat":[48],"product_tag":[],"class_list":{"0":"post-7283","1":"product","2":"type-product","3":"status-publish","4":"has-post-thumbnail","6":"product_cat-experienciasx","8":"first","9":"instock","10":"virtual","11":"sold-individually","12":"purchasable","13":"product-type-booking"},"acf":[],"_links":{"self":[{"href":"https:\/\/smartlinks-web-pdn-priceless-latam.azurewebsites.net\/pt-br\/wp-json\/wp\/v2\/product\/7283","targetHints":{"allow":["GET"]}}],"collection":[{"href":"https:\/\/smartlinks-web-pdn-priceless-latam.azurewebsites.net\/pt-br\/wp-json\/wp\/v2\/product"}],"about":[{"href":"https:\/\/smartlinks-web-pdn-priceless-latam.azurewebsites.net\/pt-br\/wp-json\/wp\/v2\/types\/product"}],"wp:featuredmedia":[{"embeddable":true,"href":"https:\/\/smartlinks-web-pdn-priceless-latam.azurewebsites.net\/pt-br\/wp-json\/wp\/v2\/media\/7285"}],"wp:attachment":[{"href":"https:\/\/smartlinks-web-pdn-priceless-latam.azurewebsites.net\/pt-br\/wp-json\/wp\/v2\/media?parent=7283"}],"wp:term":[{"taxonomy":"product_brand","embeddable":true,"href":"https:\/\/smartlinks-web-pdn-priceless-latam.azurewebsites.net\/pt-br\/wp-json\/wp\/v2\/product_brand?post=7283"},{"taxonomy":"product_cat","embeddable":true,"href":"https:\/\/smartlinks-web-pdn-priceless-latam.azurewebsites.net\/pt-br\/wp-json\/wp\/v2\/product_cat?post=7283"},{"taxonomy":"product_tag","embeddable":true,"href":"https:\/\/smartlinks-web-pdn-priceless-latam.azurewebsites.net\/pt-br\/wp-json\/wp\/v2\/product_tag?post=7283"}],"curies":[{"name":"wp","href":"https:\/\/api.w.org\/{rel}","templated":true}]}}