{"id":7379,"date":"2025-07-14T16:43:31","date_gmt":"2025-07-14T21:43:31","guid":{"rendered":"https:\/\/experienciaslatam.com\/?post_type=product&#038;p=7379"},"modified":"2026-03-25T16:54:41","modified_gmt":"2026-03-25T21:54:41","slug":"saboreie-os-sabores-vibrantes-de-buenos-aires-em-um-tour-gastronomico-a-pe","status":"publish","type":"product","link":"https:\/\/smartlinks-web-pdn-priceless-latam.azurewebsites.net\/pt-br\/experienciasx\/saboreie-os-sabores-vibrantes-de-buenos-aires-em-um-tour-gastronomico-a-pe\/","title":{"rendered":"Saboreie os sabores vibrantes de Buenos Aires em um tour gastron\u00f4mico a p\u00e9"},"content":{"rendered":"<p><span class=\"TextRun SCXW38914263 BCX0\" lang=\"ES-ES\" xml:lang=\"ES-ES\" data-contrast=\"auto\"><span class=\"NormalTextRun SCXW38914263 BCX0\">Embarque em <\/span><span class=\"NormalTextRun SpellingErrorV2Themed SCXW38914263 BCX0\">uma<\/span><span class=\"NormalTextRun SCXW38914263 BCX0\"> jornada de sabor e <\/span><span class=\"NormalTextRun SpellingErrorV2Themed SCXW38914263 BCX0\">hist\u00f3ria<\/span> <span class=\"NormalTextRun SpellingErrorV2Themed SCXW38914263 BCX0\">com<\/span> <span class=\"NormalTextRun SpellingErrorV2Themed SCXW38914263 BCX0\">um<\/span> <span class=\"NormalTextRun SpellingErrorV2Themed SCXW38914263 BCX0\">passeio<\/span><span class=\"NormalTextRun SCXW38914263 BCX0\"> a <\/span><span class=\"NormalTextRun SpellingErrorV2Themed SCXW38914263 BCX0\">p\u00e9<\/span><span class=\"NormalTextRun SCXW38914263 BCX0\"> por Buenos Aires, visitando os pontos <\/span><span class=\"NormalTextRun SpellingErrorV2Themed SCXW38914263 BCX0\">gastron\u00f4micos<\/span> <span class=\"NormalTextRun SpellingErrorV2Themed SCXW38914263 BCX0\">mais<\/span> <span class=\"NormalTextRun SpellingErrorV2Themed SCXW38914263 BCX0\">not\u00e1veis<\/span><span class=\"NormalTextRun SCXW38914263 BCX0\"> e deliciosos. <\/span><span class=\"NormalTextRun SpellingErrorV2Themed SCXW38914263 BCX0\">Um<\/span> <span class=\"NormalTextRun SpellingErrorV2Themed SCXW38914263 BCX0\">guia<\/span><span class=\"NormalTextRun SCXW38914263 BCX0\"> especializado <\/span><span class=\"NormalTextRun SpellingErrorV2Themed SCXW38914263 BCX0\">acompanhar\u00e1<\/span> <span class=\"NormalTextRun SpellingErrorV2Themed SCXW38914263 BCX0\">voc\u00ea<\/span><span class=\"NormalTextRun SCXW38914263 BCX0\"> por <\/span><span class=\"NormalTextRun SpellingErrorV2Themed SCXW38914263 BCX0\">belos<\/span> <span class=\"NormalTextRun SpellingErrorV2Themed SCXW38914263 BCX0\">edif\u00edcios<\/span> <span class=\"NormalTextRun SpellingErrorV2Themed SCXW38914263 BCX0\">antigos<\/span><span class=\"NormalTextRun SCXW38914263 BCX0\"> at\u00e9 <\/span><span class=\"NormalTextRun SpellingErrorV2Themed SCXW38914263 BCX0\">tr\u00eas<\/span><span class=\"NormalTextRun SCXW38914263 BCX0\"> restaurantes famosos que <\/span><span class=\"NormalTextRun SpellingErrorV2Themed SCXW38914263 BCX0\">contam<\/span><span class=\"NormalTextRun SCXW38914263 BCX0\"> a <\/span><span class=\"NormalTextRun SpellingErrorV2Themed SCXW38914263 BCX0\">hist\u00f3ria<\/span><span class=\"NormalTextRun SCXW38914263 BCX0\"> de <\/span><span class=\"NormalTextRun SpellingErrorV2Themed SCXW38914263 BCX0\">uma<\/span> <span class=\"NormalTextRun SpellingErrorV2Themed SCXW38914263 BCX0\">cidade<\/span><span class=\"NormalTextRun SCXW38914263 BCX0\"> marcada pela <\/span><span class=\"NormalTextRun SpellingErrorV2Themed SCXW38914263 BCX0\">influ\u00eancia<\/span> <span class=\"NormalTextRun SpellingErrorV2Themed SCXW38914263 BCX0\">europeia<\/span><span class=\"NormalTextRun SCXW38914263 BCX0\">, especialmente italiana. <\/span><span class=\"NormalTextRun SpellingErrorV2Themed SCXW38914263 BCX0\">Voc\u00ea<\/span><span class=\"NormalTextRun SCXW38914263 BCX0\"> degustar\u00e1 <\/span><span class=\"NormalTextRun SpellingErrorV2Themed SCXW38914263 BCX0\">uma<\/span><span class=\"NormalTextRun SCXW38914263 BCX0\"> ampla <\/span><span class=\"NormalTextRun SpellingErrorV2Themed SCXW38914263 BCX0\">variedade<\/span><span class=\"NormalTextRun SCXW38914263 BCX0\"> de iguarias <\/span><span class=\"NormalTextRun SpellingErrorV2Themed SCXW38914263 BCX0\">locais<\/span><span class=\"NormalTextRun SCXW38914263 BCX0\">, como bife de chorizo, empanadas, alfajores, pizza porte\u00f1a, <\/span><span class=\"NormalTextRun SpellingErrorV2Themed SCXW38914263 BCX0\">sorvete<\/span><span class=\"NormalTextRun SCXW38914263 BCX0\"> artesanal <\/span><span class=\"NormalTextRun ContextualSpellingAndGrammarErrorV2Themed SCXW38914263 BCX0\">e<\/span><span class=\"NormalTextRun SCXW38914263 BCX0\"> caf\u00e9, cercado por moradores <\/span><span class=\"NormalTextRun SpellingErrorV2Themed SCXW38914263 BCX0\">locais<\/span><span class=\"NormalTextRun SCXW38914263 BCX0\"> e <\/span><span class=\"NormalTextRun SpellingErrorV2Themed SCXW38914263 BCX0\">outros<\/span><span class=\"NormalTextRun SCXW38914263 BCX0\"> amantes da <\/span><span class=\"NormalTextRun SpellingErrorV2Themed SCXW38914263 BCX0\">gastronomia<\/span><span class=\"NormalTextRun SCXW38914263 BCX0\">. <\/span><span class=\"NormalTextRun SpellingErrorV2Themed SCXW38914263 BCX0\">Ao<\/span><span class=\"NormalTextRun SCXW38914263 BCX0\"> final do <\/span><span class=\"NormalTextRun SpellingErrorV2Themed SCXW38914263 BCX0\">passeio<\/span><span class=\"NormalTextRun SCXW38914263 BCX0\">, <\/span><span class=\"NormalTextRun SpellingErrorV2Themed SCXW38914263 BCX0\">voc\u00ea<\/span> <span class=\"NormalTextRun SpellingErrorV2Themed SCXW38914263 BCX0\">receber\u00e1<\/span> <span class=\"NormalTextRun SpellingErrorV2Themed SCXW38914263 BCX0\">um<\/span><span class=\"NormalTextRun SCXW38914263 BCX0\"> kit de mate <\/span><span class=\"NormalTextRun ContextualSpellingAndGrammarErrorV2Themed SCXW38914263 BCX0\">e<\/span><span class=\"NormalTextRun SCXW38914263 BCX0\"> doce de <\/span><span class=\"NormalTextRun SpellingErrorV2Themed SCXW38914263 BCX0\">leite<\/span><span class=\"NormalTextRun SCXW38914263 BCX0\"> artesanal como <\/span><span class=\"NormalTextRun SpellingErrorV2Themed SCXW38914263 BCX0\">lembran\u00e7a<\/span><span class=\"NormalTextRun SCXW38914263 BCX0\">. Exclusivo para portadores de <\/span><span class=\"NormalTextRun SpellingErrorV2Themed SCXW38914263 BCX0\">cart\u00e3o<\/span> <span class=\"NormalTextRun SpellingErrorV2Themed SCXW38914263 BCX0\">Mastercard<\/span><span class=\"NormalTextRun SCXW38914263 BCX0\">.<\/span><\/span><span class=\"EOP SCXW38914263 BCX0\" data-ccp-props=\"{}\">\u00a0<\/span><\/p>\n","protected":false},"excerpt":{"rendered":"<p>Embarque em uma jornada de sabor e hist\u00f3ria com um passeio a p\u00e9 por Buenos Aires, visitando os pontos gastron\u00f4micos mais not\u00e1veis e deliciosos. Um guia especializado acompanhar\u00e1 voc\u00ea por belos edif\u00edcios antigos at\u00e9 tr\u00eas restaurantes famosos que contam a hist\u00f3ria de uma cidade marcada pela influ\u00eancia europeia, especialmente italiana. Voc\u00ea degustar\u00e1 uma ampla variedade [&hellip;]<\/p>\n","protected":false},"featured_media":7381,"template":"","meta":{"_acf_changed":false,"inline_featured_image":false},"product_brand":[],"product_cat":[48],"product_tag":[],"class_list":{"0":"post-7379","1":"product","2":"type-product","3":"status-publish","4":"has-post-thumbnail","6":"product_cat-experienciasx","8":"first","9":"instock","10":"virtual","11":"sold-individually","12":"purchasable","13":"product-type-booking"},"acf":[],"_links":{"self":[{"href":"https:\/\/smartlinks-web-pdn-priceless-latam.azurewebsites.net\/pt-br\/wp-json\/wp\/v2\/product\/7379","targetHints":{"allow":["GET"]}}],"collection":[{"href":"https:\/\/smartlinks-web-pdn-priceless-latam.azurewebsites.net\/pt-br\/wp-json\/wp\/v2\/product"}],"about":[{"href":"https:\/\/smartlinks-web-pdn-priceless-latam.azurewebsites.net\/pt-br\/wp-json\/wp\/v2\/types\/product"}],"wp:featuredmedia":[{"embeddable":true,"href":"https:\/\/smartlinks-web-pdn-priceless-latam.azurewebsites.net\/pt-br\/wp-json\/wp\/v2\/media\/7381"}],"wp:attachment":[{"href":"https:\/\/smartlinks-web-pdn-priceless-latam.azurewebsites.net\/pt-br\/wp-json\/wp\/v2\/media?parent=7379"}],"wp:term":[{"taxonomy":"product_brand","embeddable":true,"href":"https:\/\/smartlinks-web-pdn-priceless-latam.azurewebsites.net\/pt-br\/wp-json\/wp\/v2\/product_brand?post=7379"},{"taxonomy":"product_cat","embeddable":true,"href":"https:\/\/smartlinks-web-pdn-priceless-latam.azurewebsites.net\/pt-br\/wp-json\/wp\/v2\/product_cat?post=7379"},{"taxonomy":"product_tag","embeddable":true,"href":"https:\/\/smartlinks-web-pdn-priceless-latam.azurewebsites.net\/pt-br\/wp-json\/wp\/v2\/product_tag?post=7379"}],"curies":[{"name":"wp","href":"https:\/\/api.w.org\/{rel}","templated":true}]}}