{"id":7417,"date":"2025-07-18T10:17:31","date_gmt":"2025-07-18T15:17:31","guid":{"rendered":"https:\/\/experienciaslatam.com\/?post_type=product&#038;p=7417"},"modified":"2026-03-25T16:21:09","modified_gmt":"2026-03-25T21:21:09","slug":"seja-um-dos-poucos-privilegiados-a-acessar-uma-colecao-de-arte-privada-em-bogota","status":"publish","type":"product","link":"https:\/\/smartlinks-web-pdn-priceless-latam.azurewebsites.net\/pt-br\/experienciasx\/seja-um-dos-poucos-privilegiados-a-acessar-uma-colecao-de-arte-privada-em-bogota\/","title":{"rendered":"Seja um dos poucos privilegiados a acessar uma cole\u00e7\u00e3o de arte privada em Bogot\u00e1"},"content":{"rendered":"<p><span class=\"TextRun SCXW77156973 BCX0\" lang=\"ES-ES\" xml:lang=\"ES-ES\" data-contrast=\"auto\"><span class=\"NormalTextRun SCXW77156973 BCX0\">Descubra o que est\u00e1 por <\/span><span class=\"NormalTextRun SpellingErrorV2Themed SCXW77156973 BCX0\">tr\u00e1s<\/span><span class=\"NormalTextRun SCXW77156973 BCX0\"> das portas fechadas de <\/span><span class=\"NormalTextRun SpellingErrorV2Themed SCXW77156973 BCX0\">uma<\/span> <span class=\"NormalTextRun SpellingErrorV2Themed SCXW77156973 BCX0\">cole\u00e7\u00e3o<\/span><span class=\"NormalTextRun SCXW77156973 BCX0\"> de arte privada em Bogot\u00e1. <\/span><span class=\"NormalTextRun SpellingErrorV2Themed SCXW77156973 BCX0\">Na<\/span><span class=\"NormalTextRun SCXW77156973 BCX0\"> Culto <\/span><span class=\"NormalTextRun SpellingErrorV2Themed SCXW77156973 BCX0\">Gallery<\/span><span class=\"NormalTextRun SCXW77156973 BCX0\">, <\/span><span class=\"NormalTextRun SpellingErrorV2Themed SCXW77156973 BCX0\">voc\u00ea<\/span> <span class=\"NormalTextRun SpellingErrorV2Themed SCXW77156973 BCX0\">ter\u00e1<\/span> <span class=\"NormalTextRun SpellingErrorV2Themed SCXW77156973 BCX0\">acesso<\/span><span class=\"NormalTextRun SCXW77156973 BCX0\"> a uma sele\u00e7\u00e3o de obras de artistas como Botero, Obreg\u00f3n, Salcedo e Olga de Amaral. Ter\u00e1 a oportunidade de conversar com um ou <\/span><span class=\"NormalTextRun SpellingErrorV2Themed SCXW77156973 BCX0\">mais<\/span><span class=\"NormalTextRun SCXW77156973 BCX0\"> artistas de destaque, <\/span><span class=\"NormalTextRun SpellingErrorV2Themed SCXW77156973 BCX0\">incluindo<\/span><span class=\"NormalTextRun SCXW77156973 BCX0\"> Alejandro Narv\u00e1ez, que <\/span><span class=\"NormalTextRun SpellingErrorV2Themed SCXW77156973 BCX0\">oferecer\u00e1<\/span> <span class=\"NormalTextRun SpellingErrorV2Themed SCXW77156973 BCX0\">uma<\/span><span class=\"NormalTextRun SCXW77156973 BCX0\"> palestra sobre arte. <\/span><span class=\"NormalTextRun SpellingErrorV2Themed SCXW77156973 BCX0\">Al\u00e9m<\/span> <span class=\"NormalTextRun SpellingErrorV2Themed SCXW77156973 BCX0\">disso<\/span><span class=\"NormalTextRun SCXW77156973 BCX0\">, <\/span><span class=\"NormalTextRun SpellingErrorV2Themed SCXW77156973 BCX0\">poder\u00e1<\/span><span class=\"NormalTextRun SCXW77156973 BCX0\"> desfrutar de <\/span><span class=\"NormalTextRun SpellingErrorV2Themed SCXW77156973 BCX0\">harmoniza\u00e7\u00f5es<\/span><span class=\"NormalTextRun SCXW77156973 BCX0\"> cuidadosamente <\/span><span class=\"NormalTextRun SpellingErrorV2Themed SCXW77156973 BCX0\">selecionadas<\/span><span class=\"NormalTextRun SCXW77156973 BCX0\"> de comida e <\/span><span class=\"NormalTextRun SpellingErrorV2Themed SCXW77156973 BCX0\">vinho<\/span><span class=\"NormalTextRun SCXW77156973 BCX0\">, e <\/span><span class=\"NormalTextRun SpellingErrorV2Themed SCXW77156973 BCX0\">receber\u00e1<\/span> <span class=\"NormalTextRun SpellingErrorV2Themed SCXW77156973 BCX0\">uma<\/span><span class=\"NormalTextRun SCXW77156973 BCX0\"> serigrafia de <\/span><span class=\"NormalTextRun SpellingErrorV2Themed SCXW77156973 BCX0\">um<\/span><span class=\"NormalTextRun SCXW77156973 BCX0\"> artista emergente como <\/span><span class=\"NormalTextRun SpellingErrorV2Themed SCXW77156973 BCX0\">lembran\u00e7a<\/span> <span class=\"NormalTextRun SpellingErrorV2Themed SCXW77156973 BCX0\">deste<\/span><span class=\"NormalTextRun SCXW77156973 BCX0\"> evento \u00fanico.<\/span><\/span><span class=\"LineBreakBlob BlobObject DragDrop SCXW77156973 BCX0\"><span class=\"SCXW77156973 BCX0\">\u00a0<\/span><br class=\"SCXW77156973 BCX0\" \/><\/span><span class=\"TextRun SCXW77156973 BCX0\" lang=\"ES-ES\" xml:lang=\"ES-ES\" data-contrast=\"auto\"><span class=\"NormalTextRun SCXW77156973 BCX0\">Exclusivo para portadores de <\/span><span class=\"NormalTextRun SpellingErrorV2Themed SCXW77156973 BCX0\">cart\u00e3o<\/span> <span class=\"NormalTextRun SpellingErrorV2Themed SCXW77156973 BCX0\">Mastercard<\/span><span class=\"NormalTextRun SCXW77156973 BCX0\">.<\/span><\/span><span class=\"EOP SCXW77156973 BCX0\" data-ccp-props=\"{}\">\u00a0<\/span><\/p>\n","protected":false},"excerpt":{"rendered":"<p>Descubra o que est\u00e1 por tr\u00e1s das portas fechadas de uma cole\u00e7\u00e3o de arte privada em Bogot\u00e1. Na Culto Gallery, voc\u00ea ter\u00e1 acesso a uma sele\u00e7\u00e3o de obras de artistas como Botero, Obreg\u00f3n, Salcedo e Olga de Amaral. Ter\u00e1 a oportunidade de conversar com um ou mais artistas de destaque, incluindo Alejandro Narv\u00e1ez, que oferecer\u00e1 [&hellip;]<\/p>\n","protected":false},"featured_media":7431,"template":"","meta":{"_acf_changed":false,"inline_featured_image":false},"product_brand":[],"product_cat":[48],"product_tag":[],"class_list":{"0":"post-7417","1":"product","2":"type-product","3":"status-publish","4":"has-post-thumbnail","6":"product_cat-experienciasx","8":"first","9":"instock","10":"virtual","11":"sold-individually","12":"purchasable","13":"product-type-booking"},"acf":[],"_links":{"self":[{"href":"https:\/\/smartlinks-web-pdn-priceless-latam.azurewebsites.net\/pt-br\/wp-json\/wp\/v2\/product\/7417","targetHints":{"allow":["GET"]}}],"collection":[{"href":"https:\/\/smartlinks-web-pdn-priceless-latam.azurewebsites.net\/pt-br\/wp-json\/wp\/v2\/product"}],"about":[{"href":"https:\/\/smartlinks-web-pdn-priceless-latam.azurewebsites.net\/pt-br\/wp-json\/wp\/v2\/types\/product"}],"wp:featuredmedia":[{"embeddable":true,"href":"https:\/\/smartlinks-web-pdn-priceless-latam.azurewebsites.net\/pt-br\/wp-json\/wp\/v2\/media\/7431"}],"wp:attachment":[{"href":"https:\/\/smartlinks-web-pdn-priceless-latam.azurewebsites.net\/pt-br\/wp-json\/wp\/v2\/media?parent=7417"}],"wp:term":[{"taxonomy":"product_brand","embeddable":true,"href":"https:\/\/smartlinks-web-pdn-priceless-latam.azurewebsites.net\/pt-br\/wp-json\/wp\/v2\/product_brand?post=7417"},{"taxonomy":"product_cat","embeddable":true,"href":"https:\/\/smartlinks-web-pdn-priceless-latam.azurewebsites.net\/pt-br\/wp-json\/wp\/v2\/product_cat?post=7417"},{"taxonomy":"product_tag","embeddable":true,"href":"https:\/\/smartlinks-web-pdn-priceless-latam.azurewebsites.net\/pt-br\/wp-json\/wp\/v2\/product_tag?post=7417"}],"curies":[{"name":"wp","href":"https:\/\/api.w.org\/{rel}","templated":true}]}}