{"id":7447,"date":"2025-07-21T12:11:36","date_gmt":"2025-07-21T17:11:36","guid":{"rendered":"https:\/\/experienciaslatam.com\/?post_type=product&#038;p=7447"},"modified":"2026-03-30T15:30:35","modified_gmt":"2026-03-30T20:30:35","slug":"desfrute-de-uma-masterclass-particular-de-coqueteis-no-exclusivo-bar-tres-monos","status":"publish","type":"product","link":"https:\/\/smartlinks-web-pdn-priceless-latam.azurewebsites.net\/pt-br\/experienciasx\/desfrute-de-uma-masterclass-particular-de-coqueteis-no-exclusivo-bar-tres-monos\/","title":{"rendered":"Desfrute de uma masterclass particular de coquet\u00e9is no exclusivo bar \u201cTres Monos\u201d"},"content":{"rendered":"<p><span class=\"TextRun SCXW114905533 BCX0\" lang=\"ES-ES\" xml:lang=\"ES-ES\" data-contrast=\"auto\"><span class=\"NormalTextRun SCXW114905533 BCX0\">Eleve <\/span><span class=\"NormalTextRun SpellingErrorV2Themed SCXW114905533 BCX0\">seu<\/span> <span class=\"NormalTextRun SpellingErrorV2Themed SCXW114905533 BCX0\">conhecimento<\/span><span class=\"NormalTextRun SCXW114905533 BCX0\"> em <\/span><span class=\"NormalTextRun SpellingErrorV2Themed SCXW114905533 BCX0\">coquetelaria<\/span> <span class=\"NormalTextRun SpellingErrorV2Themed SCXW114905533 BCX0\">com<\/span> <span class=\"NormalTextRun SpellingErrorV2Themed SCXW114905533 BCX0\">uma<\/span><span class=\"NormalTextRun SCXW114905533 BCX0\"> aula particular no <\/span><span class=\"NormalTextRun SpellingErrorV2Themed SCXW114905533 BCX0\">renomado<\/span><span class=\"NormalTextRun SCXW114905533 BCX0\"> bar\u00a0<\/span><span class=\"NormalTextRun SCXW114905533 BCX0\">Tres Monos<\/span><span class=\"NormalTextRun SCXW114905533 BCX0\">. <\/span><span class=\"NormalTextRun SpellingErrorV2Themed SCXW114905533 BCX0\">Voc\u00ea<\/span><span class=\"NormalTextRun SCXW114905533 BCX0\"> ser\u00e1 <\/span><span class=\"NormalTextRun SpellingErrorV2Themed SCXW114905533 BCX0\">recebido<\/span> <span class=\"NormalTextRun SpellingErrorV2Themed SCXW114905533 BCX0\">com<\/span> <span class=\"NormalTextRun SpellingErrorV2Themed SCXW114905533 BCX0\">uma<\/span><span class=\"NormalTextRun SCXW114905533 BCX0\"> bebida de boas-<\/span><span class=\"NormalTextRun SpellingErrorV2Themed SCXW114905533 BCX0\">vindas<\/span> <span class=\"NormalTextRun SpellingErrorV2Themed SCXW114905533 BCX0\">feita<\/span> <span class=\"NormalTextRun SpellingErrorV2Themed SCXW114905533 BCX0\">com<\/span><span class=\"NormalTextRun SCXW114905533 BCX0\"> sidra <\/span><span class=\"NormalTextRun SpellingErrorV2Themed SCXW114905533 BCX0\">patag\u00f4nica<\/span><span class=\"NormalTextRun SCXW114905533 BCX0\"> e espumante artesanal. Em seguida, <\/span><span class=\"NormalTextRun SpellingErrorV2Themed SCXW114905533 BCX0\">ter\u00e1<\/span> <span class=\"NormalTextRun SpellingErrorV2Themed SCXW114905533 BCX0\">acesso<\/span><span class=\"NormalTextRun SCXW114905533 BCX0\"> exclusivo <\/span><span class=\"NormalTextRun SpellingErrorV2Themed SCXW114905533 BCX0\">ao<\/span> <span class=\"NormalTextRun SpellingErrorV2Themed SCXW114905533 BCX0\">laborat\u00f3rio<\/span><span class=\"NormalTextRun SCXW114905533 BCX0\"> de <\/span><span class=\"NormalTextRun SpellingErrorV2Themed SCXW114905533 BCX0\">produ\u00e7\u00e3o<\/span><span class=\"NormalTextRun SCXW114905533 BCX0\"> privado do Tres Monos, onde <\/span><span class=\"NormalTextRun SpellingErrorV2Themed SCXW114905533 BCX0\">poder\u00e1<\/span> <span class=\"NormalTextRun SpellingErrorV2Themed SCXW114905533 BCX0\">conhecer<\/span><span class=\"NormalTextRun SCXW114905533 BCX0\"> o <\/span><span class=\"NormalTextRun SpellingErrorV2Themed SCXW114905533 BCX0\">processo<\/span> <span class=\"NormalTextRun SpellingErrorV2Themed SCXW114905533 BCX0\">criativo<\/span><span class=\"NormalTextRun SCXW114905533 BCX0\"> e degustar <\/span><span class=\"NormalTextRun SpellingErrorV2Themed SCXW114905533 BCX0\">produtos<\/span><span class=\"NormalTextRun SCXW114905533 BCX0\"> \u00fanicos. <\/span><span class=\"NormalTextRun SpellingErrorV2Themed SCXW114905533 BCX0\">Depois<\/span><span class=\"NormalTextRun SCXW114905533 BCX0\">, participar\u00e1 de <\/span><span class=\"NormalTextRun SpellingErrorV2Themed SCXW114905533 BCX0\">uma<\/span><span class=\"NormalTextRun SCXW114905533 BCX0\"> aula especial <\/span><span class=\"NormalTextRun SpellingErrorV2Themed SCXW114905533 BCX0\">focada<\/span><span class=\"NormalTextRun SCXW114905533 BCX0\"> em ingredientes argentinos. Para encerrar a <\/span><span class=\"NormalTextRun SpellingErrorV2Themed SCXW114905533 BCX0\">experi\u00eancia<\/span><span class=\"NormalTextRun SCXW114905533 BCX0\">, desfrute de <\/span><span class=\"NormalTextRun SpellingErrorV2Themed SCXW114905533 BCX0\">um<\/span> <span class=\"NormalTextRun SpellingErrorV2Themed SCXW114905533 BCX0\">jantar<\/span> <span class=\"NormalTextRun SpellingErrorV2Themed SCXW114905533 BCX0\">descontra\u00eddo<\/span> <span class=\"NormalTextRun SpellingErrorV2Themed SCXW114905533 BCX0\">acompanhado<\/span><span class=\"NormalTextRun SCXW114905533 BCX0\"> de bebidas <\/span><span class=\"NormalTextRun SpellingErrorV2Themed SCXW114905533 BCX0\">sazonais<\/span><span class=\"NormalTextRun SCXW114905533 BCX0\">.\u00a0<\/span><span class=\"NormalTextRun SCXW114905533 BCX0\">Exclusivo para portadores de <\/span><span class=\"NormalTextRun SpellingErrorV2Themed SCXW114905533 BCX0\">cart\u00e3o<\/span> <span class=\"NormalTextRun SpellingErrorV2Themed SCXW114905533 BCX0\">Mastercard<\/span><span class=\"NormalTextRun SCXW114905533 BCX0\">.<\/span><\/span><span class=\"EOP SCXW114905533 BCX0\" data-ccp-props=\"{}\">\u00a0<\/span><\/p>\n","protected":false},"excerpt":{"rendered":"<p>Eleve seu conhecimento em coquetelaria com uma aula particular no renomado bar\u00a0Tres Monos. Voc\u00ea ser\u00e1 recebido com uma bebida de boas-vindas feita com sidra patag\u00f4nica e espumante artesanal. Em seguida, ter\u00e1 acesso exclusivo ao laborat\u00f3rio de produ\u00e7\u00e3o privado do Tres Monos, onde poder\u00e1 conhecer o processo criativo e degustar produtos \u00fanicos. Depois, participar\u00e1 de uma [&hellip;]<\/p>\n","protected":false},"featured_media":7461,"template":"","meta":{"_acf_changed":false,"inline_featured_image":false},"product_brand":[],"product_cat":[48],"product_tag":[],"class_list":{"0":"post-7447","1":"product","2":"type-product","3":"status-publish","4":"has-post-thumbnail","6":"product_cat-experienciasx","8":"first","9":"instock","10":"virtual","11":"sold-individually","12":"purchasable","13":"product-type-booking"},"acf":[],"_links":{"self":[{"href":"https:\/\/smartlinks-web-pdn-priceless-latam.azurewebsites.net\/pt-br\/wp-json\/wp\/v2\/product\/7447","targetHints":{"allow":["GET"]}}],"collection":[{"href":"https:\/\/smartlinks-web-pdn-priceless-latam.azurewebsites.net\/pt-br\/wp-json\/wp\/v2\/product"}],"about":[{"href":"https:\/\/smartlinks-web-pdn-priceless-latam.azurewebsites.net\/pt-br\/wp-json\/wp\/v2\/types\/product"}],"wp:featuredmedia":[{"embeddable":true,"href":"https:\/\/smartlinks-web-pdn-priceless-latam.azurewebsites.net\/pt-br\/wp-json\/wp\/v2\/media\/7461"}],"wp:attachment":[{"href":"https:\/\/smartlinks-web-pdn-priceless-latam.azurewebsites.net\/pt-br\/wp-json\/wp\/v2\/media?parent=7447"}],"wp:term":[{"taxonomy":"product_brand","embeddable":true,"href":"https:\/\/smartlinks-web-pdn-priceless-latam.azurewebsites.net\/pt-br\/wp-json\/wp\/v2\/product_brand?post=7447"},{"taxonomy":"product_cat","embeddable":true,"href":"https:\/\/smartlinks-web-pdn-priceless-latam.azurewebsites.net\/pt-br\/wp-json\/wp\/v2\/product_cat?post=7447"},{"taxonomy":"product_tag","embeddable":true,"href":"https:\/\/smartlinks-web-pdn-priceless-latam.azurewebsites.net\/pt-br\/wp-json\/wp\/v2\/product_tag?post=7447"}],"curies":[{"name":"wp","href":"https:\/\/api.w.org\/{rel}","templated":true}]}}