{"id":7686,"date":"2025-07-29T16:47:24","date_gmt":"2025-07-29T21:47:24","guid":{"rendered":"https:\/\/experienciaslatam.com\/?post_type=product&#038;p=7686"},"modified":"2025-07-30T17:07:28","modified_gmt":"2025-07-30T22:07:28","slug":"viva-os-bastidores-da-partida-atletico-nacional-vs-inter-sao-paulo-na-conmebol-libertadores","status":"publish","type":"product","link":"https:\/\/smartlinks-web-pdn-priceless-latam.azurewebsites.net\/pt-br\/experienciasx\/viva-os-bastidores-da-partida-atletico-nacional-vs-inter-sao-paulo-na-conmebol-libertadores\/","title":{"rendered":"Viva os bastidores da partida Atl\u00e9tico Nacional vs Inter S\u00e3o Paulo na CONMEBOL Libertadores"},"content":{"rendered":"<p><span class=\"TextRun SCXW221096996 BCX8\" lang=\"ES-CL\" xml:lang=\"ES-CL\" data-contrast=\"auto\"><span class=\"NormalTextRun SCXW221096996 BCX8\">Com a compra deste pacote VIP exclusivo para a partida da CONMEBOL Libertadores no dia 12 de agosto, durante as oitavas de final entre Atl\u00e9tico Nacional e Inter S\u00e3o Paulo, em Medell\u00edn, voc\u00ea ser\u00e1 transportado em um servi\u00e7o de carro de luxo at\u00e9 o Est\u00e1dio Atanasio Girardot, onde seu anfitri\u00e3o o receber\u00e1 com um presente de produtos oficiais da CONMEBOL Libertadores, incluindo camisas oficiais do clube local colombiano e um cart\u00e3o pr\u00e9-pago Mastercard de USD $200. Al\u00e9m disso, cortesia da Mastercard, voc\u00ea poder\u00e1 relaxar na \u00e1rea de hospitalidade do Clube Libertadores antes da partida. Em seguida, des\u00e7a ao gramado para assistir ao aquecimento \u00e0 beira do campo antes de subir aos seus assentos de Categoria 1 para assistir ao jogo. Exclusivo para portadores de cart\u00e3o Mastercard.<\/span><\/span><span class=\"EOP SCXW221096996 BCX8\" data-ccp-props=\"{&quot;134233117&quot;:false,&quot;134233118&quot;:false,&quot;335559738&quot;:240,&quot;335559739&quot;:240}\">\u00a0<\/span><\/p>\n<p><b><span data-contrast=\"auto\">O que \u00e9 Priceless<\/span><\/b><span data-contrast=\"auto\">:<\/span><\/p>\n<p data-start=\"3630\" data-end=\"3680\">Estar t\u00e3o perto que voc\u00ea se sente parte do time.<\/p>\n","protected":false},"excerpt":{"rendered":"<p>Com a compra deste pacote VIP exclusivo para a partida da CONMEBOL Libertadores no dia 12 de agosto, durante as oitavas de final entre Atl\u00e9tico Nacional e Inter S\u00e3o Paulo, em Medell\u00edn, voc\u00ea ser\u00e1 transportado em um servi\u00e7o de carro de luxo at\u00e9 o Est\u00e1dio Atanasio Girardot, onde seu anfitri\u00e3o o receber\u00e1 com um presente [&hellip;]<\/p>\n","protected":false},"featured_media":3047,"template":"","meta":{"_acf_changed":false,"inline_featured_image":false},"product_brand":[],"product_cat":[48,54],"product_tag":[],"class_list":{"0":"post-7686","1":"product","2":"type-product","3":"status-publish","4":"has-post-thumbnail","6":"product_cat-experienciasx","7":"product_cat-libertadoresx","9":"first","10":"outofstock","11":"sold-individually","12":"shipping-taxable","13":"purchasable","14":"product-type-variable","15":"has-default-attributes"},"acf":[],"_links":{"self":[{"href":"https:\/\/smartlinks-web-pdn-priceless-latam.azurewebsites.net\/pt-br\/wp-json\/wp\/v2\/product\/7686","targetHints":{"allow":["GET"]}}],"collection":[{"href":"https:\/\/smartlinks-web-pdn-priceless-latam.azurewebsites.net\/pt-br\/wp-json\/wp\/v2\/product"}],"about":[{"href":"https:\/\/smartlinks-web-pdn-priceless-latam.azurewebsites.net\/pt-br\/wp-json\/wp\/v2\/types\/product"}],"wp:featuredmedia":[{"embeddable":true,"href":"https:\/\/smartlinks-web-pdn-priceless-latam.azurewebsites.net\/pt-br\/wp-json\/wp\/v2\/media\/3047"}],"wp:attachment":[{"href":"https:\/\/smartlinks-web-pdn-priceless-latam.azurewebsites.net\/pt-br\/wp-json\/wp\/v2\/media?parent=7686"}],"wp:term":[{"taxonomy":"product_brand","embeddable":true,"href":"https:\/\/smartlinks-web-pdn-priceless-latam.azurewebsites.net\/pt-br\/wp-json\/wp\/v2\/product_brand?post=7686"},{"taxonomy":"product_cat","embeddable":true,"href":"https:\/\/smartlinks-web-pdn-priceless-latam.azurewebsites.net\/pt-br\/wp-json\/wp\/v2\/product_cat?post=7686"},{"taxonomy":"product_tag","embeddable":true,"href":"https:\/\/smartlinks-web-pdn-priceless-latam.azurewebsites.net\/pt-br\/wp-json\/wp\/v2\/product_tag?post=7686"}],"curies":[{"name":"wp","href":"https:\/\/api.w.org\/{rel}","templated":true}]}}