{"id":8021,"date":"2025-08-04T16:25:27","date_gmt":"2025-08-04T21:25:27","guid":{"rendered":"https:\/\/experienciaslatam.com\/?post_type=product&#038;p=8021"},"modified":"2026-03-26T15:35:06","modified_gmt":"2026-03-26T20:35:06","slug":"mova-se-ao-ritmo-do-rio-com-uma-rainha-de-escola-de-samba","status":"publish","type":"product","link":"https:\/\/smartlinks-web-pdn-priceless-latam.azurewebsites.net\/pt-br\/experienciasx\/mova-se-ao-ritmo-do-rio-com-uma-rainha-de-escola-de-samba\/","title":{"rendered":"Mova-se ao ritmo do Rio com uma rainha de escola de samba"},"content":{"rendered":"<p><span class=\"TextRun SCXW26241007 BCX0\" lang=\"ES-ES\" xml:lang=\"ES-ES\" data-contrast=\"auto\"><span class=\"NormalTextRun SCXW26241007 BCX0\">Crie <\/span><span class=\"NormalTextRun SpellingErrorV2Themed SCXW26241007 BCX0\">uma<\/span> <span class=\"NormalTextRun SpellingErrorV2Themed SCXW26241007 BCX0\">conex\u00e3o<\/span><span class=\"NormalTextRun SCXW26241007 BCX0\"> significativa <\/span><span class=\"NormalTextRun SpellingErrorV2Themed SCXW26241007 BCX0\">com<\/span><span class=\"NormalTextRun SCXW26241007 BCX0\"> o Rio durante <\/span><span class=\"NormalTextRun SpellingErrorV2Themed SCXW26241007 BCX0\">uma<\/span> <span class=\"NormalTextRun SpellingErrorV2Themed SCXW26241007 BCX0\">experi\u00eancia<\/span> <span class=\"NormalTextRun SpellingErrorV2Themed SCXW26241007 BCX0\">imersiva<\/span><span class=\"NormalTextRun SCXW26241007 BCX0\"> em <\/span><span class=\"NormalTextRun SpellingErrorV2Themed SCXW26241007 BCX0\">tr\u00eas<\/span><span class=\"NormalTextRun SCXW26241007 BCX0\"> partes chamada <\/span><span class=\"NormalTextRun SCXW26241007 BCX0\">Samba <\/span><span class=\"NormalTextRun SpellingErrorV2Themed SCXW26241007 BCX0\">Soul<\/span><span class=\"NormalTextRun SCXW26241007 BCX0\">, realizada <\/span><span class=\"NormalTextRun SpellingErrorV2Themed SCXW26241007 BCX0\">na<\/span><span class=\"NormalTextRun SCXW26241007 BCX0\"> hist\u00f3rica <\/span><span class=\"NormalTextRun SpellingErrorV2Themed SCXW26241007 BCX0\">Pequena<\/span><span class=\"NormalTextRun SCXW26241007 BCX0\"> \u00c1frica e <\/span><span class=\"NormalTextRun SpellingErrorV2Themed SCXW26241007 BCX0\">conduzida<\/span><span class=\"NormalTextRun SCXW26241007 BCX0\"> por <\/span><span class=\"NormalTextRun SpellingErrorV2Themed SCXW26241007 BCX0\">Egili<\/span><span class=\"NormalTextRun SCXW26241007 BCX0\">, <\/span><span class=\"NormalTextRun SpellingErrorV2Themed SCXW26241007 BCX0\">uma<\/span><span class=\"NormalTextRun SCXW26241007 BCX0\"> das <\/span><span class=\"NormalTextRun SpellingErrorV2Themed SCXW26241007 BCX0\">principais<\/span> <span class=\"NormalTextRun SpellingErrorV2Themed SCXW26241007 BCX0\">rainhas<\/span><span class=\"NormalTextRun SCXW26241007 BCX0\"> de <\/span><span class=\"NormalTextRun SpellingErrorV2Themed SCXW26241007 BCX0\">escolas<\/span><span class=\"NormalTextRun SCXW26241007 BCX0\"> de samba do Brasil. <\/span><span class=\"NormalTextRun SpellingErrorV2Themed SCXW26241007 BCX0\">Voc\u00ea<\/span> <span class=\"NormalTextRun SpellingErrorV2Themed SCXW26241007 BCX0\">come\u00e7ar\u00e1<\/span> <span class=\"NormalTextRun SpellingErrorV2Themed SCXW26241007 BCX0\">com<\/span> <span class=\"NormalTextRun SpellingErrorV2Themed SCXW26241007 BCX0\">uma<\/span> <span class=\"NormalTextRun SpellingErrorV2Themed SCXW26241007 BCX0\">sess\u00e3o<\/span><span class=\"NormalTextRun SCXW26241007 BCX0\"> de <\/span><span class=\"NormalTextRun SpellingErrorV2Themed SCXW26241007 BCX0\">percuss\u00e3o<\/span><span class=\"NormalTextRun SCXW26241007 BCX0\"> de 30 minutos, criando ritmos de samba <\/span><span class=\"NormalTextRun SpellingErrorV2Themed SCXW26241007 BCX0\">ao<\/span><span class=\"NormalTextRun SCXW26241007 BCX0\"> lado de m\u00fasicos <\/span><span class=\"NormalTextRun SpellingErrorV2Themed SCXW26241007 BCX0\">profissionais<\/span><span class=\"NormalTextRun SCXW26241007 BCX0\">. Em seguida, aprender\u00e1 os <\/span><span class=\"NormalTextRun SpellingErrorV2Themed SCXW26241007 BCX0\">movimentos<\/span> <span class=\"NormalTextRun SpellingErrorV2Themed SCXW26241007 BCX0\">essenciais<\/span><span class=\"NormalTextRun SCXW26241007 BCX0\"> em <\/span><span class=\"NormalTextRun SpellingErrorV2Themed SCXW26241007 BCX0\">uma<\/span><span class=\"NormalTextRun SCXW26241007 BCX0\"> aula de <\/span><span class=\"NormalTextRun SpellingErrorV2Themed SCXW26241007 BCX0\">dan\u00e7a<\/span><span class=\"NormalTextRun SCXW26241007 BCX0\"> de samba de <\/span><span class=\"NormalTextRun SpellingErrorV2Themed SCXW26241007 BCX0\">uma<\/span><span class=\"NormalTextRun SCXW26241007 BCX0\"> hora. Para finalizar, desfrutar\u00e1 de <\/span><span class=\"NormalTextRun SpellingErrorV2Themed SCXW26241007 BCX0\">uma<\/span> <span class=\"NormalTextRun SpellingErrorV2Themed SCXW26241007 BCX0\">caipirinha<\/span><span class=\"NormalTextRun SCXW26241007 BCX0\"> de <\/span><span class=\"NormalTextRun SpellingErrorV2Themed SCXW26241007 BCX0\">cortesia<\/span><span class=\"NormalTextRun SCXW26241007 BCX0\"> e participar\u00e1 de <\/span><span class=\"NormalTextRun SpellingErrorV2Themed SCXW26241007 BCX0\">um<\/span><span class=\"NormalTextRun SCXW26241007 BCX0\"> workshop cultural <\/span><span class=\"NormalTextRun SpellingErrorV2Themed SCXW26241007 BCX0\">interativo<\/span><span class=\"NormalTextRun SCXW26241007 BCX0\"> de 30 minutos, explorando as <\/span><span class=\"NormalTextRun SpellingErrorV2Themed SCXW26241007 BCX0\">ra\u00edzes<\/span><span class=\"NormalTextRun SCXW26241007 BCX0\"> do samba por <\/span><span class=\"NormalTextRun SpellingErrorV2Themed SCXW26241007 BCX0\">meio<\/span><span class=\"NormalTextRun SCXW26241007 BCX0\"> de <\/span><span class=\"NormalTextRun SpellingErrorV2Themed SCXW26241007 BCX0\">hist\u00f3rias<\/span><span class=\"NormalTextRun SCXW26241007 BCX0\">, <\/span><span class=\"NormalTextRun SpellingErrorV2Themed SCXW26241007 BCX0\">imagens<\/span><span class=\"NormalTextRun SCXW26241007 BCX0\"> e conversas. Exclusivo para portadores de <\/span><span class=\"NormalTextRun SpellingErrorV2Themed SCXW26241007 BCX0\">cart\u00e3o<\/span> <span class=\"NormalTextRun SpellingErrorV2Themed SCXW26241007 BCX0\">Mastercard<\/span><span class=\"NormalTextRun SCXW26241007 BCX0\">.<\/span><\/span><span class=\"EOP SCXW26241007 BCX0\" data-ccp-props=\"{}\">\u00a0<\/span><\/p>\n","protected":false},"excerpt":{"rendered":"<p>Crie uma conex\u00e3o significativa com o Rio durante uma experi\u00eancia imersiva em tr\u00eas partes chamada Samba Soul, realizada na hist\u00f3rica Pequena \u00c1frica e conduzida por Egili, uma das principais rainhas de escolas de samba do Brasil. Voc\u00ea come\u00e7ar\u00e1 com uma sess\u00e3o de percuss\u00e3o de 30 minutos, criando ritmos de samba ao lado de m\u00fasicos profissionais. [&hellip;]<\/p>\n","protected":false},"featured_media":8044,"template":"","meta":{"_acf_changed":false,"inline_featured_image":false},"product_brand":[],"product_cat":[48],"product_tag":[],"class_list":{"0":"post-8021","1":"product","2":"type-product","3":"status-publish","4":"has-post-thumbnail","6":"product_cat-experienciasx","8":"first","9":"instock","10":"virtual","11":"sold-individually","12":"purchasable","13":"product-type-booking"},"acf":[],"_links":{"self":[{"href":"https:\/\/smartlinks-web-pdn-priceless-latam.azurewebsites.net\/pt-br\/wp-json\/wp\/v2\/product\/8021","targetHints":{"allow":["GET"]}}],"collection":[{"href":"https:\/\/smartlinks-web-pdn-priceless-latam.azurewebsites.net\/pt-br\/wp-json\/wp\/v2\/product"}],"about":[{"href":"https:\/\/smartlinks-web-pdn-priceless-latam.azurewebsites.net\/pt-br\/wp-json\/wp\/v2\/types\/product"}],"wp:featuredmedia":[{"embeddable":true,"href":"https:\/\/smartlinks-web-pdn-priceless-latam.azurewebsites.net\/pt-br\/wp-json\/wp\/v2\/media\/8044"}],"wp:attachment":[{"href":"https:\/\/smartlinks-web-pdn-priceless-latam.azurewebsites.net\/pt-br\/wp-json\/wp\/v2\/media?parent=8021"}],"wp:term":[{"taxonomy":"product_brand","embeddable":true,"href":"https:\/\/smartlinks-web-pdn-priceless-latam.azurewebsites.net\/pt-br\/wp-json\/wp\/v2\/product_brand?post=8021"},{"taxonomy":"product_cat","embeddable":true,"href":"https:\/\/smartlinks-web-pdn-priceless-latam.azurewebsites.net\/pt-br\/wp-json\/wp\/v2\/product_cat?post=8021"},{"taxonomy":"product_tag","embeddable":true,"href":"https:\/\/smartlinks-web-pdn-priceless-latam.azurewebsites.net\/pt-br\/wp-json\/wp\/v2\/product_tag?post=8021"}],"curies":[{"name":"wp","href":"https:\/\/api.w.org\/{rel}","templated":true}]}}