{"id":8279,"date":"2025-08-11T17:42:19","date_gmt":"2025-08-11T22:42:19","guid":{"rendered":"https:\/\/experienciaslatam.com\/?post_type=product&#038;p=8279"},"modified":"2026-03-26T15:43:57","modified_gmt":"2026-03-26T20:43:57","slug":"prepare-receitas-afro-brasileiras-tradicionais-com-uma-renomada-chef-do-rio","status":"publish","type":"product","link":"https:\/\/smartlinks-web-pdn-priceless-latam.azurewebsites.net\/pt-br\/experienciasx\/prepare-receitas-afro-brasileiras-tradicionais-com-uma-renomada-chef-do-rio\/","title":{"rendered":"Prepare receitas afro-brasileiras tradicionais com uma renomada chef do Rio"},"content":{"rendered":"<p><span class=\"TextRun SCXW802114 BCX0\" lang=\"EN-US\" xml:lang=\"EN-US\" data-contrast=\"auto\"><span class=\"NormalTextRun SpellingErrorV2Themed SCXW802114 BCX0\">Descubra<\/span><span class=\"NormalTextRun SCXW802114 BCX0\"> as <\/span><span class=\"NormalTextRun SpellingErrorV2Themed SCXW802114 BCX0\">ra\u00edzes<\/span><span class=\"NormalTextRun SCXW802114 BCX0\"> da <\/span><span class=\"NormalTextRun SpellingErrorV2Themed SCXW802114 BCX0\">culin\u00e1ria<\/span><span class=\"NormalTextRun SCXW802114 BCX0\"> afro-<\/span><span class=\"NormalTextRun SpellingErrorV2Themed SCXW802114 BCX0\">brasileira<\/span> <span class=\"NormalTextRun SpellingErrorV2Themed SCXW802114 BCX0\">em<\/span> <span class=\"NormalTextRun SpellingErrorV2Themed SCXW802114 BCX0\">uma<\/span><span class=\"NormalTextRun SCXW802114 BCX0\"> aula com a chef Simone Almeida. <\/span><span class=\"NormalTextRun SpellingErrorV2Themed SCXW802114 BCX0\">Voc\u00ea<\/span> <span class=\"NormalTextRun SpellingErrorV2Themed SCXW802114 BCX0\">preparar\u00e1<\/span> <span class=\"NormalTextRun SpellingErrorV2Themed SCXW802114 BCX0\">uma<\/span> <span class=\"NormalTextRun SpellingErrorV2Themed SCXW802114 BCX0\">refei\u00e7\u00e3o<\/span> <span class=\"NormalTextRun SpellingErrorV2Themed SCXW802114 BCX0\">\u00fanica<\/span> <span class=\"NormalTextRun SpellingErrorV2Themed SCXW802114 BCX0\">criada<\/span> <span class=\"NormalTextRun SpellingErrorV2Themed SCXW802114 BCX0\">especialmente<\/span><span class=\"NormalTextRun SCXW802114 BCX0\"> para <\/span><span class=\"NormalTextRun SpellingErrorV2Themed SCXW802114 BCX0\">esta<\/span> <span class=\"NormalTextRun SpellingErrorV2Themed SCXW802114 BCX0\">experi\u00eancia<\/span><span class=\"NormalTextRun SCXW802114 BCX0\">, <\/span><span class=\"NormalTextRun SpellingErrorV2Themed SCXW802114 BCX0\">enquanto<\/span><span class=\"NormalTextRun SCXW802114 BCX0\"> a chef Simone <\/span><span class=\"NormalTextRun SpellingErrorV2Themed SCXW802114 BCX0\">compartilha<\/span><span class=\"NormalTextRun SCXW802114 BCX0\"> as <\/span><span class=\"NormalTextRun SpellingErrorV2Themed SCXW802114 BCX0\">hist\u00f3rias<\/span> <span class=\"NormalTextRun SpellingErrorV2Themed SCXW802114 BCX0\">pessoais<\/span><span class=\"NormalTextRun SCXW802114 BCX0\"> e <\/span><span class=\"NormalTextRun SpellingErrorV2Themed SCXW802114 BCX0\">culturais<\/span> <span class=\"NormalTextRun SpellingErrorV2Themed SCXW802114 BCX0\">por<\/span> <span class=\"NormalTextRun SpellingErrorV2Themed SCXW802114 BCX0\">tr\u00e1s<\/span><span class=\"NormalTextRun SCXW802114 BCX0\"> de <\/span><span class=\"NormalTextRun SpellingErrorV2Themed SCXW802114 BCX0\">cada<\/span> <span class=\"NormalTextRun SpellingErrorV2Themed SCXW802114 BCX0\">ingrediente<\/span><span class=\"NormalTextRun SCXW802114 BCX0\"> local e <\/span><span class=\"NormalTextRun SpellingErrorV2Themed SCXW802114 BCX0\">t\u00e9cnica<\/span><span class=\"NormalTextRun SCXW802114 BCX0\"> ancestral. Em <\/span><span class=\"NormalTextRun SpellingErrorV2Themed SCXW802114 BCX0\">seguida<\/span><span class=\"NormalTextRun SCXW802114 BCX0\">, <\/span><span class=\"NormalTextRun SpellingErrorV2Themed SCXW802114 BCX0\">voc\u00ea<\/span> <span class=\"NormalTextRun SpellingErrorV2Themed SCXW802114 BCX0\">saborear\u00e1<\/span> <span class=\"NormalTextRun SpellingErrorV2Themed SCXW802114 BCX0\">sua<\/span> <span class=\"NormalTextRun SpellingErrorV2Themed SCXW802114 BCX0\">cria\u00e7\u00e3o<\/span> <span class=\"NormalTextRun SpellingErrorV2Themed SCXW802114 BCX0\">acompanhada<\/span><span class=\"NormalTextRun SCXW802114 BCX0\"> de <\/span><span class=\"NormalTextRun SpellingErrorV2Themed SCXW802114 BCX0\">guarni\u00e7\u00f5es<\/span> <span class=\"NormalTextRun SpellingErrorV2Themed SCXW802114 BCX0\">tradicionais<\/span><span class=\"NormalTextRun SCXW802114 BCX0\">, <\/span><span class=\"NormalTextRun SpellingErrorV2Themed SCXW802114 BCX0\">como<\/span><span class=\"NormalTextRun SCXW802114 BCX0\"> farofa, arroz e <\/span><span class=\"NormalTextRun SpellingErrorV2Themed SCXW802114 BCX0\">fatias<\/span><span class=\"NormalTextRun SCXW802114 BCX0\"> de <\/span><span class=\"NormalTextRun SpellingErrorV2Themed SCXW802114 BCX0\">laranja<\/span><span class=\"NormalTextRun SCXW802114 BCX0\">. <\/span><span class=\"NormalTextRun SpellingErrorV2Themed SCXW802114 BCX0\">Al\u00e9m<\/span> <span class=\"NormalTextRun SpellingErrorV2Themed SCXW802114 BCX0\">disso<\/span><span class=\"NormalTextRun SCXW802114 BCX0\">, <\/span><span class=\"NormalTextRun SpellingErrorV2Themed SCXW802114 BCX0\">receber\u00e1<\/span><span class=\"NormalTextRun SCXW802114 BCX0\"> um <\/span><span class=\"NormalTextRun SpellingErrorV2Themed SCXW802114 BCX0\">livreto<\/span><span class=\"NormalTextRun SCXW802114 BCX0\"> de <\/span><span class=\"NormalTextRun SpellingErrorV2Themed SCXW802114 BCX0\">receitas<\/span><span class=\"NormalTextRun SCXW802114 BCX0\"> digital, para que <\/span><span class=\"NormalTextRun SpellingErrorV2Themed SCXW802114 BCX0\">os<\/span> <span class=\"NormalTextRun SpellingErrorV2Themed SCXW802114 BCX0\">sabores<\/span> <span class=\"NormalTextRun SpellingErrorV2Themed SCXW802114 BCX0\">permane\u00e7am<\/span><span class=\"NormalTextRun SCXW802114 BCX0\"> com <\/span><span class=\"NormalTextRun SpellingErrorV2Themed SCXW802114 BCX0\">voc\u00ea<\/span> <span class=\"NormalTextRun SpellingErrorV2Themed SCXW802114 BCX0\">muito<\/span> <span class=\"NormalTextRun SpellingErrorV2Themed SCXW802114 BCX0\">depois<\/span><span class=\"NormalTextRun SCXW802114 BCX0\"> da <\/span><span class=\"NormalTextRun SpellingErrorV2Themed SCXW802114 BCX0\">\u00faltima<\/span><span class=\"NormalTextRun SCXW802114 BCX0\"> mordida. Exclusivo para <\/span><span class=\"NormalTextRun SpellingErrorV2Themed SCXW802114 BCX0\">portadores<\/span><span class=\"NormalTextRun SCXW802114 BCX0\"> de <\/span><span class=\"NormalTextRun SpellingErrorV2Themed SCXW802114 BCX0\">cart\u00f5es<\/span><span class=\"NormalTextRun SCXW802114 BCX0\"> Mastercard.<\/span><\/span><span class=\"EOP SCXW802114 BCX0\" data-ccp-props=\"{&quot;134233117&quot;:false,&quot;134233118&quot;:false,&quot;335551550&quot;:0,&quot;335551620&quot;:0,&quot;335559738&quot;:240,&quot;335559739&quot;:240}\">\u00a0<\/span><\/p>\n","protected":false},"excerpt":{"rendered":"<p>Descubra as ra\u00edzes da culin\u00e1ria afro-brasileira em uma aula com a chef Simone Almeida. Voc\u00ea preparar\u00e1 uma refei\u00e7\u00e3o \u00fanica criada especialmente para esta experi\u00eancia, enquanto a chef Simone compartilha as hist\u00f3rias pessoais e culturais por tr\u00e1s de cada ingrediente local e t\u00e9cnica ancestral. Em seguida, voc\u00ea saborear\u00e1 sua cria\u00e7\u00e3o acompanhada de guarni\u00e7\u00f5es tradicionais, como farofa, [&hellip;]<\/p>\n","protected":false},"featured_media":8302,"template":"","meta":{"_acf_changed":false,"inline_featured_image":false},"product_brand":[],"product_cat":[48],"product_tag":[],"class_list":{"0":"post-8279","1":"product","2":"type-product","3":"status-publish","4":"has-post-thumbnail","6":"product_cat-experienciasx","8":"first","9":"instock","10":"virtual","11":"sold-individually","12":"purchasable","13":"product-type-booking"},"acf":[],"_links":{"self":[{"href":"https:\/\/smartlinks-web-pdn-priceless-latam.azurewebsites.net\/pt-br\/wp-json\/wp\/v2\/product\/8279","targetHints":{"allow":["GET"]}}],"collection":[{"href":"https:\/\/smartlinks-web-pdn-priceless-latam.azurewebsites.net\/pt-br\/wp-json\/wp\/v2\/product"}],"about":[{"href":"https:\/\/smartlinks-web-pdn-priceless-latam.azurewebsites.net\/pt-br\/wp-json\/wp\/v2\/types\/product"}],"wp:featuredmedia":[{"embeddable":true,"href":"https:\/\/smartlinks-web-pdn-priceless-latam.azurewebsites.net\/pt-br\/wp-json\/wp\/v2\/media\/8302"}],"wp:attachment":[{"href":"https:\/\/smartlinks-web-pdn-priceless-latam.azurewebsites.net\/pt-br\/wp-json\/wp\/v2\/media?parent=8279"}],"wp:term":[{"taxonomy":"product_brand","embeddable":true,"href":"https:\/\/smartlinks-web-pdn-priceless-latam.azurewebsites.net\/pt-br\/wp-json\/wp\/v2\/product_brand?post=8279"},{"taxonomy":"product_cat","embeddable":true,"href":"https:\/\/smartlinks-web-pdn-priceless-latam.azurewebsites.net\/pt-br\/wp-json\/wp\/v2\/product_cat?post=8279"},{"taxonomy":"product_tag","embeddable":true,"href":"https:\/\/smartlinks-web-pdn-priceless-latam.azurewebsites.net\/pt-br\/wp-json\/wp\/v2\/product_tag?post=8279"}],"curies":[{"name":"wp","href":"https:\/\/api.w.org\/{rel}","templated":true}]}}