{"id":8318,"date":"2025-08-12T17:10:29","date_gmt":"2025-08-12T22:10:29","guid":{"rendered":"https:\/\/experienciaslatam.com\/?post_type=product&#038;p=8318"},"modified":"2025-08-13T09:59:21","modified_gmt":"2025-08-13T14:59:21","slug":"crie-memorias-para-a-vida-toda-em-um-ensaio-fotografico-privado-no-deserto-sob-as-estrelas","status":"publish","type":"product","link":"https:\/\/smartlinks-web-pdn-priceless-latam.azurewebsites.net\/pt-br\/experienciasx\/crie-memorias-para-a-vida-toda-em-um-ensaio-fotografico-privado-no-deserto-sob-as-estrelas\/","title":{"rendered":"Crie mem\u00f3rias para a vida toda em um ensaio fotogr\u00e1fico privado no deserto sob as estrelas"},"content":{"rendered":"<p><span class=\"TextRun SCXW22432839 BCX8\" lang=\"EN-US\" xml:lang=\"EN-US\" data-contrast=\"auto\"><span class=\"NormalTextRun SCXW22432839 BCX8\">Aventure-se <\/span><span class=\"NormalTextRun SpellingErrorV2Themed SCXW22432839 BCX8\">na<\/span><span class=\"NormalTextRun SCXW22432839 BCX8\"> surreal <\/span><span class=\"NormalTextRun SpellingErrorV2Themed SCXW22432839 BCX8\">Cordilheira<\/span><span class=\"NormalTextRun SCXW22432839 BCX8\"> de Sal do Deserto do Atacama, no Chile, para um tour <\/span><span class=\"NormalTextRun SpellingErrorV2Themed SCXW22432839 BCX8\">noturno<\/span><span class=\"NormalTextRun SCXW22432839 BCX8\"> privado e um <\/span><span class=\"NormalTextRun SpellingErrorV2Themed SCXW22432839 BCX8\">ensaio<\/span> <span class=\"NormalTextRun SpellingErrorV2Themed SCXW22432839 BCX8\">fotogr\u00e1fico<\/span><span class=\"NormalTextRun SCXW22432839 BCX8\"> sob um dos <\/span><span class=\"NormalTextRun SpellingErrorV2Themed SCXW22432839 BCX8\">c\u00e9us<\/span> <span class=\"NormalTextRun SpellingErrorV2Themed SCXW22432839 BCX8\">mais<\/span> <span class=\"NormalTextRun SpellingErrorV2Themed SCXW22432839 BCX8\">limpos<\/span><span class=\"NormalTextRun SCXW22432839 BCX8\"> do <\/span><span class=\"NormalTextRun SpellingErrorV2Themed SCXW22432839 BCX8\">mundo<\/span><span class=\"NormalTextRun SCXW22432839 BCX8\">. <\/span><span class=\"NormalTextRun SpellingErrorV2Themed SCXW22432839 BCX8\">Voc\u00ea<\/span> <span class=\"NormalTextRun SpellingErrorV2Themed SCXW22432839 BCX8\">explorar\u00e1<\/span><span class=\"NormalTextRun SCXW22432839 BCX8\"> um local de <\/span><span class=\"NormalTextRun SpellingErrorV2Themed SCXW22432839 BCX8\">observa\u00e7\u00e3o<\/span><span class=\"NormalTextRun SCXW22432839 BCX8\"> de <\/span><span class=\"NormalTextRun SpellingErrorV2Themed SCXW22432839 BCX8\">estrelas<\/span> <span class=\"NormalTextRun SpellingErrorV2Themed SCXW22432839 BCX8\">isolado<\/span><span class=\"NormalTextRun SCXW22432839 BCX8\">, <\/span><span class=\"NormalTextRun SpellingErrorV2Themed SCXW22432839 BCX8\">longe<\/span><span class=\"NormalTextRun SCXW22432839 BCX8\"> das <\/span><span class=\"NormalTextRun SpellingErrorV2Themed SCXW22432839 BCX8\">multid\u00f5es<\/span><span class=\"NormalTextRun SCXW22432839 BCX8\"> e da <\/span><span class=\"NormalTextRun SpellingErrorV2Themed SCXW22432839 BCX8\">polui\u00e7\u00e3o<\/span> <span class=\"NormalTextRun SpellingErrorV2Themed SCXW22432839 BCX8\">luminosa<\/span><span class=\"NormalTextRun SCXW22432839 BCX8\">, <\/span><span class=\"NormalTextRun SpellingErrorV2Themed SCXW22432839 BCX8\">em<\/span><span class=\"NormalTextRun SCXW22432839 BCX8\"> um <\/span><span class=\"NormalTextRun SpellingErrorV2Themed SCXW22432839 BCX8\">grupo<\/span> <span class=\"NormalTextRun SpellingErrorV2Themed SCXW22432839 BCX8\">\u00edntimo<\/span> <span class=\"NormalTextRun SpellingErrorV2Themed SCXW22432839 BCX8\">limitado<\/span><span class=\"NormalTextRun SCXW22432839 BCX8\"> a <\/span><span class=\"NormalTextRun SpellingErrorV2Themed SCXW22432839 BCX8\">apenas<\/span><span class=\"NormalTextRun SCXW22432839 BCX8\"> duas a <\/span><span class=\"NormalTextRun SpellingErrorV2Themed SCXW22432839 BCX8\">quatro<\/span> <span class=\"NormalTextRun SpellingErrorV2Themed SCXW22432839 BCX8\">pessoas<\/span><span class=\"NormalTextRun SCXW22432839 BCX8\">, <\/span><span class=\"NormalTextRun SpellingErrorV2Themed SCXW22432839 BCX8\">guiado<\/span> <span class=\"NormalTextRun SpellingErrorV2Themed SCXW22432839 BCX8\">por<\/span><span class=\"NormalTextRun SCXW22432839 BCX8\"> um <\/span><span class=\"NormalTextRun SpellingErrorV2Themed SCXW22432839 BCX8\">fot\u00f3grafo<\/span> <span class=\"NormalTextRun SpellingErrorV2Themed SCXW22432839 BCX8\">experiente<\/span><span class=\"NormalTextRun SCXW22432839 BCX8\"> que <\/span><span class=\"NormalTextRun SpellingErrorV2Themed SCXW22432839 BCX8\">compartilhar\u00e1<\/span> <span class=\"NormalTextRun SpellingErrorV2Themed SCXW22432839 BCX8\">informa\u00e7\u00f5es<\/span> <span class=\"NormalTextRun SpellingErrorV2Themed SCXW22432839 BCX8\">sobre<\/span><span class=\"NormalTextRun SCXW22432839 BCX8\"> o <\/span><span class=\"NormalTextRun SpellingErrorV2Themed SCXW22432839 BCX8\">ambiente<\/span><span class=\"NormalTextRun SCXW22432839 BCX8\"> natural, a <\/span><span class=\"NormalTextRun SpellingErrorV2Themed SCXW22432839 BCX8\">cultura<\/span><span class=\"NormalTextRun SCXW22432839 BCX8\"> local e as <\/span><span class=\"NormalTextRun SpellingErrorV2Themed SCXW22432839 BCX8\">melhores<\/span> <span class=\"NormalTextRun SpellingErrorV2Themed SCXW22432839 BCX8\">formas<\/span><span class=\"NormalTextRun SCXW22432839 BCX8\"> de registrar a <\/span><span class=\"NormalTextRun SpellingErrorV2Themed SCXW22432839 BCX8\">paisagem<\/span> <span class=\"NormalTextRun SpellingErrorV2Themed SCXW22432839 BCX8\">estrelada<\/span><span class=\"NormalTextRun SCXW22432839 BCX8\"> com <\/span><span class=\"NormalTextRun SpellingErrorV2Themed SCXW22432839 BCX8\">astrofotografia<\/span><span class=\"NormalTextRun SCXW22432839 BCX8\">. L\u00e1, <\/span><span class=\"NormalTextRun SpellingErrorV2Themed SCXW22432839 BCX8\">voc\u00ea<\/span> <span class=\"NormalTextRun SpellingErrorV2Themed SCXW22432839 BCX8\">posar\u00e1<\/span><span class=\"NormalTextRun SCXW22432839 BCX8\"> com <\/span><span class=\"NormalTextRun SpellingErrorV2Themed SCXW22432839 BCX8\">orienta\u00e7\u00e3o<\/span> <span class=\"NormalTextRun SpellingErrorV2Themed SCXW22432839 BCX8\">profissional<\/span><span class=\"NormalTextRun SCXW22432839 BCX8\"> e <\/span><span class=\"NormalTextRun SpellingErrorV2Themed SCXW22432839 BCX8\">ter\u00e1<\/span> <span class=\"NormalTextRun SpellingErrorV2Themed SCXW22432839 BCX8\">sua<\/span> <span class=\"NormalTextRun SpellingErrorV2Themed SCXW22432839 BCX8\">silhueta<\/span> <span class=\"NormalTextRun SpellingErrorV2Themed SCXW22432839 BCX8\">capturada<\/span> <span class=\"NormalTextRun SpellingErrorV2Themed SCXW22432839 BCX8\">em<\/span> <span class=\"NormalTextRun SpellingErrorV2Themed SCXW22432839 BCX8\">meio<\/span><span class=\"NormalTextRun SCXW22432839 BCX8\"> \u00e0 <\/span><span class=\"NormalTextRun SpellingErrorV2Themed SCXW22432839 BCX8\">paisagem<\/span> <span class=\"NormalTextRun SpellingErrorV2Themed SCXW22432839 BCX8\">c\u00f3smica<\/span> <span class=\"NormalTextRun SpellingErrorV2Themed SCXW22432839 BCX8\">em<\/span> <span class=\"NormalTextRun SpellingErrorV2Themed SCXW22432839 BCX8\">uma<\/span> <span class=\"NormalTextRun SpellingErrorV2Themed SCXW22432839 BCX8\">s\u00e9rie<\/span><span class=\"NormalTextRun SCXW22432839 BCX8\"> de <\/span><span class=\"NormalTextRun SpellingErrorV2Themed SCXW22432839 BCX8\">cinco<\/span> <span class=\"NormalTextRun SpellingErrorV2Themed SCXW22432839 BCX8\">fotos<\/span> <span class=\"NormalTextRun SpellingErrorV2Themed SCXW22432839 BCX8\">editadas<\/span> <span class=\"NormalTextRun SpellingErrorV2Themed SCXW22432839 BCX8\">profissionalmente<\/span><span class=\"NormalTextRun SCXW22432839 BCX8\">, que <\/span><span class=\"NormalTextRun SpellingErrorV2Themed SCXW22432839 BCX8\">receber\u00e1<\/span> <span class=\"NormalTextRun SpellingErrorV2Themed SCXW22432839 BCX8\">por<\/span><span class=\"NormalTextRun SCXW22432839 BCX8\"> e-mail <\/span><span class=\"NormalTextRun SpellingErrorV2Themed SCXW22432839 BCX8\">em<\/span> <span class=\"NormalTextRun SpellingErrorV2Themed SCXW22432839 BCX8\">at\u00e9<\/span> <span class=\"NormalTextRun SpellingErrorV2Themed SCXW22432839 BCX8\">dois<\/span> <span class=\"NormalTextRun SpellingErrorV2Themed SCXW22432839 BCX8\">dias<\/span><span class=\"NormalTextRun SCXW22432839 BCX8\">. <\/span><span class=\"NormalTextRun SpellingErrorV2Themed SCXW22432839 BCX8\">Al\u00e9m<\/span> <span class=\"NormalTextRun SpellingErrorV2Themed SCXW22432839 BCX8\">disso<\/span><span class=\"NormalTextRun SCXW22432839 BCX8\">, <\/span><span class=\"NormalTextRun SpellingErrorV2Themed SCXW22432839 BCX8\">ap\u00f3s<\/span><span class=\"NormalTextRun SCXW22432839 BCX8\"> a <\/span><span class=\"NormalTextRun SpellingErrorV2Themed SCXW22432839 BCX8\">sess\u00e3o<\/span><span class=\"NormalTextRun SCXW22432839 BCX8\">, <\/span><span class=\"NormalTextRun SpellingErrorV2Themed SCXW22432839 BCX8\">relaxar\u00e1<\/span><span class=\"NormalTextRun SCXW22432839 BCX8\"> com <\/span><span class=\"NormalTextRun SpellingErrorV2Themed SCXW22432839 BCX8\">uma<\/span> <span class=\"NormalTextRun SpellingErrorV2Themed SCXW22432839 BCX8\">bebida<\/span> <span class=\"NormalTextRun SpellingErrorV2Themed SCXW22432839 BCX8\">quente<\/span><span class=\"NormalTextRun SCXW22432839 BCX8\"> e um snack sob as <\/span><span class=\"NormalTextRun SpellingErrorV2Themed SCXW22432839 BCX8\">estrelas<\/span><span class=\"NormalTextRun SCXW22432839 BCX8\">. Exclusivo para <\/span><span class=\"NormalTextRun SpellingErrorV2Themed SCXW22432839 BCX8\">portadores<\/span><span class=\"NormalTextRun SCXW22432839 BCX8\"> de <\/span><span class=\"NormalTextRun SpellingErrorV2Themed SCXW22432839 BCX8\">cart\u00e3o<\/span><span class=\"NormalTextRun SCXW22432839 BCX8\"> Mastercard.<\/span><\/span><span class=\"EOP SCXW22432839 BCX8\" data-ccp-props=\"{&quot;134233117&quot;:false,&quot;134233118&quot;:false,&quot;335559738&quot;:240,&quot;335559739&quot;:240}\">\u00a0<\/span><\/p>\n","protected":false},"excerpt":{"rendered":"<p>Aventure-se na surreal Cordilheira de Sal do Deserto do Atacama, no Chile, para um tour noturno privado e um ensaio fotogr\u00e1fico sob um dos c\u00e9us mais limpos do mundo. Voc\u00ea explorar\u00e1 um local de observa\u00e7\u00e3o de estrelas isolado, longe das multid\u00f5es e da polui\u00e7\u00e3o luminosa, em um grupo \u00edntimo limitado a apenas duas a quatro [&hellip;]<\/p>\n","protected":false},"featured_media":8320,"template":"","meta":{"_acf_changed":false,"inline_featured_image":false},"product_brand":[],"product_cat":[48],"product_tag":[],"class_list":{"0":"post-8318","1":"product","2":"type-product","3":"status-publish","4":"has-post-thumbnail","6":"product_cat-experienciasx","8":"first","9":"instock","10":"virtual","11":"sold-individually","12":"purchasable","13":"product-type-booking"},"acf":[],"_links":{"self":[{"href":"https:\/\/smartlinks-web-pdn-priceless-latam.azurewebsites.net\/pt-br\/wp-json\/wp\/v2\/product\/8318","targetHints":{"allow":["GET"]}}],"collection":[{"href":"https:\/\/smartlinks-web-pdn-priceless-latam.azurewebsites.net\/pt-br\/wp-json\/wp\/v2\/product"}],"about":[{"href":"https:\/\/smartlinks-web-pdn-priceless-latam.azurewebsites.net\/pt-br\/wp-json\/wp\/v2\/types\/product"}],"wp:featuredmedia":[{"embeddable":true,"href":"https:\/\/smartlinks-web-pdn-priceless-latam.azurewebsites.net\/pt-br\/wp-json\/wp\/v2\/media\/8320"}],"wp:attachment":[{"href":"https:\/\/smartlinks-web-pdn-priceless-latam.azurewebsites.net\/pt-br\/wp-json\/wp\/v2\/media?parent=8318"}],"wp:term":[{"taxonomy":"product_brand","embeddable":true,"href":"https:\/\/smartlinks-web-pdn-priceless-latam.azurewebsites.net\/pt-br\/wp-json\/wp\/v2\/product_brand?post=8318"},{"taxonomy":"product_cat","embeddable":true,"href":"https:\/\/smartlinks-web-pdn-priceless-latam.azurewebsites.net\/pt-br\/wp-json\/wp\/v2\/product_cat?post=8318"},{"taxonomy":"product_tag","embeddable":true,"href":"https:\/\/smartlinks-web-pdn-priceless-latam.azurewebsites.net\/pt-br\/wp-json\/wp\/v2\/product_tag?post=8318"}],"curies":[{"name":"wp","href":"https:\/\/api.w.org\/{rel}","templated":true}]}}