{"id":8377,"date":"2025-08-13T08:48:37","date_gmt":"2025-08-13T13:48:37","guid":{"rendered":"https:\/\/experienciaslatam.com\/?post_type=product&#038;p=8377"},"modified":"2026-03-26T16:13:23","modified_gmt":"2026-03-26T21:13:23","slug":"caminhe-pela-rota-menos-percorrida-ate-o-cristo-redentor","status":"publish","type":"product","link":"https:\/\/smartlinks-web-pdn-priceless-latam.azurewebsites.net\/pt-br\/experienciasx\/caminhe-pela-rota-menos-percorrida-ate-o-cristo-redentor\/","title":{"rendered":"Caminhe pela rota menos percorrida at\u00e9 o Cristo Redentor"},"content":{"rendered":"<p><span class=\"TextRun SCXW125331489 BCX8\" lang=\"ES-ES\" xml:lang=\"ES-ES\" data-contrast=\"auto\"><span class=\"NormalTextRun SpellingErrorV2Themed SCXW125331489 BCX8\">Caminhe<\/span><span class=\"NormalTextRun SCXW125331489 BCX8\"> at\u00e9 o Cristo Redentor por <\/span><span class=\"NormalTextRun SpellingErrorV2Themed SCXW125331489 BCX8\">uma<\/span><span class=\"NormalTextRun SCXW125331489 BCX8\"> rota menos <\/span><span class=\"NormalTextRun SpellingErrorV2Themed SCXW125331489 BCX8\">percorrida<\/span> <span class=\"NormalTextRun SpellingErrorV2Themed SCXW125331489 BCX8\">com<\/span> <span class=\"NormalTextRun SpellingErrorV2Themed SCXW125331489 BCX8\">um<\/span><span class=\"NormalTextRun SCXW125331489 BCX8\"> especialista em ecoturismo certificado e desfrute de <\/span><span class=\"NormalTextRun SpellingErrorV2Themed SCXW125331489 BCX8\">um<\/span><span class=\"NormalTextRun SCXW125331489 BCX8\"> delicioso caf\u00e9 da <\/span><span class=\"NormalTextRun SpellingErrorV2Themed SCXW125331489 BCX8\">manh\u00e3<\/span><span class=\"NormalTextRun SCXW125331489 BCX8\"> brasileiro. <\/span><span class=\"NormalTextRun SpellingErrorV2Themed SCXW125331489 BCX8\">Voc\u00ea<\/span> <span class=\"NormalTextRun SpellingErrorV2Themed SCXW125331489 BCX8\">come\u00e7ar\u00e1<\/span><span class=\"NormalTextRun SCXW125331489 BCX8\"> a subida por <\/span><span class=\"NormalTextRun SpellingErrorV2Themed SCXW125331489 BCX8\">uma<\/span><span class=\"NormalTextRun SCXW125331489 BCX8\"> tranquila <\/span><span class=\"NormalTextRun SpellingErrorV2Themed SCXW125331489 BCX8\">trilha<\/span> <span class=\"NormalTextRun SpellingErrorV2Themed SCXW125331489 BCX8\">na<\/span><span class=\"NormalTextRun SCXW125331489 BCX8\"> floresta tropical. De <\/span><span class=\"NormalTextRun SpellingErrorV2Themed SCXW125331489 BCX8\">l\u00e1<\/span><span class=\"NormalTextRun SCXW125331489 BCX8\">, seguir\u00e1 pelo Parque Nacional da <\/span><span class=\"NormalTextRun SpellingErrorV2Themed SCXW125331489 BCX8\">Tijuca<\/span><span class=\"NormalTextRun SCXW125331489 BCX8\"> at\u00e9 <\/span><span class=\"NormalTextRun SpellingErrorV2Themed SCXW125331489 BCX8\">um<\/span><span class=\"NormalTextRun SCXW125331489 BCX8\"> mirante <\/span><span class=\"NormalTextRun SpellingErrorV2Themed SCXW125331489 BCX8\">isolado<\/span><span class=\"NormalTextRun SCXW125331489 BCX8\">, onde saborear\u00e1 <\/span><span class=\"NormalTextRun SpellingErrorV2Themed SCXW125331489 BCX8\">um<\/span><span class=\"NormalTextRun SCXW125331489 BCX8\"> caf\u00e9 da <\/span><span class=\"NormalTextRun SpellingErrorV2Themed SCXW125331489 BCX8\">manh\u00e3<\/span> <span class=\"NormalTextRun SpellingErrorV2Themed SCXW125331489 BCX8\">com<\/span> <span class=\"NormalTextRun SpellingErrorV2Themed SCXW125331489 BCX8\">sandu\u00edches<\/span><span class=\"NormalTextRun SCXW125331489 BCX8\">, frutas, caf\u00e9 e <\/span><span class=\"NormalTextRun SpellingErrorV2Themed SCXW125331489 BCX8\">tradicionais<\/span><span class=\"NormalTextRun SCXW125331489 BCX8\"> bolos de tapioca. Em seguida, seguir\u00e1 para o topo para vistas <\/span><span class=\"NormalTextRun SpellingErrorV2Themed SCXW125331489 BCX8\">panor\u00e2micas<\/span><span class=\"NormalTextRun SCXW125331489 BCX8\"> do Rio. <\/span><span class=\"NormalTextRun SpellingErrorV2Themed SCXW125331489 BCX8\">Voc\u00ea<\/span><span class=\"NormalTextRun SCXW125331489 BCX8\"> concluir\u00e1 <\/span><span class=\"NormalTextRun SpellingErrorV2Themed SCXW125331489 BCX8\">sua<\/span><span class=\"NormalTextRun SCXW125331489 BCX8\"> jornada <\/span><span class=\"NormalTextRun SpellingErrorV2Themed SCXW125331489 BCX8\">com<\/span> <span class=\"NormalTextRun SpellingErrorV2Themed SCXW125331489 BCX8\">um<\/span> <span class=\"NormalTextRun SpellingErrorV2Themed SCXW125331489 BCX8\">passeio<\/span><span class=\"NormalTextRun SCXW125331489 BCX8\"> no <\/span><span class=\"NormalTextRun SpellingErrorV2Themed SCXW125331489 BCX8\">trem<\/span> <span class=\"NormalTextRun SpellingErrorV2Themed SCXW125331489 BCX8\">cl\u00e1ssico<\/span><span class=\"NormalTextRun SCXW125331489 BCX8\"> do Corcovado. Exclusivo para portadores de <\/span><span class=\"NormalTextRun SpellingErrorV2Themed SCXW125331489 BCX8\">cart\u00e3o<\/span> <span class=\"NormalTextRun SpellingErrorV2Themed SCXW125331489 BCX8\">Mastercard<\/span><span class=\"NormalTextRun SCXW125331489 BCX8\">.<\/span><\/span><span class=\"EOP SCXW125331489 BCX8\" data-ccp-props=\"{&quot;134233117&quot;:false,&quot;134233118&quot;:false,&quot;335551550&quot;:0,&quot;335551620&quot;:0,&quot;335559738&quot;:240,&quot;335559739&quot;:240}\">\u00a0<\/span><\/p>\n","protected":false},"excerpt":{"rendered":"<p>Caminhe at\u00e9 o Cristo Redentor por uma rota menos percorrida com um especialista em ecoturismo certificado e desfrute de um delicioso caf\u00e9 da manh\u00e3 brasileiro. Voc\u00ea come\u00e7ar\u00e1 a subida por uma tranquila trilha na floresta tropical. De l\u00e1, seguir\u00e1 pelo Parque Nacional da Tijuca at\u00e9 um mirante isolado, onde saborear\u00e1 um caf\u00e9 da manh\u00e3 com [&hellip;]<\/p>\n","protected":false},"featured_media":8396,"template":"","meta":{"_acf_changed":false,"inline_featured_image":false},"product_brand":[],"product_cat":[48],"product_tag":[],"class_list":{"0":"post-8377","1":"product","2":"type-product","3":"status-publish","4":"has-post-thumbnail","6":"product_cat-experienciasx","8":"first","9":"instock","10":"virtual","11":"sold-individually","12":"purchasable","13":"product-type-booking"},"acf":[],"_links":{"self":[{"href":"https:\/\/smartlinks-web-pdn-priceless-latam.azurewebsites.net\/pt-br\/wp-json\/wp\/v2\/product\/8377","targetHints":{"allow":["GET"]}}],"collection":[{"href":"https:\/\/smartlinks-web-pdn-priceless-latam.azurewebsites.net\/pt-br\/wp-json\/wp\/v2\/product"}],"about":[{"href":"https:\/\/smartlinks-web-pdn-priceless-latam.azurewebsites.net\/pt-br\/wp-json\/wp\/v2\/types\/product"}],"wp:featuredmedia":[{"embeddable":true,"href":"https:\/\/smartlinks-web-pdn-priceless-latam.azurewebsites.net\/pt-br\/wp-json\/wp\/v2\/media\/8396"}],"wp:attachment":[{"href":"https:\/\/smartlinks-web-pdn-priceless-latam.azurewebsites.net\/pt-br\/wp-json\/wp\/v2\/media?parent=8377"}],"wp:term":[{"taxonomy":"product_brand","embeddable":true,"href":"https:\/\/smartlinks-web-pdn-priceless-latam.azurewebsites.net\/pt-br\/wp-json\/wp\/v2\/product_brand?post=8377"},{"taxonomy":"product_cat","embeddable":true,"href":"https:\/\/smartlinks-web-pdn-priceless-latam.azurewebsites.net\/pt-br\/wp-json\/wp\/v2\/product_cat?post=8377"},{"taxonomy":"product_tag","embeddable":true,"href":"https:\/\/smartlinks-web-pdn-priceless-latam.azurewebsites.net\/pt-br\/wp-json\/wp\/v2\/product_tag?post=8377"}],"curies":[{"name":"wp","href":"https:\/\/api.w.org\/{rel}","templated":true}]}}