{"id":8482,"date":"2025-08-15T09:54:26","date_gmt":"2025-08-15T14:54:26","guid":{"rendered":"https:\/\/experienciaslatam.com\/?post_type=product&#038;p=8482"},"modified":"2026-03-30T15:37:28","modified_gmt":"2026-03-30T20:37:28","slug":"aprenda-a-arte-da-escultura-usando-tecnicas-ancestrais-e-crie-uma-figura-autentica-em-pedra-ou-madeira","status":"publish","type":"product","link":"https:\/\/smartlinks-web-pdn-priceless-latam.azurewebsites.net\/pt-br\/experienciasx\/aprenda-a-arte-da-escultura-usando-tecnicas-ancestrais-e-crie-uma-figura-autentica-em-pedra-ou-madeira\/","title":{"rendered":"Aprenda a arte da escultura usando t\u00e9cnicas ancestrais e crie uma figura aut\u00eantica em pedra ou madeira"},"content":{"rendered":"<p><span class=\"TextRun SCXW248634752 BCX8\" lang=\"EN-US\" xml:lang=\"EN-US\" data-contrast=\"auto\"><span class=\"NormalTextRun SpellingErrorV2Themed SCXW248634752 BCX8\">Crie<\/span><span class=\"NormalTextRun SCXW248634752 BCX8\"> um moai com <\/span><span class=\"NormalTextRun SpellingErrorV2Themed SCXW248634752 BCX8\">suas<\/span> <span class=\"NormalTextRun SpellingErrorV2Themed SCXW248634752 BCX8\">pr\u00f3prias<\/span> <span class=\"NormalTextRun SpellingErrorV2Themed SCXW248634752 BCX8\">m\u00e3os<\/span> <span class=\"NormalTextRun SpellingErrorV2Themed SCXW248634752 BCX8\">em<\/span> <span class=\"NormalTextRun SpellingErrorV2Themed SCXW248634752 BCX8\">uma<\/span> <span class=\"NormalTextRun SpellingErrorV2Themed SCXW248634752 BCX8\">experi\u00eancia<\/span> <span class=\"NormalTextRun SpellingErrorV2Themed SCXW248634752 BCX8\">\u00fanica<\/span> <span class=\"NormalTextRun SpellingErrorV2Themed SCXW248634752 BCX8\">conduzida<\/span> <span class=\"NormalTextRun SpellingErrorV2Themed SCXW248634752 BCX8\">por<\/span><span class=\"NormalTextRun SCXW248634752 BCX8\"> um <\/span><span class=\"NormalTextRun SpellingErrorV2Themed SCXW248634752 BCX8\">artes\u00e3o<\/span><span class=\"NormalTextRun SCXW248634752 BCX8\"> de Rapa Nui (Ilha de P\u00e1scoa). Nesta aula especial, <\/span><span class=\"NormalTextRun SpellingErrorV2Themed SCXW248634752 BCX8\">voc\u00ea<\/span> <span class=\"NormalTextRun SpellingErrorV2Themed SCXW248634752 BCX8\">conhecer\u00e1<\/span><span class=\"NormalTextRun SCXW248634752 BCX8\"> o profundo <\/span><span class=\"NormalTextRun SpellingErrorV2Themed SCXW248634752 BCX8\">significado<\/span><span class=\"NormalTextRun SCXW248634752 BCX8\"> cultural do moai <\/span><span class=\"NormalTextRun SpellingErrorV2Themed SCXW248634752 BCX8\">enquanto<\/span><span class=\"NormalTextRun SCXW248634752 BCX8\"> um <\/span><span class=\"NormalTextRun SpellingErrorV2Themed SCXW248634752 BCX8\">artes\u00e3o<\/span><span class=\"NormalTextRun SCXW248634752 BCX8\"> local o <\/span><span class=\"NormalTextRun SpellingErrorV2Themed SCXW248634752 BCX8\">orienta<\/span><span class=\"NormalTextRun SCXW248634752 BCX8\">, <\/span><span class=\"NormalTextRun SpellingErrorV2Themed SCXW248634752 BCX8\">oferecendo<\/span> <span class=\"NormalTextRun SpellingErrorV2Themed SCXW248634752 BCX8\">instru\u00e7\u00f5es<\/span> <span class=\"NormalTextRun SpellingErrorV2Themed SCXW248634752 BCX8\">personalizadas<\/span><span class=\"NormalTextRun SCXW248634752 BCX8\"> e <\/span><span class=\"NormalTextRun SpellingErrorV2Themed SCXW248634752 BCX8\">hist\u00f3rias<\/span> <span class=\"NormalTextRun SpellingErrorV2Themed SCXW248634752 BCX8\">cheias<\/span><span class=\"NormalTextRun SCXW248634752 BCX8\"> de <\/span><span class=\"NormalTextRun SpellingErrorV2Themed SCXW248634752 BCX8\">tradi\u00e7\u00e3o<\/span><span class=\"NormalTextRun SCXW248634752 BCX8\">. <\/span><span class=\"NormalTextRun SpellingErrorV2Themed SCXW248634752 BCX8\">Escolha<\/span><span class=\"NormalTextRun SCXW248634752 BCX8\"> entre madeira <\/span><span class=\"NormalTextRun SpellingErrorV2Themed SCXW248634752 BCX8\">ou<\/span> <span class=\"NormalTextRun SpellingErrorV2Themed SCXW248634752 BCX8\">pedra<\/span><span class=\"NormalTextRun SCXW248634752 BCX8\"> e <\/span><span class=\"NormalTextRun SpellingErrorV2Themed SCXW248634752 BCX8\">esculpa<\/span> <span class=\"NormalTextRun SpellingErrorV2Themed SCXW248634752 BCX8\">sua<\/span> <span class=\"NormalTextRun SpellingErrorV2Themed SCXW248634752 BCX8\">figura<\/span> <span class=\"NormalTextRun SpellingErrorV2Themed SCXW248634752 BCX8\">usando<\/span><span class=\"NormalTextRun SCXW248634752 BCX8\"> ferramentas <\/span><span class=\"NormalTextRun SpellingErrorV2Themed SCXW248634752 BCX8\">tradicionais<\/span><span class=\"NormalTextRun SCXW248634752 BCX8\"> e <\/span><span class=\"NormalTextRun SpellingErrorV2Themed SCXW248634752 BCX8\">t\u00e9cnicas<\/span> <span class=\"NormalTextRun SpellingErrorV2Themed SCXW248634752 BCX8\">ancestrais<\/span><span class=\"NormalTextRun SCXW248634752 BCX8\">. No final, <\/span><span class=\"NormalTextRun SpellingErrorV2Themed SCXW248634752 BCX8\">leve<\/span> <span class=\"NormalTextRun SpellingErrorV2Themed SCXW248634752 BCX8\">sua<\/span> <span class=\"NormalTextRun SpellingErrorV2Themed SCXW248634752 BCX8\">escultura<\/span><span class=\"NormalTextRun SCXW248634752 BCX8\"> para casa \u2014 <\/span><span class=\"NormalTextRun SpellingErrorV2Themed SCXW248634752 BCX8\">uma<\/span> <span class=\"NormalTextRun SpellingErrorV2Themed SCXW248634752 BCX8\">lembran\u00e7a<\/span> <span class=\"NormalTextRun SpellingErrorV2Themed SCXW248634752 BCX8\">duradoura<\/span> <span class=\"NormalTextRun SpellingErrorV2Themed SCXW248634752 BCX8\">desta<\/span> <span class=\"NormalTextRun SpellingErrorV2Themed SCXW248634752 BCX8\">ilha<\/span> <span class=\"NormalTextRun SpellingErrorV2Themed SCXW248634752 BCX8\">enigm\u00e1tica<\/span><span class=\"NormalTextRun SCXW248634752 BCX8\">. Exclusivo para <\/span><span class=\"NormalTextRun SpellingErrorV2Themed SCXW248634752 BCX8\">portadores<\/span><span class=\"NormalTextRun SCXW248634752 BCX8\"> de <\/span><span class=\"NormalTextRun SpellingErrorV2Themed SCXW248634752 BCX8\">cart\u00e3o<\/span><span class=\"NormalTextRun SCXW248634752 BCX8\"> Mastercard.<\/span><\/span><span class=\"EOP SCXW248634752 BCX8\" data-ccp-props=\"{&quot;134233117&quot;:false,&quot;134233118&quot;:false,&quot;335551550&quot;:0,&quot;335551620&quot;:0,&quot;335559738&quot;:240,&quot;335559739&quot;:240}\">\u00a0<\/span><\/p>\n","protected":false},"excerpt":{"rendered":"<p>Crie um moai com suas pr\u00f3prias m\u00e3os em uma experi\u00eancia \u00fanica conduzida por um artes\u00e3o de Rapa Nui (Ilha de P\u00e1scoa). Nesta aula especial, voc\u00ea conhecer\u00e1 o profundo significado cultural do moai enquanto um artes\u00e3o local o orienta, oferecendo instru\u00e7\u00f5es personalizadas e hist\u00f3rias cheias de tradi\u00e7\u00e3o. Escolha entre madeira ou pedra e esculpa sua figura [&hellip;]<\/p>\n","protected":false},"featured_media":8496,"template":"","meta":{"_acf_changed":false,"inline_featured_image":false},"product_brand":[],"product_cat":[48],"product_tag":[],"class_list":{"0":"post-8482","1":"product","2":"type-product","3":"status-publish","4":"has-post-thumbnail","6":"product_cat-experienciasx","8":"first","9":"instock","10":"virtual","11":"sold-individually","12":"purchasable","13":"product-type-booking"},"acf":[],"_links":{"self":[{"href":"https:\/\/smartlinks-web-pdn-priceless-latam.azurewebsites.net\/pt-br\/wp-json\/wp\/v2\/product\/8482","targetHints":{"allow":["GET"]}}],"collection":[{"href":"https:\/\/smartlinks-web-pdn-priceless-latam.azurewebsites.net\/pt-br\/wp-json\/wp\/v2\/product"}],"about":[{"href":"https:\/\/smartlinks-web-pdn-priceless-latam.azurewebsites.net\/pt-br\/wp-json\/wp\/v2\/types\/product"}],"wp:featuredmedia":[{"embeddable":true,"href":"https:\/\/smartlinks-web-pdn-priceless-latam.azurewebsites.net\/pt-br\/wp-json\/wp\/v2\/media\/8496"}],"wp:attachment":[{"href":"https:\/\/smartlinks-web-pdn-priceless-latam.azurewebsites.net\/pt-br\/wp-json\/wp\/v2\/media?parent=8482"}],"wp:term":[{"taxonomy":"product_brand","embeddable":true,"href":"https:\/\/smartlinks-web-pdn-priceless-latam.azurewebsites.net\/pt-br\/wp-json\/wp\/v2\/product_brand?post=8482"},{"taxonomy":"product_cat","embeddable":true,"href":"https:\/\/smartlinks-web-pdn-priceless-latam.azurewebsites.net\/pt-br\/wp-json\/wp\/v2\/product_cat?post=8482"},{"taxonomy":"product_tag","embeddable":true,"href":"https:\/\/smartlinks-web-pdn-priceless-latam.azurewebsites.net\/pt-br\/wp-json\/wp\/v2\/product_tag?post=8482"}],"curies":[{"name":"wp","href":"https:\/\/api.w.org\/{rel}","templated":true}]}}