{"id":8535,"date":"2025-08-20T09:24:46","date_gmt":"2025-08-20T14:24:46","guid":{"rendered":"https:\/\/experienciaslatam.com\/?post_type=product&#038;p=8535"},"modified":"2026-03-26T17:18:20","modified_gmt":"2026-03-26T22:18:20","slug":"desfrute-de-um-menu-degustacao-surpresa-de-temporada-em-um-renomado-restaurante-chileno","status":"publish","type":"product","link":"https:\/\/smartlinks-web-pdn-priceless-latam.azurewebsites.net\/pt-br\/experienciasx\/desfrute-de-um-menu-degustacao-surpresa-de-temporada-em-um-renomado-restaurante-chileno\/","title":{"rendered":"Desfrute de um menu degusta\u00e7\u00e3o surpresa de temporada em um renomado restaurante chileno"},"content":{"rendered":"<p><span class=\"TextRun SCXW28922487 BCX0\" lang=\"PT-BR\" xml:lang=\"PT-BR\" data-contrast=\"auto\"><span class=\"NormalTextRun SCXW28922487 BCX0\">Delicie-se c<\/span><span class=\"NormalTextRun SpellingErrorV2Themed SCXW28922487 BCX0\">om uma e<\/span><span class=\"NormalTextRun SCXW28922487 BCX0\">xperi\u00eancia gastron\u00f4mica incompar\u00e1vel: <\/span><span class=\"NormalTextRun SpellingErrorV2Themed SCXW28922487 BCX0\">um menu<\/span><span class=\"NormalTextRun SCXW28922487 BCX0\"> s<\/span><span class=\"NormalTextRun SpellingErrorV2Themed SCXW28922487 BCX0\">urp<\/span><span class=\"NormalTextRun SCXW28922487 BCX0\">r<\/span><span class=\"NormalTextRun SpellingErrorV2Themed SCXW28922487 BCX0\">es<\/span><span class=\"NormalTextRun SCXW28922487 BCX0\">a<\/span><span class=\"NormalTextRun SpellingErrorV2Themed SCXW28922487 BCX0\"> de sei<\/span><span class=\"NormalTextRun SCXW28922487 BCX0\">s<\/span><span class=\"NormalTextRun SpellingErrorV2Themed SCXW28922487 BCX0\"> eta<\/span><span class=\"NormalTextRun SCXW28922487 BCX0\">p<\/span><span class=\"NormalTextRun SpellingErrorV2Themed SCXW28922487 BCX0\">as no <\/span><span class=\"NormalTextRun SpellingErrorV2Themed SCXW28922487 BCX0\">Eph<\/span><span class=\"NormalTextRun SpellingErrorV2Themed SCXW28922487 BCX0\">edra<\/span><span class=\"NormalTextRun SCXW28922487 BCX0\">, um dos resta<\/span><span class=\"NormalTextRun SpellingErrorV2Themed SCXW28922487 BCX0\">urante<\/span><span class=\"NormalTextRun SCXW28922487 BCX0\">s<\/span><span class=\"NormalTextRun SpellingErrorV2Themed SCXW28922487 BCX0\"> mais <\/span><span class=\"NormalTextRun SCXW28922487 BCX0\">a<\/span><span class=\"NormalTextRun SpellingErrorV2Themed SCXW28922487 BCX0\">cl<\/span><span class=\"NormalTextRun SCXW28922487 BCX0\">amados do Chile. Voc\u00ea viver\u00e1 <\/span><span class=\"NormalTextRun SpellingErrorV2Themed SCXW28922487 BCX0\">uma <\/span><\/span><span class=\"TextRun SCXW28922487 BCX0\" lang=\"PT-BR\" xml:lang=\"PT-BR\" data-contrast=\"auto\"><span class=\"NormalTextRun SpellingErrorV2Themed SCXW28922487 BCX0\">&#8220;<\/span><span class=\"NormalTextRun SCXW28922487 BCX0\">e<\/span><span class=\"NormalTextRun SpellingErrorV2Themed SCXW28922487 BCX0\">xperi\u00ean<\/span><span class=\"NormalTextRun SCXW28922487 BCX0\">c<\/span><span class=\"NormalTextRun SpellingErrorV2Themed SCXW28922487 BCX0\">ia \u00e0<\/span><span class=\"NormalTextRun SCXW28922487 BCX0\">s<\/span><span class=\"NormalTextRun SpellingErrorV2Themed SCXW28922487 BCX0\"> ceg<\/span><span class=\"NormalTextRun SCXW28922487 BCX0\">a<\/span><span class=\"NormalTextRun SpellingErrorV2Themed SCXW28922487 BCX0\">s&#8221;<\/span><\/span><span class=\"TextRun SCXW28922487 BCX0\" lang=\"PT-BR\" xml:lang=\"PT-BR\" data-contrast=\"auto\"><span class=\"NormalTextRun SpellingErrorV2Themed SCXW28922487 BCX0\"> que <\/span><span class=\"NormalTextRun SCXW28922487 BCX0\">m<\/span><span class=\"NormalTextRun SpellingErrorV2Themed SCXW28922487 BCX0\">uda <\/span><span class=\"NormalTextRun SCXW28922487 BCX0\">c<\/span><span class=\"NormalTextRun SpellingErrorV2Themed SCXW28922487 BCX0\">onf<\/span><span class=\"NormalTextRun SCXW28922487 BCX0\">o<\/span><span class=\"NormalTextRun SpellingErrorV2Themed SCXW28922487 BCX0\">rme as <\/span><span class=\"NormalTextRun SCXW28922487 BCX0\">esta\u00e7<\/span><span class=\"NormalTextRun SpellingErrorV2Themed SCXW28922487 BCX0\">\u00f5es<\/span><span class=\"NormalTextRun SCXW28922487 BCX0\">, neste popular destino de alta gas<\/span><span class=\"NormalTextRun SpellingErrorV2Themed SCXW28922487 BCX0\">tronom<\/span><span class=\"NormalTextRun SCXW28922487 BCX0\">i<\/span><span class=\"NormalTextRun SpellingErrorV2Themed SCXW28922487 BCX0\">a em San Pe<\/span><span class=\"NormalTextRun SCXW28922487 BCX0\">dr<\/span><span class=\"NormalTextRun SpellingErrorV2Themed SCXW28922487 BCX0\">o de A<\/span><span class=\"NormalTextRun SCXW28922487 BCX0\">t<\/span><span class=\"NormalTextRun SpellingErrorV2Themed SCXW28922487 BCX0\">acama<\/span><span class=\"NormalTextRun SCXW28922487 BCX0\">.<\/span><span class=\"NormalTextRun SpellingErrorV2Themed SCXW28922487 BCX0\"> Com<\/span><span class=\"NormalTextRun SCXW28922487 BCX0\">e\u00e7ar\u00e1 com o traslado<\/span><span class=\"NormalTextRun SpellingErrorV2Themed SCXW28922487 BCX0\"> do seu <\/span><span class=\"NormalTextRun SCXW28922487 BCX0\">hotel e<\/span><span class=\"NormalTextRun SpellingErrorV2Themed SCXW28922487 BCX0\"> u<\/span><span class=\"NormalTextRun SCXW28922487 BCX0\">m<\/span><span class=\"NormalTextRun SpellingErrorV2Themed SCXW28922487 BCX0\"> tr<\/span><span class=\"NormalTextRun SCXW28922487 BCX0\">ajeto relaxan<\/span><span class=\"NormalTextRun SpellingErrorV2Themed SCXW28922487 BCX0\">te at<\/span><span class=\"NormalTextRun SCXW28922487 BCX0\">\u00e9<\/span><span class=\"NormalTextRun SpellingErrorV2Themed SCXW28922487 BCX0\"> o <\/span><span class=\"NormalTextRun SCXW28922487 BCX0\">r<\/span><span class=\"NormalTextRun SpellingErrorV2Themed SCXW28922487 BCX0\">estaur<\/span><span class=\"NormalTextRun SCXW28922487 BCX0\">a<\/span><span class=\"NormalTextRun SpellingErrorV2Themed SCXW28922487 BCX0\">nte,<\/span> <span class=\"NormalTextRun SpellingErrorV2Themed SCXW28922487 BCX0\">onde <\/span><span class=\"NormalTextRun SCXW28922487 BCX0\">o<\/span><span class=\"NormalTextRun SpellingErrorV2Themed SCXW28922487 BCX0\">s p<\/span><span class=\"NormalTextRun SCXW28922487 BCX0\">r<\/span><span class=\"NormalTextRun SpellingErrorV2Themed SCXW28922487 BCX0\">opri<\/span><span class=\"NormalTextRun SCXW28922487 BCX0\">et\u00e1<\/span><span class=\"NormalTextRun SpellingErrorV2Themed SCXW28922487 BCX0\">rios o <\/span><span class=\"NormalTextRun SCXW28922487 BCX0\">r<\/span><span class=\"NormalTextRun SpellingErrorV2Themed SCXW28922487 BCX0\">eceber\u00e3o<\/span><span class=\"NormalTextRun SCXW28922487 BCX0\"> com um coqu<\/span><span class=\"NormalTextRun SpellingErrorV2Themed SCXW28922487 BCX0\">et<\/span><span class=\"NormalTextRun SCXW28922487 BCX0\">e<\/span><span class=\"NormalTextRun SpellingErrorV2Themed SCXW28922487 BCX0\">l d<\/span><span class=\"NormalTextRun SCXW28922487 BCX0\">e<\/span><span class=\"NormalTextRun SpellingErrorV2Themed SCXW28922487 BCX0\"> boas-v<\/span><span class=\"NormalTextRun SCXW28922487 BCX0\">i<\/span><span class=\"NormalTextRun SpellingErrorV2Themed SCXW28922487 BCX0\">nd<\/span><span class=\"NormalTextRun SCXW28922487 BCX0\">as e<\/span><span class=\"NormalTextRun SpellingErrorV2Themed SCXW28922487 BCX0\"> pe<\/span><span class=\"NormalTextRun SCXW28922487 BCX0\">t<\/span><span class=\"NormalTextRun SpellingErrorV2Themed SCXW28922487 BCX0\">iscos <\/span><span class=\"NormalTextRun SCXW28922487 BCX0\">no terra<\/span><span class=\"NormalTextRun SpellingErrorV2Themed SCXW28922487 BCX0\">\u00e7o <\/span><span class=\"NormalTextRun SCXW28922487 BCX0\">o<\/span><span class=\"NormalTextRun SpellingErrorV2Themed SCXW28922487 BCX0\">u n<\/span><span class=\"NormalTextRun SCXW28922487 BCX0\">o balc\u00e3<\/span><span class=\"NormalTextRun SpellingErrorV2Themed SCXW28922487 BCX0\">o do<\/span><span class=\"NormalTextRun SCXW28922487 BCX0\"> c<\/span><span class=\"NormalTextRun SpellingErrorV2Themed SCXW28922487 BCX0\">hef, e<\/span><span class=\"NormalTextRun SCXW28922487 BCX0\">n<\/span><span class=\"NormalTextRun SpellingErrorV2Themed SCXW28922487 BCX0\">quanto <\/span><span class=\"NormalTextRun SCXW28922487 BCX0\">o sol s<\/span><span class=\"NormalTextRun SpellingErrorV2Themed SCXW28922487 BCX0\">e p\u00f5e. E<\/span><span class=\"NormalTextRun SCXW28922487 BCX0\">m<\/span><span class=\"NormalTextRun SpellingErrorV2Themed SCXW28922487 BCX0\"> segui<\/span><span class=\"NormalTextRun SCXW28922487 BCX0\">d<\/span><span class=\"NormalTextRun SpellingErrorV2Themed SCXW28922487 BCX0\">a, <\/span><span class=\"NormalTextRun SCXW28922487 BCX0\">v<\/span><span class=\"NormalTextRun SpellingErrorV2Themed SCXW28922487 BCX0\">oc\u00ea des<\/span><span class=\"NormalTextRun SCXW28922487 BCX0\">c<\/span><span class=\"NormalTextRun SpellingErrorV2Themed SCXW28922487 BCX0\">obrir\u00e1 sabor<\/span><span class=\"NormalTextRun SCXW28922487 BCX0\">e<\/span><span class=\"NormalTextRun SpellingErrorV2Themed SCXW28922487 BCX0\">s loca<\/span><span class=\"NormalTextRun SCXW28922487 BCX0\">i<\/span><span class=\"NormalTextRun SpellingErrorV2Themed SCXW28922487 BCX0\">s ao<\/span> <span class=\"NormalTextRun SpellingErrorV2Themed SCXW28922487 BCX0\">long<\/span><span class=\"NormalTextRun SCXW28922487 BCX0\">o<\/span><span class=\"NormalTextRun SpellingErrorV2Themed SCXW28922487 BCX0\"> de sei<\/span><span class=\"NormalTextRun SCXW28922487 BCX0\">s<\/span><span class=\"NormalTextRun SpellingErrorV2Themed SCXW28922487 BCX0\"> p<\/span><span class=\"NormalTextRun SCXW28922487 BCX0\">r<\/span><span class=\"NormalTextRun SpellingErrorV2Themed SCXW28922487 BCX0\">atos cui<\/span><span class=\"NormalTextRun SCXW28922487 BCX0\">d<\/span><span class=\"NormalTextRun SpellingErrorV2Themed SCXW28922487 BCX0\">adosa<\/span><span class=\"NormalTextRun SCXW28922487 BCX0\">mente<\/span><span class=\"NormalTextRun SpellingErrorV2Themed SCXW28922487 BCX0\"> harmoniza<\/span><span class=\"NormalTextRun SCXW28922487 BCX0\">d<\/span><span class=\"NormalTextRun SpellingErrorV2Themed SCXW28922487 BCX0\">os<\/span> <span class=\"NormalTextRun SpellingErrorV2Themed SCXW28922487 BCX0\">com<\/span><span class=\"NormalTextRun SCXW28922487 BCX0\"> quatro <\/span><span class=\"NormalTextRun SpellingErrorV2Themed SCXW28922487 BCX0\">ta\u00e7<\/span><span class=\"NormalTextRun SCXW28922487 BCX0\">a<\/span><span class=\"NormalTextRun SpellingErrorV2Themed SCXW28922487 BCX0\">s de<\/span><span class=\"NormalTextRun SCXW28922487 BCX0\"> vinhos<\/span><span class=\"NormalTextRun SpellingErrorV2Themed SCXW28922487 BCX0\"> se<\/span><span class=\"NormalTextRun SCXW28922487 BCX0\">lecionados, apresentados pelos chefs que compartilhar\u00e3o a inspira\u00e7\u00e3o por tr\u00e1s de cada cria\u00e7\u00e3o. A noite termina com caf\u00e9 ou infus\u00e3o de ervas e um presente para lembrar dessa refei\u00e7\u00e3o inigual\u00e1vel. Exclusivo para portadores de cart\u00e3o Mastercard.<\/span><\/span><span class=\"EOP SCXW28922487 BCX0\" data-ccp-props=\"{&quot;335559738&quot;:240,&quot;335559739&quot;:240}\">\u00a0<\/span><\/p>\n","protected":false},"excerpt":{"rendered":"<p>Delicie-se com uma experi\u00eancia gastron\u00f4mica incompar\u00e1vel: um menu surpresa de seis etapas no Ephedra, um dos restaurantes mais aclamados do Chile. Voc\u00ea viver\u00e1 uma &#8220;experi\u00eancia \u00e0s cegas&#8221; que muda conforme as esta\u00e7\u00f5es, neste popular destino de alta gastronomia em San Pedro de Atacama. Come\u00e7ar\u00e1 com o traslado do seu hotel e um trajeto relaxante at\u00e9 [&hellip;]<\/p>\n","protected":false},"featured_media":8564,"template":"","meta":{"_acf_changed":false,"inline_featured_image":false},"product_brand":[],"product_cat":[48],"product_tag":[],"class_list":{"0":"post-8535","1":"product","2":"type-product","3":"status-publish","4":"has-post-thumbnail","6":"product_cat-experienciasx","8":"first","9":"instock","10":"virtual","11":"sold-individually","12":"purchasable","13":"product-type-booking"},"acf":[],"_links":{"self":[{"href":"https:\/\/smartlinks-web-pdn-priceless-latam.azurewebsites.net\/pt-br\/wp-json\/wp\/v2\/product\/8535","targetHints":{"allow":["GET"]}}],"collection":[{"href":"https:\/\/smartlinks-web-pdn-priceless-latam.azurewebsites.net\/pt-br\/wp-json\/wp\/v2\/product"}],"about":[{"href":"https:\/\/smartlinks-web-pdn-priceless-latam.azurewebsites.net\/pt-br\/wp-json\/wp\/v2\/types\/product"}],"wp:featuredmedia":[{"embeddable":true,"href":"https:\/\/smartlinks-web-pdn-priceless-latam.azurewebsites.net\/pt-br\/wp-json\/wp\/v2\/media\/8564"}],"wp:attachment":[{"href":"https:\/\/smartlinks-web-pdn-priceless-latam.azurewebsites.net\/pt-br\/wp-json\/wp\/v2\/media?parent=8535"}],"wp:term":[{"taxonomy":"product_brand","embeddable":true,"href":"https:\/\/smartlinks-web-pdn-priceless-latam.azurewebsites.net\/pt-br\/wp-json\/wp\/v2\/product_brand?post=8535"},{"taxonomy":"product_cat","embeddable":true,"href":"https:\/\/smartlinks-web-pdn-priceless-latam.azurewebsites.net\/pt-br\/wp-json\/wp\/v2\/product_cat?post=8535"},{"taxonomy":"product_tag","embeddable":true,"href":"https:\/\/smartlinks-web-pdn-priceless-latam.azurewebsites.net\/pt-br\/wp-json\/wp\/v2\/product_tag?post=8535"}],"curies":[{"name":"wp","href":"https:\/\/api.w.org\/{rel}","templated":true}]}}