{"id":8622,"date":"2025-08-20T16:16:30","date_gmt":"2025-08-20T21:16:30","guid":{"rendered":"https:\/\/experienciaslatam.com\/?post_type=product&#038;p=8622"},"modified":"2025-08-20T17:45:01","modified_gmt":"2025-08-20T22:45:01","slug":"saboreie-um-banquete-requintado-no-imu-san-cristobal-preparado-por-um-renomado-chef","status":"publish","type":"product","link":"https:\/\/smartlinks-web-pdn-priceless-latam.azurewebsites.net\/pt-br\/experienciasx\/saboreie-um-banquete-requintado-no-imu-san-cristobal-preparado-por-um-renomado-chef\/","title":{"rendered":"Saboreie um banquete requintado no IMU San Crist\u00f3bal preparado por um renomado chef"},"content":{"rendered":"<p><span class=\"TextRun SCXW63374308 BCX0\" lang=\"EN-US\" xml:lang=\"EN-US\" data-contrast=\"auto\"><span class=\"NormalTextRun SpellingErrorV2Themed SCXW63374308 BCX0\">Presenteie<\/span><span class=\"NormalTextRun SCXW63374308 BCX0\">-se com <\/span><span class=\"NormalTextRun SpellingErrorV2Themed SCXW63374308 BCX0\">uma<\/span> <span class=\"NormalTextRun SpellingErrorV2Themed SCXW63374308 BCX0\">noite<\/span> <span class=\"NormalTextRun SpellingErrorV2Themed SCXW63374308 BCX0\">gastron\u00f4mica<\/span> <span class=\"NormalTextRun SpellingErrorV2Themed SCXW63374308 BCX0\">refinada<\/span><span class=\"NormalTextRun SCXW63374308 BCX0\"> no IMU San Crist\u00f3bal, <\/span><span class=\"NormalTextRun SpellingErrorV2Themed SCXW63374308 BCX0\">em<\/span><span class=\"NormalTextRun SCXW63374308 BCX0\"> Providencia, um <\/span><span class=\"NormalTextRun SpellingErrorV2Themed SCXW63374308 BCX0\">espa\u00e7o<\/span><span class=\"NormalTextRun SCXW63374308 BCX0\"> que <\/span><span class=\"NormalTextRun SpellingErrorV2Themed SCXW63374308 BCX0\">combina<\/span> <span class=\"NormalTextRun SpellingErrorV2Themed SCXW63374308 BCX0\">perfeitamente<\/span> <span class=\"NormalTextRun SpellingErrorV2Themed SCXW63374308 BCX0\">ambiente<\/span><span class=\"NormalTextRun SCXW63374308 BCX0\"> e <\/span><span class=\"NormalTextRun SpellingErrorV2Themed SCXW63374308 BCX0\">alta<\/span> <span class=\"NormalTextRun SpellingErrorV2Themed SCXW63374308 BCX0\">culin\u00e1ria<\/span><span class=\"NormalTextRun SCXW63374308 BCX0\">. <\/span><span class=\"NormalTextRun SpellingErrorV2Themed SCXW63374308 BCX0\">Voc\u00ea<\/span><span class=\"NormalTextRun SCXW63374308 BCX0\"> se <\/span><span class=\"NormalTextRun SpellingErrorV2Themed SCXW63374308 BCX0\">encantar\u00e1<\/span> <span class=\"NormalTextRun SpellingErrorV2Themed SCXW63374308 BCX0\">enquanto<\/span><span class=\"NormalTextRun SCXW63374308 BCX0\"> a <\/span><span class=\"NormalTextRun SpellingErrorV2Themed SCXW63374308 BCX0\">renomada<\/span><span class=\"NormalTextRun SCXW63374308 BCX0\"> chef <\/span><span class=\"NormalTextRun SpellingErrorV2Themed SCXW63374308 BCX0\">chilena<\/span><span class=\"NormalTextRun SCXW63374308 BCX0\"> Javiera Palacios <\/span><span class=\"NormalTextRun SpellingErrorV2Themed SCXW63374308 BCX0\">prepara<\/span><span class=\"NormalTextRun SCXW63374308 BCX0\"> um menu <\/span><span class=\"NormalTextRun SpellingErrorV2Themed SCXW63374308 BCX0\">exclusivo<\/span><span class=\"NormalTextRun SCXW63374308 BCX0\"> para o <\/span><span class=\"NormalTextRun SpellingErrorV2Themed SCXW63374308 BCX0\">seu<\/span> <span class=\"NormalTextRun SpellingErrorV2Themed SCXW63374308 BCX0\">grupo<\/span><span class=\"NormalTextRun SCXW63374308 BCX0\">, <\/span><span class=\"NormalTextRun SpellingErrorV2Themed SCXW63374308 BCX0\">relaxando<\/span> <span class=\"NormalTextRun SpellingErrorV2Themed SCXW63374308 BCX0\">enquanto<\/span><span class=\"NormalTextRun SCXW63374308 BCX0\"> a chef <\/span><span class=\"NormalTextRun SpellingErrorV2Themed SCXW63374308 BCX0\">trabalha<\/span><span class=\"NormalTextRun SCXW63374308 BCX0\"> e, <\/span><span class=\"NormalTextRun SpellingErrorV2Themed SCXW63374308 BCX0\">ao<\/span> <span class=\"NormalTextRun SpellingErrorV2Themed SCXW63374308 BCX0\">mesmo<\/span><span class=\"NormalTextRun SCXW63374308 BCX0\"> tempo, <\/span><span class=\"NormalTextRun SpellingErrorV2Themed SCXW63374308 BCX0\">interage<\/span><span class=\"NormalTextRun SCXW63374308 BCX0\"> com <\/span><span class=\"NormalTextRun SpellingErrorV2Themed SCXW63374308 BCX0\">os<\/span> <span class=\"NormalTextRun SpellingErrorV2Themed SCXW63374308 BCX0\">convidados<\/span><span class=\"NormalTextRun SCXW63374308 BCX0\"> e <\/span><span class=\"NormalTextRun SpellingErrorV2Themed SCXW63374308 BCX0\">explica<\/span> <span class=\"NormalTextRun ContextualSpellingAndGrammarErrorV2Themed SCXW63374308 BCX0\">a<\/span> <span class=\"NormalTextRun SpellingErrorV2Themed SCXW63374308 BCX0\">inspira\u00e7\u00e3o<\/span> <span class=\"NormalTextRun SpellingErrorV2Themed SCXW63374308 BCX0\">por<\/span> <span class=\"NormalTextRun SpellingErrorV2Themed SCXW63374308 BCX0\">tr\u00e1s<\/span><span class=\"NormalTextRun SCXW63374308 BCX0\"> de <\/span><span class=\"NormalTextRun SpellingErrorV2Themed SCXW63374308 BCX0\">cada<\/span> <span class=\"NormalTextRun SpellingErrorV2Themed SCXW63374308 BCX0\">prato<\/span> <span class=\"NormalTextRun SpellingErrorV2Themed SCXW63374308 BCX0\">\u00fanico<\/span><span class=\"NormalTextRun SCXW63374308 BCX0\">. <\/span><span class=\"NormalTextRun SpellingErrorV2Themed SCXW63374308 BCX0\">Al\u00e9m<\/span> <span class=\"NormalTextRun SpellingErrorV2Themed SCXW63374308 BCX0\">disso<\/span><span class=\"NormalTextRun SCXW63374308 BCX0\">, <\/span><span class=\"NormalTextRun SpellingErrorV2Themed SCXW63374308 BCX0\">voc\u00ea<\/span> <span class=\"NormalTextRun SpellingErrorV2Themed SCXW63374308 BCX0\">receber\u00e1<\/span><span class=\"NormalTextRun SCXW63374308 BCX0\"> um <\/span><span class=\"NormalTextRun SpellingErrorV2Themed SCXW63374308 BCX0\">presente<\/span><span class=\"NormalTextRun SCXW63374308 BCX0\"> especial <\/span><span class=\"NormalTextRun SpellingErrorV2Themed SCXW63374308 BCX0\">como<\/span> <span class=\"NormalTextRun SpellingErrorV2Themed SCXW63374308 BCX0\">lembran\u00e7a<\/span> <span class=\"NormalTextRun SpellingErrorV2Themed SCXW63374308 BCX0\">saborosa<\/span> <span class=\"NormalTextRun SpellingErrorV2Themed SCXW63374308 BCX0\">desta<\/span> <span class=\"NormalTextRun SpellingErrorV2Themed SCXW63374308 BCX0\">experi\u00eancia<\/span> <span class=\"NormalTextRun SpellingErrorV2Themed SCXW63374308 BCX0\">\u00fanica<\/span><span class=\"NormalTextRun SCXW63374308 BCX0\">. <\/span><span class=\"NormalTextRun SpellingErrorV2Themed SCXW63374308 BCX0\">Exclusivo<\/span><span class=\"NormalTextRun SCXW63374308 BCX0\"> para <\/span><span class=\"NormalTextRun SpellingErrorV2Themed SCXW63374308 BCX0\">portadores<\/span><span class=\"NormalTextRun SCXW63374308 BCX0\"> de <\/span><span class=\"NormalTextRun SpellingErrorV2Themed SCXW63374308 BCX0\">cart\u00e3o<\/span><span class=\"NormalTextRun SCXW63374308 BCX0\"> Mastercard.<\/span><\/span><span class=\"EOP SCXW63374308 BCX0\" data-ccp-props=\"{&quot;134233117&quot;:false,&quot;134233118&quot;:false,&quot;335551550&quot;:0,&quot;335551620&quot;:0,&quot;335559738&quot;:240,&quot;335559739&quot;:240}\">\u00a0<\/span><\/p>\n","protected":false},"excerpt":{"rendered":"<p>Presenteie-se com uma noite gastron\u00f4mica refinada no IMU San Crist\u00f3bal, em Providencia, um espa\u00e7o que combina perfeitamente ambiente e alta culin\u00e1ria. Voc\u00ea se encantar\u00e1 enquanto a renomada chef chilena Javiera Palacios prepara um menu exclusivo para o seu grupo, relaxando enquanto a chef trabalha e, ao mesmo tempo, interage com os convidados e explica a [&hellip;]<\/p>\n","protected":false},"featured_media":8645,"template":"","meta":{"_acf_changed":false,"inline_featured_image":false},"product_brand":[],"product_cat":[48],"product_tag":[],"class_list":{"0":"post-8622","1":"product","2":"type-product","3":"status-publish","4":"has-post-thumbnail","6":"product_cat-experienciasx","8":"first","9":"instock","10":"virtual","11":"sold-individually","12":"purchasable","13":"product-type-booking"},"acf":[],"_links":{"self":[{"href":"https:\/\/smartlinks-web-pdn-priceless-latam.azurewebsites.net\/pt-br\/wp-json\/wp\/v2\/product\/8622","targetHints":{"allow":["GET"]}}],"collection":[{"href":"https:\/\/smartlinks-web-pdn-priceless-latam.azurewebsites.net\/pt-br\/wp-json\/wp\/v2\/product"}],"about":[{"href":"https:\/\/smartlinks-web-pdn-priceless-latam.azurewebsites.net\/pt-br\/wp-json\/wp\/v2\/types\/product"}],"wp:featuredmedia":[{"embeddable":true,"href":"https:\/\/smartlinks-web-pdn-priceless-latam.azurewebsites.net\/pt-br\/wp-json\/wp\/v2\/media\/8645"}],"wp:attachment":[{"href":"https:\/\/smartlinks-web-pdn-priceless-latam.azurewebsites.net\/pt-br\/wp-json\/wp\/v2\/media?parent=8622"}],"wp:term":[{"taxonomy":"product_brand","embeddable":true,"href":"https:\/\/smartlinks-web-pdn-priceless-latam.azurewebsites.net\/pt-br\/wp-json\/wp\/v2\/product_brand?post=8622"},{"taxonomy":"product_cat","embeddable":true,"href":"https:\/\/smartlinks-web-pdn-priceless-latam.azurewebsites.net\/pt-br\/wp-json\/wp\/v2\/product_cat?post=8622"},{"taxonomy":"product_tag","embeddable":true,"href":"https:\/\/smartlinks-web-pdn-priceless-latam.azurewebsites.net\/pt-br\/wp-json\/wp\/v2\/product_tag?post=8622"}],"curies":[{"name":"wp","href":"https:\/\/api.w.org\/{rel}","templated":true}]}}