{"id":8990,"date":"2025-09-23T11:56:19","date_gmt":"2025-09-23T16:56:19","guid":{"rendered":"https:\/\/experienciaslatam.com\/?post_type=product&#038;p=8990"},"modified":"2025-09-23T18:23:25","modified_gmt":"2025-09-23T23:23:25","slug":"explore-as-tradicoes-argentinas-do-churrasco-em-um-saboroso-tour-culinario","status":"publish","type":"product","link":"https:\/\/smartlinks-web-pdn-priceless-latam.azurewebsites.net\/pt-br\/experienciasx\/explore-as-tradicoes-argentinas-do-churrasco-em-um-saboroso-tour-culinario\/","title":{"rendered":"Explore as tradi\u00e7\u00f5es argentinas do churrasco em um saboroso tour culin\u00e1rio"},"content":{"rendered":"<p><span class=\"TextRun MacChromeBold SCXW223699900 BCX0\" lang=\"ES-ES\" xml:lang=\"ES-ES\" data-contrast=\"auto\"><span class=\"NormalTextRun SCXW223699900 BCX0\">Embarque em <\/span><span class=\"NormalTextRun SpellingErrorV2Themed SCXW223699900 BCX0\">uma<\/span><span class=\"NormalTextRun SCXW223699900 BCX0\"> jornada <\/span><span class=\"NormalTextRun SpellingErrorV2Themed SCXW223699900 BCX0\">culin\u00e1ria<\/span><span class=\"NormalTextRun SCXW223699900 BCX0\"> cuidadosamente <\/span><span class=\"NormalTextRun SpellingErrorV2Themed SCXW223699900 BCX0\">selecionada<\/span><span class=\"NormalTextRun SCXW223699900 BCX0\"> por Buenos Aires para <\/span><span class=\"NormalTextRun SpellingErrorV2Themed SCXW223699900 BCX0\">descobrir<\/span><span class=\"NormalTextRun SCXW223699900 BCX0\"> o <\/span><span class=\"NormalTextRun SpellingErrorV2Themed SCXW223699900 BCX0\">melhor<\/span><span class=\"NormalTextRun SCXW223699900 BCX0\"> da cultura da carne argentina.<\/span> <\/span><span class=\"TextRun SCXW223699900 BCX0\" lang=\"PT-BR\" xml:lang=\"PT-BR\" data-contrast=\"auto\"><span class=\"NormalTextRun SCXW223699900 BCX0\">Voc\u00ea come\u00e7ar\u00e1 com uma vers\u00e3o gourmet do cl\u00e1ssico <\/span><span class=\"NormalTextRun SpellingErrorV2Themed SCXW223699900 BCX0\">chorip\u00e1n<\/span><span class=\"NormalTextRun SCXW223699900 BCX0\">, que apresentar\u00e1 os sabores modernos da Argentina. Em seguida, desfrutar\u00e1 de uma experi\u00eancia gastron\u00f4mica premiada com a Estrela Verde Michelin, come\u00e7ando com embutidos de uma adega e seguida pela sua escolha de bife ou milanesa, acompanhada de guarni\u00e7\u00f5es, vinho e sobremesa em um ambiente intimista. Depois, visitar\u00e1 um espa\u00e7o elegante localizado em uma casa portenha restaurada, onde ser\u00e1 servido mais vinho e sobremesa antes de o mestre <\/span><span class=\"NormalTextRun SpellingErrorV2Themed SCXW223699900 BCX0\">parrillero<\/span><span class=\"NormalTextRun SCXW223699900 BCX0\"> lhe conceder acesso exclusivo \u00e0 grelha para uma degusta\u00e7\u00e3o privada e uma masterclass personalizada sobre fogo, sabor e tradi\u00e7\u00e3o gastron\u00f4mica local. <\/span><\/span><span class=\"TextRun MacChromeBold SCXW223699900 BCX0\" lang=\"PT-BR\" xml:lang=\"PT-BR\" data-contrast=\"auto\"><span class=\"NormalTextRun SCXW223699900 BCX0\">Exclusivo para portadores de cart\u00e3o Mastercard.<\/span><\/span><span class=\"EOP SCXW223699900 BCX0\" data-ccp-props=\"{&quot;134233117&quot;:false,&quot;134233118&quot;:false,&quot;335559738&quot;:240,&quot;335559739&quot;:240}\">\u00a0<\/span><\/p>\n","protected":false},"excerpt":{"rendered":"<p>Embarque em uma jornada culin\u00e1ria cuidadosamente selecionada por Buenos Aires para descobrir o melhor da cultura da carne argentina. Voc\u00ea come\u00e7ar\u00e1 com uma vers\u00e3o gourmet do cl\u00e1ssico chorip\u00e1n, que apresentar\u00e1 os sabores modernos da Argentina. Em seguida, desfrutar\u00e1 de uma experi\u00eancia gastron\u00f4mica premiada com a Estrela Verde Michelin, come\u00e7ando com embutidos de uma adega e [&hellip;]<\/p>\n","protected":false},"featured_media":9004,"template":"","meta":{"_acf_changed":false,"inline_featured_image":false},"product_brand":[],"product_cat":[48],"product_tag":[],"class_list":{"0":"post-8990","1":"product","2":"type-product","3":"status-publish","4":"has-post-thumbnail","6":"product_cat-experienciasx","8":"first","9":"instock","10":"virtual","11":"sold-individually","12":"purchasable","13":"product-type-booking"},"acf":[],"_links":{"self":[{"href":"https:\/\/smartlinks-web-pdn-priceless-latam.azurewebsites.net\/pt-br\/wp-json\/wp\/v2\/product\/8990","targetHints":{"allow":["GET"]}}],"collection":[{"href":"https:\/\/smartlinks-web-pdn-priceless-latam.azurewebsites.net\/pt-br\/wp-json\/wp\/v2\/product"}],"about":[{"href":"https:\/\/smartlinks-web-pdn-priceless-latam.azurewebsites.net\/pt-br\/wp-json\/wp\/v2\/types\/product"}],"wp:featuredmedia":[{"embeddable":true,"href":"https:\/\/smartlinks-web-pdn-priceless-latam.azurewebsites.net\/pt-br\/wp-json\/wp\/v2\/media\/9004"}],"wp:attachment":[{"href":"https:\/\/smartlinks-web-pdn-priceless-latam.azurewebsites.net\/pt-br\/wp-json\/wp\/v2\/media?parent=8990"}],"wp:term":[{"taxonomy":"product_brand","embeddable":true,"href":"https:\/\/smartlinks-web-pdn-priceless-latam.azurewebsites.net\/pt-br\/wp-json\/wp\/v2\/product_brand?post=8990"},{"taxonomy":"product_cat","embeddable":true,"href":"https:\/\/smartlinks-web-pdn-priceless-latam.azurewebsites.net\/pt-br\/wp-json\/wp\/v2\/product_cat?post=8990"},{"taxonomy":"product_tag","embeddable":true,"href":"https:\/\/smartlinks-web-pdn-priceless-latam.azurewebsites.net\/pt-br\/wp-json\/wp\/v2\/product_tag?post=8990"}],"curies":[{"name":"wp","href":"https:\/\/api.w.org\/{rel}","templated":true}]}}