{"id":9083,"date":"2025-10-01T17:11:21","date_gmt":"2025-10-01T22:11:21","guid":{"rendered":"https:\/\/experienciaslatam.com\/?post_type=product&#038;p=9083"},"modified":"2025-10-06T16:06:17","modified_gmt":"2025-10-06T21:06:17","slug":"viva-o-jantar-exemplar-de-degustacao-as-cegas-de-vinhos-na-casa-coupage","status":"publish","type":"product","link":"https:\/\/smartlinks-web-pdn-priceless-latam.azurewebsites.net\/pt-br\/experienciasx\/viva-o-jantar-exemplar-de-degustacao-as-cegas-de-vinhos-na-casa-coupage\/","title":{"rendered":"Viva o jantar exemplar de degusta\u00e7\u00e3o \u00e0s cegas de vinhos na Casa Coupage"},"content":{"rendered":"<p><span class=\"TextRun SCXW2132181 BCX0\" lang=\"EN-US\" xml:lang=\"EN-US\" data-contrast=\"auto\"><span class=\"NormalTextRun SCXW2132181 BCX0\">\u00a0<\/span><span class=\"NormalTextRun SpellingErrorV2Themed SCXW2132181 BCX0\">Desfrute<\/span><span class=\"NormalTextRun SCXW2132181 BCX0\"> dos <\/span><span class=\"NormalTextRun SpellingErrorV2Themed SCXW2132181 BCX0\">melhores<\/span><span class=\"NormalTextRun SCXW2132181 BCX0\"> vinhos <\/span><span class=\"NormalTextRun SpellingErrorV2Themed SCXW2132181 BCX0\">que<\/span> <span class=\"NormalTextRun ContextualSpellingAndGrammarErrorV2Themed SCXW2132181 BCX0\">a<\/span><span class=\"NormalTextRun SCXW2132181 BCX0\"> Argentina <\/span><span class=\"NormalTextRun SpellingErrorV2Themed SCXW2132181 BCX0\">tem<\/span> <span class=\"NormalTextRun ContextualSpellingAndGrammarErrorV2Themed SCXW2132181 BCX0\">a<\/span> <span class=\"NormalTextRun SpellingErrorV2Themed SCXW2132181 BCX0\">oferecer<\/span> <span class=\"NormalTextRun SpellingErrorV2Themed SCXW2132181 BCX0\">na<\/span><span class=\"NormalTextRun SCXW2132181 BCX0\"> Casa <\/span><span class=\"NormalTextRun SpellingErrorV2Themed SCXW2132181 BCX0\">Coupage<\/span><span class=\"NormalTextRun SCXW2132181 BCX0\">. Ao <\/span><span class=\"NormalTextRun SpellingErrorV2Themed SCXW2132181 BCX0\">longo<\/span><span class=\"NormalTextRun SCXW2132181 BCX0\"> de <\/span><span class=\"NormalTextRun SpellingErrorV2Themed SCXW2132181 BCX0\">sete<\/span> <span class=\"NormalTextRun SpellingErrorV2Themed SCXW2132181 BCX0\">pratos<\/span><span class=\"NormalTextRun SCXW2132181 BCX0\"> da <\/span><span class=\"NormalTextRun SpellingErrorV2Themed SCXW2132181 BCX0\">culin\u00e1ria<\/span> <span class=\"NormalTextRun SpellingErrorV2Themed SCXW2132181 BCX0\">contempor\u00e2nea<\/span><span class=\"NormalTextRun SCXW2132181 BCX0\"> e <\/span><span class=\"NormalTextRun SpellingErrorV2Themed SCXW2132181 BCX0\">sazonal<\/span><span class=\"NormalTextRun SCXW2132181 BCX0\">, <\/span><span class=\"NormalTextRun SpellingErrorV2Themed SCXW2132181 BCX0\">voc\u00ea<\/span> <span class=\"NormalTextRun SpellingErrorV2Themed SCXW2132181 BCX0\">degustar\u00e1<\/span> <span class=\"NormalTextRun SpellingErrorV2Themed SCXW2132181 BCX0\">uma<\/span> <span class=\"NormalTextRun SpellingErrorV2Themed SCXW2132181 BCX0\">sele\u00e7\u00e3o<\/span><span class=\"NormalTextRun SCXW2132181 BCX0\"> de vinhos <\/span><span class=\"NormalTextRun SpellingErrorV2Themed SCXW2132181 BCX0\">argentinos<\/span><span class=\"NormalTextRun SCXW2132181 BCX0\"> de <\/span><span class=\"NormalTextRun SpellingErrorV2Themed SCXW2132181 BCX0\">alt\u00edssima<\/span> <span class=\"NormalTextRun SpellingErrorV2Themed SCXW2132181 BCX0\">qualidade<\/span><span class=\"NormalTextRun SCXW2132181 BCX0\">. Eles <\/span><span class=\"NormalTextRun SpellingErrorV2Themed SCXW2132181 BCX0\">v\u00e3o<\/span> <span class=\"NormalTextRun SpellingErrorV2Themed SCXW2132181 BCX0\">desde<\/span> <span class=\"NormalTextRun SpellingErrorV2Themed SCXW2132181 BCX0\">r\u00f3tulos<\/span><span class=\"NormalTextRun SCXW2132181 BCX0\"> de <\/span><span class=\"NormalTextRun SpellingErrorV2Themed SCXW2132181 BCX0\">vin\u00edcolas<\/span> <span class=\"NormalTextRun SpellingErrorV2Themed SCXW2132181 BCX0\">renomadas<\/span> <span class=\"NormalTextRun SpellingErrorV2Themed SCXW2132181 BCX0\">mundialmente<\/span> <span class=\"NormalTextRun SpellingErrorV2Themed SCXW2132181 BCX0\">at\u00e9<\/span> <span class=\"NormalTextRun SpellingErrorV2Themed SCXW2132181 BCX0\">pequenos<\/span> <span class=\"NormalTextRun SpellingErrorV2Themed SCXW2132181 BCX0\">produtores<\/span><span class=\"NormalTextRun SCXW2132181 BCX0\">, <\/span><span class=\"NormalTextRun SpellingErrorV2Themed SCXW2132181 BCX0\">todos<\/span> <span class=\"NormalTextRun SpellingErrorV2Themed SCXW2132181 BCX0\">escolhidos<\/span><span class=\"NormalTextRun SCXW2132181 BCX0\"> com <\/span><span class=\"NormalTextRun SpellingErrorV2Themed SCXW2132181 BCX0\">maestria<\/span> <span class=\"NormalTextRun SpellingErrorV2Themed SCXW2132181 BCX0\">pelo<\/span><span class=\"NormalTextRun SCXW2132181 BCX0\"> sommelier e <\/span><span class=\"NormalTextRun SpellingErrorV2Themed SCXW2132181 BCX0\">servidos<\/span> <span class=\"NormalTextRun SpellingErrorV2Themed SCXW2132181 BCX0\">\u00e0s<\/span> <span class=\"NormalTextRun SpellingErrorV2Themed SCXW2132181 BCX0\">cegas<\/span><span class=\"NormalTextRun SCXW2132181 BCX0\"> para <\/span><span class=\"NormalTextRun SpellingErrorV2Themed SCXW2132181 BCX0\">garantir<\/span> <span class=\"NormalTextRun SpellingErrorV2Themed SCXW2132181 BCX0\">uma<\/span> <span class=\"NormalTextRun SpellingErrorV2Themed SCXW2132181 BCX0\">degusta\u00e7\u00e3o<\/span> <span class=\"NormalTextRun SpellingErrorV2Themed SCXW2132181 BCX0\">imparcial<\/span><span class=\"NormalTextRun SCXW2132181 BCX0\">. Mais <\/span><span class=\"NormalTextRun SpellingErrorV2Themed SCXW2132181 BCX0\">tarde<\/span><span class=\"NormalTextRun SCXW2132181 BCX0\">, <\/span><span class=\"NormalTextRun SpellingErrorV2Themed SCXW2132181 BCX0\">durante<\/span><span class=\"NormalTextRun SCXW2132181 BCX0\"> a <\/span><span class=\"NormalTextRun SpellingErrorV2Themed SCXW2132181 BCX0\">refei\u00e7\u00e3o<\/span><span class=\"NormalTextRun SCXW2132181 BCX0\">, <\/span><span class=\"NormalTextRun SpellingErrorV2Themed SCXW2132181 BCX0\">os<\/span> <span class=\"NormalTextRun SpellingErrorV2Themed SCXW2132181 BCX0\">r\u00f3tulos<\/span> <span class=\"NormalTextRun SpellingErrorV2Themed SCXW2132181 BCX0\">ser\u00e3o<\/span> <span class=\"NormalTextRun SpellingErrorV2Themed SCXW2132181 BCX0\">revelados<\/span><span class=\"NormalTextRun SCXW2132181 BCX0\"> e <\/span><span class=\"NormalTextRun SpellingErrorV2Themed SCXW2132181 BCX0\">discutidos<\/span><span class=\"NormalTextRun SCXW2132181 BCX0\"> \u2014 <\/span><span class=\"NormalTextRun SpellingErrorV2Themed SCXW2132181 BCX0\">quem<\/span><span class=\"NormalTextRun SCXW2132181 BCX0\"> sabe <\/span><span class=\"NormalTextRun SpellingErrorV2Themed SCXW2132181 BCX0\">voc\u00ea<\/span> <span class=\"NormalTextRun SpellingErrorV2Themed SCXW2132181 BCX0\">n\u00e3o<\/span> <span class=\"NormalTextRun SpellingErrorV2Themed SCXW2132181 BCX0\">descobre<\/span> <span class=\"NormalTextRun SpellingErrorV2Themed SCXW2132181 BCX0\">seu<\/span><span class=\"NormalTextRun SCXW2132181 BCX0\"> novo vinho <\/span><span class=\"NormalTextRun SpellingErrorV2Themed SCXW2132181 BCX0\">favorito<\/span><span class=\"NormalTextRun SCXW2132181 BCX0\">? <\/span><span class=\"NormalTextRun SpellingErrorV2Themed SCXW2132181 BCX0\">Exclusivo<\/span><span class=\"NormalTextRun SCXW2132181 BCX0\"> para <\/span><span class=\"NormalTextRun SpellingErrorV2Themed SCXW2132181 BCX0\">portadores<\/span><span class=\"NormalTextRun SCXW2132181 BCX0\"> de <\/span><span class=\"NormalTextRun SpellingErrorV2Themed SCXW2132181 BCX0\">cart\u00e3o<\/span><span class=\"NormalTextRun SCXW2132181 BCX0\"> Mastercard.<\/span><\/span><span class=\"EOP SCXW2132181 BCX0\" data-ccp-props=\"{&quot;134233117&quot;:false,&quot;134233118&quot;:false,&quot;335559738&quot;:240,&quot;335559739&quot;:240}\">\u00a0<\/span><\/p>\n","protected":false},"excerpt":{"rendered":"<p>\u00a0Desfrute dos melhores vinhos que a Argentina tem a oferecer na Casa Coupage. Ao longo de sete pratos da culin\u00e1ria contempor\u00e2nea e sazonal, voc\u00ea degustar\u00e1 uma sele\u00e7\u00e3o de vinhos argentinos de alt\u00edssima qualidade. Eles v\u00e3o desde r\u00f3tulos de vin\u00edcolas renomadas mundialmente at\u00e9 pequenos produtores, todos escolhidos com maestria pelo sommelier e servidos \u00e0s cegas para [&hellip;]<\/p>\n","protected":false},"featured_media":9085,"template":"","meta":{"_acf_changed":false,"inline_featured_image":false},"product_brand":[],"product_cat":[48],"product_tag":[],"class_list":{"0":"post-9083","1":"product","2":"type-product","3":"status-publish","4":"has-post-thumbnail","6":"product_cat-experienciasx","8":"first","9":"instock","10":"virtual","11":"sold-individually","12":"purchasable","13":"product-type-booking"},"acf":[],"_links":{"self":[{"href":"https:\/\/smartlinks-web-pdn-priceless-latam.azurewebsites.net\/pt-br\/wp-json\/wp\/v2\/product\/9083","targetHints":{"allow":["GET"]}}],"collection":[{"href":"https:\/\/smartlinks-web-pdn-priceless-latam.azurewebsites.net\/pt-br\/wp-json\/wp\/v2\/product"}],"about":[{"href":"https:\/\/smartlinks-web-pdn-priceless-latam.azurewebsites.net\/pt-br\/wp-json\/wp\/v2\/types\/product"}],"wp:featuredmedia":[{"embeddable":true,"href":"https:\/\/smartlinks-web-pdn-priceless-latam.azurewebsites.net\/pt-br\/wp-json\/wp\/v2\/media\/9085"}],"wp:attachment":[{"href":"https:\/\/smartlinks-web-pdn-priceless-latam.azurewebsites.net\/pt-br\/wp-json\/wp\/v2\/media?parent=9083"}],"wp:term":[{"taxonomy":"product_brand","embeddable":true,"href":"https:\/\/smartlinks-web-pdn-priceless-latam.azurewebsites.net\/pt-br\/wp-json\/wp\/v2\/product_brand?post=9083"},{"taxonomy":"product_cat","embeddable":true,"href":"https:\/\/smartlinks-web-pdn-priceless-latam.azurewebsites.net\/pt-br\/wp-json\/wp\/v2\/product_cat?post=9083"},{"taxonomy":"product_tag","embeddable":true,"href":"https:\/\/smartlinks-web-pdn-priceless-latam.azurewebsites.net\/pt-br\/wp-json\/wp\/v2\/product_tag?post=9083"}],"curies":[{"name":"wp","href":"https:\/\/api.w.org\/{rel}","templated":true}]}}