{"id":9983,"date":"2025-12-26T11:24:47","date_gmt":"2025-12-26T16:24:47","guid":{"rendered":"https:\/\/experienciaslatam.com\/?post_type=product&#038;p=9983"},"modified":"2026-03-25T17:13:24","modified_gmt":"2026-03-25T22:13:24","slug":"aventure-se-no-paraiso-escondido-de-observacao-de-aves-do-delta-do-parana","status":"publish","type":"product","link":"https:\/\/smartlinks-web-pdn-priceless-latam.azurewebsites.net\/pt-br\/experienciasx\/aventure-se-no-paraiso-escondido-de-observacao-de-aves-do-delta-do-parana\/","title":{"rendered":"Aventure-se no para\u00edso escondido de observa\u00e7\u00e3o de aves do Delta do Paran\u00e1"},"content":{"rendered":"<p>Parta em uma escapada privada de dois dias pela Reserva da Biosfera do Delta do Paran\u00e1, reconhecida pela UNESCO, guiado por Mat\u00edas, conservacionista, especialista em aves e fot\u00f3grafo de vida selvagem. Voc\u00ea navegar\u00e1 por canais pouco explorados, ouvir\u00e1 hist\u00f3rias de on\u00e7as e cervos-do-pantanal e observar\u00e1 de perto as aves selvagens da regi\u00e3o e outras esp\u00e9cies nativas. Ap\u00f3s um dia na \u00e1gua, descansar\u00e1 em um eco-lodge intimista, onde desfrutar\u00e1 de refei\u00e7\u00f5es caseiras com bebidas inclu\u00eddas e relaxar\u00e1 em meio \u00e0 paisagem serena. Exclusivo para portadores de cart\u00f5es Mastercard.<\/p>\n","protected":false},"excerpt":{"rendered":"<p>Parta em uma escapada privada de dois dias pela Reserva da Biosfera do Delta do Paran\u00e1, reconhecida pela UNESCO, guiado por Mat\u00edas, conservacionista, especialista em aves e fot\u00f3grafo de vida selvagem. Voc\u00ea navegar\u00e1 por canais pouco explorados, ouvir\u00e1 hist\u00f3rias de on\u00e7as e cervos-do-pantanal e observar\u00e1 de perto as aves selvagens da regi\u00e3o e outras esp\u00e9cies [&hellip;]<\/p>\n","protected":false},"featured_media":9995,"template":"","meta":{"_acf_changed":false,"inline_featured_image":false},"product_brand":[],"product_cat":[48],"product_tag":[],"class_list":{"0":"post-9983","1":"product","2":"type-product","3":"status-publish","4":"has-post-thumbnail","6":"product_cat-experienciasx","8":"first","9":"instock","10":"virtual","11":"sold-individually","12":"purchasable","13":"product-type-booking"},"acf":[],"_links":{"self":[{"href":"https:\/\/smartlinks-web-pdn-priceless-latam.azurewebsites.net\/pt-br\/wp-json\/wp\/v2\/product\/9983","targetHints":{"allow":["GET"]}}],"collection":[{"href":"https:\/\/smartlinks-web-pdn-priceless-latam.azurewebsites.net\/pt-br\/wp-json\/wp\/v2\/product"}],"about":[{"href":"https:\/\/smartlinks-web-pdn-priceless-latam.azurewebsites.net\/pt-br\/wp-json\/wp\/v2\/types\/product"}],"wp:featuredmedia":[{"embeddable":true,"href":"https:\/\/smartlinks-web-pdn-priceless-latam.azurewebsites.net\/pt-br\/wp-json\/wp\/v2\/media\/9995"}],"wp:attachment":[{"href":"https:\/\/smartlinks-web-pdn-priceless-latam.azurewebsites.net\/pt-br\/wp-json\/wp\/v2\/media?parent=9983"}],"wp:term":[{"taxonomy":"product_brand","embeddable":true,"href":"https:\/\/smartlinks-web-pdn-priceless-latam.azurewebsites.net\/pt-br\/wp-json\/wp\/v2\/product_brand?post=9983"},{"taxonomy":"product_cat","embeddable":true,"href":"https:\/\/smartlinks-web-pdn-priceless-latam.azurewebsites.net\/pt-br\/wp-json\/wp\/v2\/product_cat?post=9983"},{"taxonomy":"product_tag","embeddable":true,"href":"https:\/\/smartlinks-web-pdn-priceless-latam.azurewebsites.net\/pt-br\/wp-json\/wp\/v2\/product_tag?post=9983"}],"curies":[{"name":"wp","href":"https:\/\/api.w.org\/{rel}","templated":true}]}}